{"id":740545,"date":"2025-08-28T00:29:23","date_gmt":"2025-08-27T21:29:23","guid":{"rendered":"https:\/\/roveyayinevi.com.tr\/index.php\/urun\/hayat-ve-diger-hastaliklar\/"},"modified":"2026-04-16T02:51:24","modified_gmt":"2026-04-15T23:51:24","slug":"hayat-ve-diger-hastaliklar","status":"publish","type":"product","link":"https:\/\/roveyayinevi.com.tr\/index.php\/urun\/hayat-ve-diger-hastaliklar\/","title":{"rendered":"Hayat Ve Di\u011fer Hastal\u0131klar"},"content":{"rendered":"<p>Dr. Alper Hasano\u011flu, bu eserinde kad\u0131ndan erke\u011fe, a\u015fktan ili\u015fkilere, \u00e7ocukluk travmalar\u0131ndan i\u00e7ine d\u00fc\u015ft\u00fc\u011f\u00fcm\u00fcz varolu\u015fsal bo\u015fluklara kadar bir\u00e7ok konuda insan ruhunun derinliklerine dal\u0131yor. Orada bulduklar\u0131n\u0131 g\u00fcn y\u00fcz\u00fcne \u00e7\u0131kar\u0131p okurlar\u0131yla payla\u015f\u0131yor. Kimi zaman ilgin\u00e7, kimi zaman i\u011fneleyici, kimi zaman \u015fakac\u0131, kimi zaman da ac\u0131mas\u0131z.    Bazen anlam veremedi\u011fimiz duygu ve d\u00fc\u015f\u00fcncelerimizin bizde nas\u0131l izler b\u0131rakt\u0131\u011f\u0131n\u0131 merak edenler i\u00e7in ka\u00e7\u0131r\u0131lmamas\u0131 gereken bir \u00e7al\u0131\u015fma\u2026<\/p>\n","protected":false},"excerpt":{"rendered":"<p>Dr. Alper Hasano\u011flu, bu eserinde kad\u0131ndan erke\u011fe, a\u015fktan ili\u015fkilere, \u00e7ocukluk travmalar\u0131ndan i\u00e7ine d\u00fc\u015ft\u00fc\u011f\u00fcm\u00fcz varolu\u015fsal bo\u015fluklara kadar bir\u00e7ok konuda insan ruhunun derinliklerine dal\u0131yor. Orada bulduklar\u0131n\u0131 g\u00fcn y\u00fcz\u00fcne<span class=\"excerpt-hellip\"> [\u2026]<\/span><\/p>\n","protected":false},"featured_media":0,"template":"","meta":{"_monsterinsights_skip_tracking":false,"_monsterinsights_sitenote_active":false,"_monsterinsights_sitenote_note":"","_monsterinsights_sitenote_category":0},"product_brand":[],"product_cat":[12358,12357],"product_tag":[],"class_list":{"0":"post-740545","1":"product","2":"type-product","3":"status-publish","5":"product_cat-genel-psikoloji","6":"product_cat-psikoloji","7":"pa_cilt-ciltsiz","8":"pa_tur-kitap","9":"pa_yayinevi-pinhan-yayincilik","10":"pa_yazar-alper-hasanoglu","12":"first","13":"instock","14":"sale","15":"shipping-taxable","16":"purchasable","17":"product-type-simple"},"_links":{"self":[{"href":"https:\/\/roveyayinevi.com.tr\/index.php\/wp-json\/wp\/v2\/product\/740545","targetHints":{"allow":["GET"]}}],"collection":[{"href":"https:\/\/roveyayinevi.com.tr\/index.php\/wp-json\/wp\/v2\/product"}],"about":[{"href":"https:\/\/roveyayinevi.com.tr\/index.php\/wp-json\/wp\/v2\/types\/product"}],"wp:attachment":[{"href":"https:\/\/roveyayinevi.com.tr\/index.php\/wp-json\/wp\/v2\/media?parent=740545"}],"wp:term":[{"taxonomy":"product_brand","embeddable":true,"href":"https:\/\/roveyayinevi.com.tr\/index.php\/wp-json\/wp\/v2\/product_brand?post=740545"},{"taxonomy":"product_cat","embeddable":true,"href":"https:\/\/roveyayinevi.com.tr\/index.php\/wp-json\/wp\/v2\/product_cat?post=740545"},{"taxonomy":"product_tag","embeddable":true,"href":"https:\/\/roveyayinevi.com.tr\/index.php\/wp-json\/wp\/v2\/product_tag?post=740545"}],"curies":[{"name":"wp","href":"https:\/\/api.w.org\/{rel}","templated":true}]}}