{"id":740544,"date":"2025-08-28T00:29:22","date_gmt":"2025-08-27T21:29:22","guid":{"rendered":"https:\/\/roveyayinevi.com.tr\/index.php\/urun\/iliskilerin-gunluk-hayati\/"},"modified":"2026-04-08T02:59:23","modified_gmt":"2026-04-07T23:59:23","slug":"iliskilerin-gunluk-hayati","status":"publish","type":"product","link":"https:\/\/roveyayinevi.com.tr\/index.php\/urun\/iliskilerin-gunluk-hayati\/","title":{"rendered":"\u0130li\u015fkilerin G\u00fcnl\u00fck Hayat\u0131"},"content":{"rendered":"<p>Alper Hasano\u011flu, insan\u0131n hayat ve kendisiyle olan ili\u015fkilerini irdelemeyi s\u00fcrd\u00fcr\u00fcyor. Bu \u00e7er\u00e7eve i\u00e7inde \u0130li\u015fkilerin G\u00fcnl\u00fck Hayat\u0131\u2019nda ele ald\u0131\u011f\u0131 ba\u015fl\u0131ca konular; a\u015fk kavram\u0131 temelinde kad\u0131n ve erkek, depresyon ile hayat\u0131n ili\u015fkisi, narsist erkek ve kad\u0131n\u0131n ruh hali ba\u011f\u0131nt\u0131s\u0131 ve nihayet psikoterapinin hayat\u0131m\u0131za olumlu etkileridir. Hasano\u011flu bu arada bir psikiyatr olarak \u00e7uvald\u0131z\u0131 \u00f6nce kendine bat\u0131rmaktan da \u00e7ekinmiyor. Meslekta\u015flar\u0131n\u0131 ve temel olarak psikiyatrinin i\u015flevini mercek alt\u0131na al\u0131yor. <\/p>\n","protected":false},"excerpt":{"rendered":"<p>Alper Hasano\u011flu, insan\u0131n hayat ve kendisiyle olan ili\u015fkilerini irdelemeyi s\u00fcrd\u00fcr\u00fcyor. Bu \u00e7er\u00e7eve i\u00e7inde \u0130li\u015fkilerin G\u00fcnl\u00fck Hayat\u0131\u2019nda ele ald\u0131\u011f\u0131 ba\u015fl\u0131ca konular; a\u015fk kavram\u0131 temelinde kad\u0131n ve erkek,<span class=\"excerpt-hellip\"> [\u2026]<\/span><\/p>\n","protected":false},"featured_media":0,"template":"","meta":{"_monsterinsights_skip_tracking":false,"_monsterinsights_sitenote_active":false,"_monsterinsights_sitenote_note":"","_monsterinsights_sitenote_category":0},"product_brand":[],"product_cat":[12364,12376],"product_tag":[],"class_list":{"0":"post-740544","1":"product","2":"type-product","3":"status-publish","5":"product_cat-genel-konular","6":"product_cat-kisisel-gelisim","7":"pa_cilt-ciltsiz","8":"pa_tur-kitap","9":"pa_yayinevi-pinhan-yayincilik","10":"pa_yazar-alper-hasanoglu","12":"first","13":"instock","14":"sale","15":"shipping-taxable","16":"purchasable","17":"product-type-simple"},"_links":{"self":[{"href":"https:\/\/roveyayinevi.com.tr\/index.php\/wp-json\/wp\/v2\/product\/740544","targetHints":{"allow":["GET"]}}],"collection":[{"href":"https:\/\/roveyayinevi.com.tr\/index.php\/wp-json\/wp\/v2\/product"}],"about":[{"href":"https:\/\/roveyayinevi.com.tr\/index.php\/wp-json\/wp\/v2\/types\/product"}],"wp:attachment":[{"href":"https:\/\/roveyayinevi.com.tr\/index.php\/wp-json\/wp\/v2\/media?parent=740544"}],"wp:term":[{"taxonomy":"product_brand","embeddable":true,"href":"https:\/\/roveyayinevi.com.tr\/index.php\/wp-json\/wp\/v2\/product_brand?post=740544"},{"taxonomy":"product_cat","embeddable":true,"href":"https:\/\/roveyayinevi.com.tr\/index.php\/wp-json\/wp\/v2\/product_cat?post=740544"},{"taxonomy":"product_tag","embeddable":true,"href":"https:\/\/roveyayinevi.com.tr\/index.php\/wp-json\/wp\/v2\/product_tag?post=740544"}],"curies":[{"name":"wp","href":"https:\/\/api.w.org\/{rel}","templated":true}]}}