{"id":740540,"date":"2025-08-28T00:29:17","date_gmt":"2025-08-27T21:29:17","guid":{"rendered":"https:\/\/roveyayinevi.com.tr\/index.php\/urun\/dogmadan-olenler-hatiralar-olur\/"},"modified":"2026-04-16T02:51:23","modified_gmt":"2026-04-15T23:51:23","slug":"dogmadan-olenler-hatiralar-olur","status":"publish","type":"product","link":"https:\/\/roveyayinevi.com.tr\/index.php\/urun\/dogmadan-olenler-hatiralar-olur\/","title":{"rendered":"Do\u011fmadan \u00d6lenler &#8220;Hat\u0131ralar \u00d6l\u00fcr&#8221;"},"content":{"rendered":"<p>&#8220;Bazen \u00f6l\u00fcm\u00fcn kolayl\u0131\u011f\u0131 ile ya\u015fam\u0131n zorlu\u011fu aras\u0131nda bir tercih yapmak zorunda kal\u0131r insan. Bu vaziyette zoru se\u00e7mek ne b\u00fcy\u00fck ahmakl\u0131kt\u0131r. &#8220;Asl\u0131nda her \u015fey, Halil&#8217;in bir gece yolculu\u011funda ba\u015flad\u0131. Gecenin karanl\u0131\u011f\u0131n\u0131 s\u00fcsleyen sisin i\u00e7inde kaza yapm\u0131\u015f bir araba ve arac\u0131n i\u00e7inde s\u0131k\u0131\u015fm\u0131\u015f \u00fc\u00e7 yaral\u0131, Halil&#8217;in merhamet duygusunu tetiklese de kazan\u0131n gizemi araland\u0131\u011f\u0131nda \u00f6\u011frendi\u011fi ger\u00e7ek kar\u015f\u0131s\u0131nda \u015fok oldu. Halil&#8217;i katliam yapmaya s\u00fcr\u00fckleyen ger\u00e7ek, ayn\u0131 zamanda kaderini de\u011fi\u015ftiren bir tan\u0131\u015fmaya da vesile oldu.Yazar kitab\u0131 adeta ya\u015fat\u0131yor. Olay \u00f6rg\u00fcs\u00fc, karakter i\u015fleyi\u015fi ve samimi anlat\u0131m\u0131yla sizi kitab\u0131n i\u00e7indeki d\u00fcnyaya hapsederek bitmesini hi\u00e7 istemeyece\u011finiz zekice yaz\u0131lm\u0131\u015f kurgusunda s\u00fcr\u00fckl\u00fcyor. Soluksuz okudu\u011fum bu kitab\u0131n i\u00e7ine hapseden d\u00fcnyas\u0131ndan ald\u0131\u011f\u0131m haz kadar yazar\u0131n kuvvetli tuttu\u011fu yan karakterleri ve olaylar\u0131na da hayran kald\u0131m. Farkl\u0131 bir kalem ve kendine \u00f6zg\u00fc t\u00fcr\u00fcyle bu kitapla tan\u0131\u015fmak isteyen herkese keyifli okumalar dilerim. Yazar \u00c7i\u011fdem K\u00f6ro\u011flu<\/p>\n","protected":false},"excerpt":{"rendered":"<p>&#8220;Bazen \u00f6l\u00fcm\u00fcn kolayl\u0131\u011f\u0131 ile ya\u015fam\u0131n zorlu\u011fu aras\u0131nda bir tercih yapmak zorunda kal\u0131r insan. Bu vaziyette zoru se\u00e7mek ne b\u00fcy\u00fck ahmakl\u0131kt\u0131r. &#8220;Asl\u0131nda her \u015fey, Halil&#8217;in bir gece<span class=\"excerpt-hellip\"> [\u2026]<\/span><\/p>\n","protected":false},"featured_media":0,"template":"","meta":{"_monsterinsights_skip_tracking":false,"_monsterinsights_sitenote_active":false,"_monsterinsights_sitenote_note":"","_monsterinsights_sitenote_category":0},"product_brand":[],"product_cat":[12803,12291],"product_tag":[],"class_list":{"0":"post-740540","1":"product","2":"type-product","3":"status-publish","5":"product_cat-aksiyon-macera","6":"product_cat-edebiyat","7":"pa_cilt-ciltsiz","8":"pa_tur-kitap","9":"pa_yayinevi-vaveyla-yayincilik","10":"pa_yazar-halit-yazici","12":"first","13":"instock","14":"sale","15":"shipping-taxable","16":"purchasable","17":"product-type-simple"},"_links":{"self":[{"href":"https:\/\/roveyayinevi.com.tr\/index.php\/wp-json\/wp\/v2\/product\/740540","targetHints":{"allow":["GET"]}}],"collection":[{"href":"https:\/\/roveyayinevi.com.tr\/index.php\/wp-json\/wp\/v2\/product"}],"about":[{"href":"https:\/\/roveyayinevi.com.tr\/index.php\/wp-json\/wp\/v2\/types\/product"}],"wp:attachment":[{"href":"https:\/\/roveyayinevi.com.tr\/index.php\/wp-json\/wp\/v2\/media?parent=740540"}],"wp:term":[{"taxonomy":"product_brand","embeddable":true,"href":"https:\/\/roveyayinevi.com.tr\/index.php\/wp-json\/wp\/v2\/product_brand?post=740540"},{"taxonomy":"product_cat","embeddable":true,"href":"https:\/\/roveyayinevi.com.tr\/index.php\/wp-json\/wp\/v2\/product_cat?post=740540"},{"taxonomy":"product_tag","embeddable":true,"href":"https:\/\/roveyayinevi.com.tr\/index.php\/wp-json\/wp\/v2\/product_tag?post=740540"}],"curies":[{"name":"wp","href":"https:\/\/api.w.org\/{rel}","templated":true}]}}