{"id":740537,"date":"2025-08-28T00:29:13","date_gmt":"2025-08-27T21:29:13","guid":{"rendered":"https:\/\/roveyayinevi.com.tr\/index.php\/urun\/dogaya-acilan-tablet\/"},"modified":"2026-04-16T02:51:23","modified_gmt":"2026-04-15T23:51:23","slug":"dogaya-acilan-tablet","status":"publish","type":"product","link":"https:\/\/roveyayinevi.com.tr\/index.php\/urun\/dogaya-acilan-tablet\/","title":{"rendered":"Do\u011faya A\u00e7\u0131lan Tablet"},"content":{"rendered":"<p>Erdem\u2019in anne ve babas\u0131 10. ya\u015f g\u00fcn\u00fcnde ona tablet hediye eder. Bu tablet Erdem\u2019in evde yaln\u0131z kald\u0131\u011f\u0131 saatlerde arkada\u015f\u0131 olur, b\u00fct\u00fcn can s\u0131k\u0131nt\u0131s\u0131n\u0131 giderir. Ama zamanla Erdem tabletten ve oyundan ba\u015fka bir \u015fey d\u00fc\u015f\u00fcnemez olur. \u00c7ok sevdi\u011fi macerac\u0131 dedesinin onlara kalmaya gelmesi bile bu durumu de\u011fi\u015ftirmez. Dedesinin Erdem\u2019deki durgunlu\u011fu fark edip onu kampa g\u00f6t\u00fcrmeyi teklif etmesi ile macera ba\u015flar. Erdem ba\u015fta do\u011fada ya\u015famaktan ve kamp hayat\u0131ndan \u015fikayet\u00e7i olsa da bu yolculuktan \u00e7ok mutlu ayr\u0131lacakt\u0131r. Erdem\u2019in kampta ya\u015fad\u0131\u011f\u0131 maceralar ve arkada\u015f\u0131 \u0130lyas\u2019la kurdu\u011fu samimi dostlu\u011fu ona ekrandan izleyerek elde edilemeyecek \u00e7ok farkl\u0131 bir deneyim ve bak\u0131\u015f a\u00e7\u0131s\u0131 sunar. Sen de onunla beraber bu maceran\u0131n pe\u015fine d\u00fc\u015fmeye ne dersin? <\/p>\n","protected":false},"excerpt":{"rendered":"<p>Erdem\u2019in anne ve babas\u0131 10. ya\u015f g\u00fcn\u00fcnde ona tablet hediye eder. Bu tablet Erdem\u2019in evde yaln\u0131z kald\u0131\u011f\u0131 saatlerde arkada\u015f\u0131 olur, b\u00fct\u00fcn can s\u0131k\u0131nt\u0131s\u0131n\u0131 giderir. Ama zamanla<span class=\"excerpt-hellip\"> [\u2026]<\/span><\/p>\n","protected":false},"featured_media":0,"template":"","meta":{"_monsterinsights_skip_tracking":false,"_monsterinsights_sitenote_active":false,"_monsterinsights_sitenote_note":"","_monsterinsights_sitenote_category":0},"product_brand":[],"product_cat":[12274,12284],"product_tag":[],"class_list":{"0":"post-740537","1":"product","2":"type-product","3":"status-publish","5":"product_cat-cocuk-ve-genclik-kitaplari","6":"product_cat-hikayeler","7":"pa_cilt-ciltsiz","8":"pa_tur-kitap","9":"pa_yayinevi-mosquito-yayinlari","10":"pa_yazar-reyhane-yaris","12":"first","13":"instock","14":"sale","15":"shipping-taxable","16":"purchasable","17":"product-type-simple"},"_links":{"self":[{"href":"https:\/\/roveyayinevi.com.tr\/index.php\/wp-json\/wp\/v2\/product\/740537","targetHints":{"allow":["GET"]}}],"collection":[{"href":"https:\/\/roveyayinevi.com.tr\/index.php\/wp-json\/wp\/v2\/product"}],"about":[{"href":"https:\/\/roveyayinevi.com.tr\/index.php\/wp-json\/wp\/v2\/types\/product"}],"wp:attachment":[{"href":"https:\/\/roveyayinevi.com.tr\/index.php\/wp-json\/wp\/v2\/media?parent=740537"}],"wp:term":[{"taxonomy":"product_brand","embeddable":true,"href":"https:\/\/roveyayinevi.com.tr\/index.php\/wp-json\/wp\/v2\/product_brand?post=740537"},{"taxonomy":"product_cat","embeddable":true,"href":"https:\/\/roveyayinevi.com.tr\/index.php\/wp-json\/wp\/v2\/product_cat?post=740537"},{"taxonomy":"product_tag","embeddable":true,"href":"https:\/\/roveyayinevi.com.tr\/index.php\/wp-json\/wp\/v2\/product_tag?post=740537"}],"curies":[{"name":"wp","href":"https:\/\/api.w.org\/{rel}","templated":true}]}}