{"id":740536,"date":"2025-08-28T00:29:12","date_gmt":"2025-08-27T21:29:12","guid":{"rendered":"https:\/\/roveyayinevi.com.tr\/index.php\/urun\/altin-ignenin-izinde\/"},"modified":"2026-04-16T02:51:23","modified_gmt":"2026-04-15T23:51:23","slug":"altin-ignenin-izinde","status":"publish","type":"product","link":"https:\/\/roveyayinevi.com.tr\/index.php\/urun\/altin-ignenin-izinde\/","title":{"rendered":"Alt\u0131n \u0130\u011fnenin \u0130zinde"},"content":{"rendered":"<p>Burak, ikiz karde\u015fler Onurcan ve Leyla ile mahallelerinde daha \u00f6nce fark etmedikleri bir d\u00fckk\u00e2n g\u00f6r\u00fcr. Buras\u0131 \u00e7ar\u015f\u0131daki parlak vitrinler aras\u0131nda dikkat \u00e7ekmeyen eski bir yorgan d\u00fckk\u00e2n\u0131d\u0131r. Bu \u00e7ok da ziyaret\u00e7isi olmayan d\u00fckk\u00e2n\u0131n sahibi, onlarla samimi bir dostluk kurar. \u00dc\u00e7 kafadar her f\u0131rsatta ziyaret ettikleri yorgan d\u00fckkan\u0131nda hi\u00e7 beklemedikleri bir maceraya at\u0131l\u0131rlar. Ellerine ald\u0131klar\u0131 esrarengiz i\u011fne kutusunu a\u00e7malar\u0131 ile kendilerini bir anda ge\u00e7mi\u015f zamanda bulan \u00e7ocuklar, ne olup bitti\u011fini anlamaya \u00e7al\u0131\u015f\u0131rken bir yandan da evlerine d\u00f6nmenin bir yolunu aramaya ba\u015flarlar. Acaba \u00e7ocuklar bu s\u0131rr\u0131 \u00e7\u00f6zerek zaman yolculu\u011funu tamamlayabilecekler mi? <\/p>\n","protected":false},"excerpt":{"rendered":"<p>Burak, ikiz karde\u015fler Onurcan ve Leyla ile mahallelerinde daha \u00f6nce fark etmedikleri bir d\u00fckk\u00e2n g\u00f6r\u00fcr. Buras\u0131 \u00e7ar\u015f\u0131daki parlak vitrinler aras\u0131nda dikkat \u00e7ekmeyen eski bir yorgan d\u00fckk\u00e2n\u0131d\u0131r.<span class=\"excerpt-hellip\"> [\u2026]<\/span><\/p>\n","protected":false},"featured_media":0,"template":"","meta":{"_monsterinsights_skip_tracking":false,"_monsterinsights_sitenote_active":false,"_monsterinsights_sitenote_note":"","_monsterinsights_sitenote_category":0},"product_brand":[],"product_cat":[12274,12284],"product_tag":[],"class_list":{"0":"post-740536","1":"product","2":"type-product","3":"status-publish","5":"product_cat-cocuk-ve-genclik-kitaplari","6":"product_cat-hikayeler","7":"pa_cilt-ciltsiz","8":"pa_tur-kitap","9":"pa_yayinevi-mosquito-yayinlari","10":"pa_yazar-reyhane-yaris","12":"first","13":"instock","14":"sale","15":"shipping-taxable","16":"purchasable","17":"product-type-simple"},"_links":{"self":[{"href":"https:\/\/roveyayinevi.com.tr\/index.php\/wp-json\/wp\/v2\/product\/740536","targetHints":{"allow":["GET"]}}],"collection":[{"href":"https:\/\/roveyayinevi.com.tr\/index.php\/wp-json\/wp\/v2\/product"}],"about":[{"href":"https:\/\/roveyayinevi.com.tr\/index.php\/wp-json\/wp\/v2\/types\/product"}],"wp:attachment":[{"href":"https:\/\/roveyayinevi.com.tr\/index.php\/wp-json\/wp\/v2\/media?parent=740536"}],"wp:term":[{"taxonomy":"product_brand","embeddable":true,"href":"https:\/\/roveyayinevi.com.tr\/index.php\/wp-json\/wp\/v2\/product_brand?post=740536"},{"taxonomy":"product_cat","embeddable":true,"href":"https:\/\/roveyayinevi.com.tr\/index.php\/wp-json\/wp\/v2\/product_cat?post=740536"},{"taxonomy":"product_tag","embeddable":true,"href":"https:\/\/roveyayinevi.com.tr\/index.php\/wp-json\/wp\/v2\/product_tag?post=740536"}],"curies":[{"name":"wp","href":"https:\/\/api.w.org\/{rel}","templated":true}]}}