{"id":740532,"date":"2025-08-28T00:29:08","date_gmt":"2025-08-27T21:29:08","guid":{"rendered":"https:\/\/roveyayinevi.com.tr\/index.php\/urun\/turkiyenin-soguk-savas-dusunce-hayati\/"},"modified":"2026-04-16T02:51:23","modified_gmt":"2026-04-15T23:51:23","slug":"turkiyenin-soguk-savas-dusunce-hayati","status":"publish","type":"product","link":"https:\/\/roveyayinevi.com.tr\/index.php\/urun\/turkiyenin-soguk-savas-dusunce-hayati\/","title":{"rendered":"T\u00fcrkiye\u2019nin So\u011fuk Sava\u015f D\u00fc\u015f\u00fcnce Hayat\u0131"},"content":{"rendered":"<p>II. D\u00fcnya Sava\u015f\u0131\u2019ndan 1960\u2019lara kadar olan s\u00fcrece yo\u011funla\u015fan T\u00fcrkiye\u2019nin So\u011fuk Sava\u015f D\u00fc\u015f\u00fcnce Hayat\u0131, So\u011fuk Sava\u015f\u2019\u0131n, antikom\u00fcnizmin, ABD ile yak\u0131nla\u015fman\u0131n ve Anglosakson d\u00fc\u015f\u00fcnce d\u00fcnyas\u0131yla etkile\u015fimin T\u00fcrkiye fikir \u00e7evrelerindeki yans\u0131malar\u0131na odaklanan bir \u00e7al\u0131\u015fma. Bir d\u00fc\u015f\u00fcnce tarihi ara\u015ft\u0131rmas\u0131 olan bu kitap, sava\u015f sonras\u0131nda ABD ile kurulan \u201cfrensiz ili\u015fkilerin\u201d T\u00fcrkiye\u2019de g\u00fcndelik ya\u015famdan akademik d\u00fcnyaya ne t\u00fcr sonu\u00e7lar do\u011furdu\u011funu ortaya koyuyor. Bu ba\u011flamda, \u00f6ncelikle So\u011fuk Sava\u015f\u2019\u0131n ABD\u2019deki geli\u015fimini ve ABD\u2019nin toplumsal alg\u0131y\u0131 \u015fekillendirme yolunda T\u00fcrkiye\u2019de y\u00fcr\u00fctt\u00fc\u011f\u00fc \u201ck\u00fclt\u00fcrel program\u0131n\u201d ayr\u0131nt\u0131lar\u0131n\u0131 ele al\u0131yor. Daha sonra ise, T\u00fcrkiye\u2019de e\u011fitim alan\u0131nda ve sosyal bilimlerde ya\u015fanan geli\u015fmeleri ve d\u00f6nemin dergi-gazete gibi yay\u0131nlar\u0131 \u00fczerinden T\u00fcrkiye d\u00fc\u015f\u00fcnce d\u00fcnyas\u0131n\u0131n farkl\u0131 kesimlerinde y\u00fcr\u00fct\u00fclen tart\u0131\u015fmalar\u0131 inceliyor. T\u00fcrkiye\u2019nin So\u011fuk Sava\u015f D\u00fc\u015f\u00fcnce Hayat\u0131, Cang\u00fcl \u00d6rnek taraf\u0131ndan derin bir kaynak ve ar\u015fiv taramas\u0131sonucu ortaya konmu\u015f ve T\u00fcrk Sosyal Bilimler Derne\u011finin \u201cGen\u00e7 Sosyal Bilimciler\u201d \u00f6d\u00fcl\u00fcne lay\u0131k g\u00f6r\u00fclm\u00fc\u015f ufuk a\u00e7\u0131c\u0131 bir yap\u0131t. <\/p>\n","protected":false},"excerpt":{"rendered":"<p>II. D\u00fcnya Sava\u015f\u0131\u2019ndan 1960\u2019lara kadar olan s\u00fcrece yo\u011funla\u015fan T\u00fcrkiye\u2019nin So\u011fuk Sava\u015f D\u00fc\u015f\u00fcnce Hayat\u0131, So\u011fuk Sava\u015f\u2019\u0131n, antikom\u00fcnizmin, ABD ile yak\u0131nla\u015fman\u0131n ve Anglosakson d\u00fc\u015f\u00fcnce d\u00fcnyas\u0131yla etkile\u015fimin T\u00fcrkiye fikir<span class=\"excerpt-hellip\"> [\u2026]<\/span><\/p>\n","protected":false},"featured_media":0,"template":"","meta":{"_monsterinsights_skip_tracking":false,"_monsterinsights_sitenote_active":false,"_monsterinsights_sitenote_note":"","_monsterinsights_sitenote_category":0},"product_brand":[],"product_cat":[13590,12337],"product_tag":[],"class_list":{"0":"post-740532","1":"product","2":"type-product","3":"status-publish","5":"product_cat-arastirma-inceleme-politika-siyaset","6":"product_cat-politika-siyaset","7":"pa_cilt-ciltsiz","8":"pa_tur-kitap","9":"pa_yayinevi-yordam-kitap","10":"pa_yazar-cangul-ornek","12":"first","13":"instock","14":"sale","15":"shipping-taxable","16":"purchasable","17":"product-type-simple"},"_links":{"self":[{"href":"https:\/\/roveyayinevi.com.tr\/index.php\/wp-json\/wp\/v2\/product\/740532","targetHints":{"allow":["GET"]}}],"collection":[{"href":"https:\/\/roveyayinevi.com.tr\/index.php\/wp-json\/wp\/v2\/product"}],"about":[{"href":"https:\/\/roveyayinevi.com.tr\/index.php\/wp-json\/wp\/v2\/types\/product"}],"wp:attachment":[{"href":"https:\/\/roveyayinevi.com.tr\/index.php\/wp-json\/wp\/v2\/media?parent=740532"}],"wp:term":[{"taxonomy":"product_brand","embeddable":true,"href":"https:\/\/roveyayinevi.com.tr\/index.php\/wp-json\/wp\/v2\/product_brand?post=740532"},{"taxonomy":"product_cat","embeddable":true,"href":"https:\/\/roveyayinevi.com.tr\/index.php\/wp-json\/wp\/v2\/product_cat?post=740532"},{"taxonomy":"product_tag","embeddable":true,"href":"https:\/\/roveyayinevi.com.tr\/index.php\/wp-json\/wp\/v2\/product_tag?post=740532"}],"curies":[{"name":"wp","href":"https:\/\/api.w.org\/{rel}","templated":true}]}}