{"id":740531,"date":"2025-08-28T00:29:07","date_gmt":"2025-08-27T21:29:07","guid":{"rendered":"https:\/\/roveyayinevi.com.tr\/index.php\/urun\/devlet-duzen-anarsi\/"},"modified":"2026-04-16T02:51:23","modified_gmt":"2026-04-15T23:51:23","slug":"devlet-duzen-anarsi","status":"publish","type":"product","link":"https:\/\/roveyayinevi.com.tr\/index.php\/urun\/devlet-duzen-anarsi\/","title":{"rendered":"Devlet, D\u00fczen, Anar\u015fi"},"content":{"rendered":"<p>T\u00fcrkiye\u2019nin So\u011fuk Sava\u015f\u2019a d\u00e2hil olu\u015fuyla birlikte, antikom\u00fcnizm siyasetin merkezine yerle\u015fir ve \u00fclkenin her alan\u0131na sirayet ederken, bunun edebiyat alan\u0131na yans\u0131mas\u0131 da ka\u00e7\u0131n\u0131lmaz olmu\u015ftur. Bu antikom\u00fcnist dalga, sa\u011fc\u0131 edebiyat\u00e7\u0131lar\u0131n solun k\u00fclt\u00fcrel hegemonyas\u0131na kar\u015f\u0131 yazd\u0131klar\u0131 yaz\u0131larda ve \u00fcrettikleri eserlerde kendini g\u00f6stermi\u015ftir. Fatih Ya\u015fl\u0131, Devlet, D\u00fczen, Anar\u015fi\u2019de antikom\u00fcnizmin edebiyattaki yans\u0131malar\u0131n\u0131 iki boyutuyla inceliyor. Bir yandan T\u00fcrk sa\u011f\u0131n\u0131n edebiyat\u00e7\u0131 kimlikleriyle politik kimliklerini birle\u015ftiren Nihal Ats\u0131z, Necip Faz\u0131l, Peyami Safa gibi isimlerinin N\u00e2z\u0131m Hikmet, Sabahattin Ali, Aziz Nesin gibi solcu yazarlara y\u00f6nelik polemiklerini ve h\u00fccumlar\u0131n\u0131 belgelendirirken, bir yandan da antikom\u00fcnist romanlardaki ideolojik boyutun bir incelemesini sunuyor. B\u00f6ylece hem So\u011fuk Sava\u015f\u2019la birlikte antikom\u00fcnist s\u00f6ylemin in\u015fas\u0131nda edebiyat\u00e7\u0131lar\u0131n rol\u00fcn\u00fc hem de antikom\u00fcnist edeb\u00ee yap\u0131tlarda solcular\u0131n, kom\u00fcnistlerin ve 1965-80 aras\u0131 T\u00fcrkiye tarihinin nas\u0131l resmedildi\u011fini ortaya koyuyor. Antikom\u00fcnizmin g\u00fcn\u00fcm\u00fcze devretti\u011fi miras ve bu miras\u0131n belirleyicili\u011fi \u00fczerine kapsaml\u0131 bir de\u011ferlendirme sunan bu kitap, Fatih Ya\u015fl\u0131\u2019n\u0131n T\u00fcrkiye tarihini antikom\u00fcnizm \u00fczerinden okudu\u011fu literat\u00fcr\u00fcne \u00f6nemli bir katk\u0131 yap\u0131yor. <\/p>\n","protected":false},"excerpt":{"rendered":"<p>T\u00fcrkiye\u2019nin So\u011fuk Sava\u015f\u2019a d\u00e2hil olu\u015fuyla birlikte, antikom\u00fcnizm siyasetin merkezine yerle\u015fir ve \u00fclkenin her alan\u0131na sirayet ederken, bunun edebiyat alan\u0131na yans\u0131mas\u0131 da ka\u00e7\u0131n\u0131lmaz olmu\u015ftur. Bu antikom\u00fcnist dalga,<span class=\"excerpt-hellip\"> [\u2026]<\/span><\/p>\n","protected":false},"featured_media":0,"template":"","meta":{"_monsterinsights_skip_tracking":false,"_monsterinsights_sitenote_active":false,"_monsterinsights_sitenote_note":"","_monsterinsights_sitenote_category":0},"product_brand":[],"product_cat":[13590,12337],"product_tag":[],"class_list":{"0":"post-740531","1":"product","2":"type-product","3":"status-publish","5":"product_cat-arastirma-inceleme-politika-siyaset","6":"product_cat-politika-siyaset","7":"pa_cilt-ciltsiz","8":"pa_tur-kitap","9":"pa_yayinevi-yordam-kitap","10":"pa_yazar-fatih-yasli","12":"first","13":"instock","14":"sale","15":"shipping-taxable","16":"purchasable","17":"product-type-simple"},"_links":{"self":[{"href":"https:\/\/roveyayinevi.com.tr\/index.php\/wp-json\/wp\/v2\/product\/740531","targetHints":{"allow":["GET"]}}],"collection":[{"href":"https:\/\/roveyayinevi.com.tr\/index.php\/wp-json\/wp\/v2\/product"}],"about":[{"href":"https:\/\/roveyayinevi.com.tr\/index.php\/wp-json\/wp\/v2\/types\/product"}],"wp:attachment":[{"href":"https:\/\/roveyayinevi.com.tr\/index.php\/wp-json\/wp\/v2\/media?parent=740531"}],"wp:term":[{"taxonomy":"product_brand","embeddable":true,"href":"https:\/\/roveyayinevi.com.tr\/index.php\/wp-json\/wp\/v2\/product_brand?post=740531"},{"taxonomy":"product_cat","embeddable":true,"href":"https:\/\/roveyayinevi.com.tr\/index.php\/wp-json\/wp\/v2\/product_cat?post=740531"},{"taxonomy":"product_tag","embeddable":true,"href":"https:\/\/roveyayinevi.com.tr\/index.php\/wp-json\/wp\/v2\/product_tag?post=740531"}],"curies":[{"name":"wp","href":"https:\/\/api.w.org\/{rel}","templated":true}]}}