{"id":740528,"date":"2025-08-28T00:29:03","date_gmt":"2025-08-27T21:29:03","guid":{"rendered":"https:\/\/roveyayinevi.com.tr\/index.php\/urun\/limit-5-cilt\/"},"modified":"2026-04-16T02:51:23","modified_gmt":"2026-04-15T23:51:23","slug":"limit-5-cilt","status":"publish","type":"product","link":"https:\/\/roveyayinevi.com.tr\/index.php\/urun\/limit-5-cilt\/","title":{"rendered":"Limit 5. Cilt"},"content":{"rendered":"<p>Arama-kurtarma ekibi hayatta kalanlar\u0131 bulmak i\u00e7in ara\u015ft\u0131rmalar\u0131n\u0131 geni\u015fletirken, g\u00f6r\u00fcn\u00fc\u015fe g\u00f6re ba\u015fka bir gen\u00e7 hayat bir di\u011ferinin ellerinde kay\u0131p gidiyor. Tansiyon y\u00fcksek, ancak Konno eski arkada\u015f\u0131 Hinata&#8217;da k\u0131sa s\u00fcreli bir teselli bulmu\u015f olabilece\u011fini d\u00fc\u015f\u00fcn\u00fcyor. Ne var ki otob\u00fcs kazas\u0131ndan bu yana meydana gelen \u00f6l\u00fcmlerin arkas\u0131nda kimin olabilece\u011fini ortaya \u00e7\u0131kard\u0131\u011f\u0131nda, ona duydu\u011fu g\u00fcven muhtemelen bir kez daha yerle bir olacak ve bu durum, ikiliyi daha da derin bir karanl\u0131\u011fa s\u00fcr\u00fckleyecek.   Limit, bir grup gencin ya\u015fad\u0131\u011f\u0131 zorlu hayatta kalma m\u00fccadelesinin hik\u00e2yesi!   <\/p>\n","protected":false},"excerpt":{"rendered":"<p>Arama-kurtarma ekibi hayatta kalanlar\u0131 bulmak i\u00e7in ara\u015ft\u0131rmalar\u0131n\u0131 geni\u015fletirken, g\u00f6r\u00fcn\u00fc\u015fe g\u00f6re ba\u015fka bir gen\u00e7 hayat bir di\u011ferinin ellerinde kay\u0131p gidiyor. Tansiyon y\u00fcksek, ancak Konno eski arkada\u015f\u0131 Hinata&#8217;da<span class=\"excerpt-hellip\"> [\u2026]<\/span><\/p>\n","protected":false},"featured_media":0,"template":"","meta":{"_monsterinsights_skip_tracking":false,"_monsterinsights_sitenote_active":false,"_monsterinsights_sitenote_note":"","_monsterinsights_sitenote_category":0},"product_brand":[],"product_cat":[12291,12711],"product_tag":[],"class_list":{"0":"post-740528","1":"product","2":"type-product","3":"status-publish","5":"product_cat-edebiyat","6":"product_cat-roman-oyku","7":"pa_cilt-ciltsiz","8":"pa_tur-kitap","9":"pa_yayinevi-akil-celen-kitaplar","10":"pa_yazar-keiko-suenobu","12":"first","13":"instock","14":"sale","15":"shipping-taxable","16":"purchasable","17":"product-type-simple"},"_links":{"self":[{"href":"https:\/\/roveyayinevi.com.tr\/index.php\/wp-json\/wp\/v2\/product\/740528","targetHints":{"allow":["GET"]}}],"collection":[{"href":"https:\/\/roveyayinevi.com.tr\/index.php\/wp-json\/wp\/v2\/product"}],"about":[{"href":"https:\/\/roveyayinevi.com.tr\/index.php\/wp-json\/wp\/v2\/types\/product"}],"wp:attachment":[{"href":"https:\/\/roveyayinevi.com.tr\/index.php\/wp-json\/wp\/v2\/media?parent=740528"}],"wp:term":[{"taxonomy":"product_brand","embeddable":true,"href":"https:\/\/roveyayinevi.com.tr\/index.php\/wp-json\/wp\/v2\/product_brand?post=740528"},{"taxonomy":"product_cat","embeddable":true,"href":"https:\/\/roveyayinevi.com.tr\/index.php\/wp-json\/wp\/v2\/product_cat?post=740528"},{"taxonomy":"product_tag","embeddable":true,"href":"https:\/\/roveyayinevi.com.tr\/index.php\/wp-json\/wp\/v2\/product_tag?post=740528"}],"curies":[{"name":"wp","href":"https:\/\/api.w.org\/{rel}","templated":true}]}}