{"id":740526,"date":"2025-08-28T00:29:01","date_gmt":"2025-08-27T21:29:01","guid":{"rendered":"https:\/\/roveyayinevi.com.tr\/index.php\/urun\/medeniyet-baticilik-ve-kemalizm\/"},"modified":"2026-04-16T02:51:23","modified_gmt":"2026-04-15T23:51:23","slug":"medeniyet-baticilik-ve-kemalizm","status":"publish","type":"product","link":"https:\/\/roveyayinevi.com.tr\/index.php\/urun\/medeniyet-baticilik-ve-kemalizm\/","title":{"rendered":"Medeniyet, Bat\u0131c\u0131l\u0131k ve Kemalizm"},"content":{"rendered":"<p>Medeni bir toplum veya medeni bir insan olman\u0131n temel kriterleri nelerdir? Acaba l\u00fcks i\u00e7inde ya\u015famak, \u00fc\u00e7 be\u015f yabanc\u0131 dil bilmek, \u00fcniversite bitirmek, doktora mast\u0131r yapmak, medeni olman\u0131n bir \u00f6l\u00e7\u00fct\u00fc m\u00fc? Okumam\u0131\u015f, k\u00f6y\u00fcnde tarla s\u00fcren bir insan medeni olamaz m\u0131? Teknolojide ak\u0131l almaz bir geli\u015fme g\u00f6stererek d\u00fcnyaya hakim olmak, en medeni toplum olman\u0131n bir yolu mudur? Emperyalist emeller g\u00fcd\u00fcs\u00fcyle mazlum milletlerin yeralt\u0131 ve yer\u00fcst\u00fc zenginliklerini hortumlayan, insanlara kendi vatanlar\u0131 \u00fczerinde \u00f6zg\u00fcrce ya\u015fama \u015fans\u0131 tan\u0131mayan devletler medeni midir? D\u00fcnyan\u0131n en se\u00e7kin \u00fcniversitesini bitirip, uyu\u015fturucu ve silah ka\u00e7ak\u00e7\u0131l\u0131\u011f\u0131 yaparak insanlar\u0131n hayatlar\u0131n\u0131 hi\u00e7e sayma anlay\u0131\u015f\u0131nda olmak medenilik midir? Milyarlarca dolarl\u0131k silah \u00fcretip d\u00fcnyay\u0131 bir silah cehennemine d\u00f6n\u00fc\u015ft\u00fcren uluslar uygarl\u0131\u011f\u0131n \u00f6nc\u00fcleri olabilirler mi? D\u00fcnyan\u0131n nimetleri \u00fc\u00e7 d\u00fcnya n\u00fcfusunu besleyebilecekken milyonlar\u0131 a\u00e7l\u0131\u011fa mahkum edenler medeniyetin temsilcileri olabilirler mi?  <\/p>\n","protected":false},"excerpt":{"rendered":"<p>Medeni bir toplum veya medeni bir insan olman\u0131n temel kriterleri nelerdir? Acaba l\u00fcks i\u00e7inde ya\u015famak, \u00fc\u00e7 be\u015f yabanc\u0131 dil bilmek, \u00fcniversite bitirmek, doktora mast\u0131r yapmak, medeni<span class=\"excerpt-hellip\"> [\u2026]<\/span><\/p>\n","protected":false},"featured_media":0,"template":"","meta":{"_monsterinsights_skip_tracking":false,"_monsterinsights_sitenote_active":false,"_monsterinsights_sitenote_note":"","_monsterinsights_sitenote_category":0},"product_brand":[],"product_cat":[12370,12304],"product_tag":[],"class_list":{"0":"post-740526","1":"product","2":"type-product","3":"status-publish","5":"product_cat-arastirma-inceleme","6":"product_cat-tarih","7":"pa_cilt-ciltsiz","8":"pa_tur-kitap","9":"pa_yayinevi-myrina-yayinlari","10":"pa_yazar-davut-tuncbilek","12":"first","13":"instock","14":"sale","15":"shipping-taxable","16":"purchasable","17":"product-type-simple"},"_links":{"self":[{"href":"https:\/\/roveyayinevi.com.tr\/index.php\/wp-json\/wp\/v2\/product\/740526","targetHints":{"allow":["GET"]}}],"collection":[{"href":"https:\/\/roveyayinevi.com.tr\/index.php\/wp-json\/wp\/v2\/product"}],"about":[{"href":"https:\/\/roveyayinevi.com.tr\/index.php\/wp-json\/wp\/v2\/types\/product"}],"wp:attachment":[{"href":"https:\/\/roveyayinevi.com.tr\/index.php\/wp-json\/wp\/v2\/media?parent=740526"}],"wp:term":[{"taxonomy":"product_brand","embeddable":true,"href":"https:\/\/roveyayinevi.com.tr\/index.php\/wp-json\/wp\/v2\/product_brand?post=740526"},{"taxonomy":"product_cat","embeddable":true,"href":"https:\/\/roveyayinevi.com.tr\/index.php\/wp-json\/wp\/v2\/product_cat?post=740526"},{"taxonomy":"product_tag","embeddable":true,"href":"https:\/\/roveyayinevi.com.tr\/index.php\/wp-json\/wp\/v2\/product_tag?post=740526"}],"curies":[{"name":"wp","href":"https:\/\/api.w.org\/{rel}","templated":true}]}}