{"id":740525,"date":"2025-08-28T00:28:59","date_gmt":"2025-08-27T21:28:59","guid":{"rendered":"https:\/\/roveyayinevi.com.tr\/index.php\/urun\/kult-kitap\/"},"modified":"2026-04-16T02:51:22","modified_gmt":"2026-04-15T23:51:22","slug":"kult-kitap","status":"publish","type":"product","link":"https:\/\/roveyayinevi.com.tr\/index.php\/urun\/kult-kitap\/","title":{"rendered":"K\u00fclt Kitap"},"content":{"rendered":"<p>\u201cD\u00fcnyaya yazmak, d\u00fcnyaya bir onun i\u00e7in bakmak. Yani d\u00fcnyada olmay\u0131, bu d\u00fcnyada ya\u015famay\u0131 bir yana at\u0131p salt onu yazmak i\u00e7in ya\u015famak! Yazmakla ya\u015famay\u0131 birle\u015ftirmek, birbirine kar\u0131\u015ft\u0131rmak, bu iki ayr\u0131 eylemi, tek bir eylemmi\u015f gibi g\u00f6rmek. Cehennem bu.\u201d K\u00fclt Kitap, yazmakla ya\u015faman\u0131n birbirine kar\u0131\u015ft\u0131\u011f\u0131 bir co\u011frafya. Dili de ya\u015fam\u0131 da ayn\u0131 tutkuyla yontan bir \u015fairin yaratt\u0131\u011f\u0131 cehennem! Bu cehennemde gezinmeye niyet eden okur, \u201cya\u015fama nerede bitiyor, yaz\u0131 nerede ba\u015fl\u0131yor\u201d diye sormas\u0131n hi\u00e7.<\/p>\n","protected":false},"excerpt":{"rendered":"<p>\u201cD\u00fcnyaya yazmak, d\u00fcnyaya bir onun i\u00e7in bakmak. Yani d\u00fcnyada olmay\u0131, bu d\u00fcnyada ya\u015famay\u0131 bir yana at\u0131p salt onu yazmak i\u00e7in ya\u015famak! Yazmakla ya\u015famay\u0131 birle\u015ftirmek, birbirine kar\u0131\u015ft\u0131rmak,<span class=\"excerpt-hellip\"> [\u2026]<\/span><\/p>\n","protected":false},"featured_media":0,"template":"","meta":{"_monsterinsights_skip_tracking":false,"_monsterinsights_sitenote_active":false,"_monsterinsights_sitenote_note":"","_monsterinsights_sitenote_category":0},"product_brand":[],"product_cat":[12291,12509],"product_tag":[],"class_list":{"0":"post-740525","1":"product","2":"type-product","3":"status-publish","5":"product_cat-edebiyat","6":"product_cat-siir","7":"pa_cilt-ciltsiz","8":"pa_tur-kitap","9":"pa_yayinevi-yapi-kredi-yayinlari","10":"pa_yazar-ilhan-berk","12":"first","13":"instock","14":"sale","15":"shipping-taxable","16":"purchasable","17":"product-type-simple"},"_links":{"self":[{"href":"https:\/\/roveyayinevi.com.tr\/index.php\/wp-json\/wp\/v2\/product\/740525","targetHints":{"allow":["GET"]}}],"collection":[{"href":"https:\/\/roveyayinevi.com.tr\/index.php\/wp-json\/wp\/v2\/product"}],"about":[{"href":"https:\/\/roveyayinevi.com.tr\/index.php\/wp-json\/wp\/v2\/types\/product"}],"wp:attachment":[{"href":"https:\/\/roveyayinevi.com.tr\/index.php\/wp-json\/wp\/v2\/media?parent=740525"}],"wp:term":[{"taxonomy":"product_brand","embeddable":true,"href":"https:\/\/roveyayinevi.com.tr\/index.php\/wp-json\/wp\/v2\/product_brand?post=740525"},{"taxonomy":"product_cat","embeddable":true,"href":"https:\/\/roveyayinevi.com.tr\/index.php\/wp-json\/wp\/v2\/product_cat?post=740525"},{"taxonomy":"product_tag","embeddable":true,"href":"https:\/\/roveyayinevi.com.tr\/index.php\/wp-json\/wp\/v2\/product_tag?post=740525"}],"curies":[{"name":"wp","href":"https:\/\/api.w.org\/{rel}","templated":true}]}}