{"id":740520,"date":"2025-08-28T00:28:53","date_gmt":"2025-08-27T21:28:53","guid":{"rendered":"https:\/\/roveyayinevi.com.tr\/index.php\/urun\/cicek\/"},"modified":"2025-11-21T07:55:34","modified_gmt":"2025-11-21T04:55:34","slug":"cicek","status":"publish","type":"product","link":"https:\/\/roveyayinevi.com.tr\/index.php\/urun\/cicek\/","title":{"rendered":"\u00c7i\u00e7ek"},"content":{"rendered":"<p>\u00c7i\u00e7ek\u00c7i\u00e7ek; \u0130stanbul\u2019a, hayata, a\u015fka, insana, d\u00fcne (hatta milattan \u00f6ncesine), bug\u00fcne ve yar\u0131na (hatta3000\u2019li y\u0131llara) dair \u00f6yk\u00fclerden olu\u015fan bir kitap. Bir yan\u0131yla yazar\u0131n g\u00f6rd\u00fcklerinden izler ta\u015f\u0131rken biryandan da d\u00fcnyan\u0131n kadim zamanlardan beri sessizce anlatt\u0131\u011f\u0131 t\u00fcm hikayelerden birer par\u00e7abar\u0131nd\u0131r\u0131yor.G\u00fcn\u00fcm\u00fcz insan\u0131 kelimenin tam anlam\u0131yla ya\u015fam m\u00fccadelesi verirken grilerin aras\u0131na gizlenmi\u015fumut \u0131\u015f\u0131klar\u0131 ile yolculu\u011funu s\u00fcrd\u00fcr\u00fcyor. Bu \u0131\u015f\u0131k kimi zaman bir selam ile geliyor insana, kimi zamantaze bir sabah ile, kimi zaman bakkalda \u00fc\u00e7 kuru\u015fa sat\u0131lan dondurma, bazen de saks\u0131s\u0131nda gururla a\u00e7ang\u00fczel bir \u00e7i\u00e7ek ile.<\/p>\n","protected":false},"excerpt":{"rendered":"<p>\u00c7i\u00e7ek\u00c7i\u00e7ek; \u0130stanbul\u2019a, hayata, a\u015fka, insana, d\u00fcne (hatta milattan \u00f6ncesine), bug\u00fcne ve yar\u0131na (hatta3000\u2019li y\u0131llara) dair \u00f6yk\u00fclerden olu\u015fan bir kitap. Bir yan\u0131yla yazar\u0131n g\u00f6rd\u00fcklerinden izler ta\u015f\u0131rken biryandan<span class=\"excerpt-hellip\"> [\u2026]<\/span><\/p>\n","protected":false},"featured_media":0,"template":"","meta":{"_monsterinsights_skip_tracking":false,"_monsterinsights_sitenote_active":false,"_monsterinsights_sitenote_note":"","_monsterinsights_sitenote_category":0},"product_brand":[],"product_cat":[13701,12291],"product_tag":[],"class_list":{"0":"post-740520","1":"product","2":"type-product","3":"status-publish","5":"product_cat-ani-mektup-gunluk","6":"product_cat-edebiyat","7":"pa_cilt-ciltsiz","8":"pa_tur-kitap","9":"pa_yayinevi-platanus-publishing","10":"pa_yazar-aybike-serttas-ertike","12":"first","13":"instock","14":"sale","15":"shipping-taxable","16":"purchasable","17":"product-type-simple"},"_links":{"self":[{"href":"https:\/\/roveyayinevi.com.tr\/index.php\/wp-json\/wp\/v2\/product\/740520","targetHints":{"allow":["GET"]}}],"collection":[{"href":"https:\/\/roveyayinevi.com.tr\/index.php\/wp-json\/wp\/v2\/product"}],"about":[{"href":"https:\/\/roveyayinevi.com.tr\/index.php\/wp-json\/wp\/v2\/types\/product"}],"wp:attachment":[{"href":"https:\/\/roveyayinevi.com.tr\/index.php\/wp-json\/wp\/v2\/media?parent=740520"}],"wp:term":[{"taxonomy":"product_brand","embeddable":true,"href":"https:\/\/roveyayinevi.com.tr\/index.php\/wp-json\/wp\/v2\/product_brand?post=740520"},{"taxonomy":"product_cat","embeddable":true,"href":"https:\/\/roveyayinevi.com.tr\/index.php\/wp-json\/wp\/v2\/product_cat?post=740520"},{"taxonomy":"product_tag","embeddable":true,"href":"https:\/\/roveyayinevi.com.tr\/index.php\/wp-json\/wp\/v2\/product_tag?post=740520"}],"curies":[{"name":"wp","href":"https:\/\/api.w.org\/{rel}","templated":true}]}}