{"id":740515,"date":"2025-08-28T00:28:46","date_gmt":"2025-08-27T21:28:46","guid":{"rendered":"https:\/\/roveyayinevi.com.tr\/index.php\/urun\/hayalimdeki-hediye\/"},"modified":"2026-04-16T02:51:22","modified_gmt":"2026-04-15T23:51:22","slug":"hayalimdeki-hediye","status":"publish","type":"product","link":"https:\/\/roveyayinevi.com.tr\/index.php\/urun\/hayalimdeki-hediye\/","title":{"rendered":"Hayalimdeki Hediye"},"content":{"rendered":"<p>K\u00fc\u00e7\u00fck bir \u00e7ocuk ile bir k\u00f6pek aras\u0131nda kurulan m\u00fcthi\u015f bir dostlu\u011fun hik\u00e2yesi. Peki, bilin bakal\u0131m bu hik\u00e2yede anlat\u0131c\u0131 kim? Olivier Tallec\u2019ten yeni ba\u015flayan arkada\u015fl\u0131klardaki al\u0131\u015fma s\u00fcreci \u00fczerine insan\u0131 g\u00fcl\u00fcmseten s\u0131ms\u0131cak bir kitap. <\/p>\n","protected":false},"excerpt":{"rendered":"<p>K\u00fc\u00e7\u00fck bir \u00e7ocuk ile bir k\u00f6pek aras\u0131nda kurulan m\u00fcthi\u015f bir dostlu\u011fun hik\u00e2yesi. Peki, bilin bakal\u0131m bu hik\u00e2yede anlat\u0131c\u0131 kim? Olivier Tallec\u2019ten yeni ba\u015flayan arkada\u015fl\u0131klardaki al\u0131\u015fma s\u00fcreci<span class=\"excerpt-hellip\"> [\u2026]<\/span><\/p>\n","protected":false},"featured_media":0,"template":"","meta":{"_monsterinsights_skip_tracking":false,"_monsterinsights_sitenote_active":false,"_monsterinsights_sitenote_note":"","_monsterinsights_sitenote_category":0},"product_brand":[],"product_cat":[12913,12274],"product_tag":[],"class_list":{"0":"post-740515","1":"product","2":"type-product","3":"status-publish","5":"product_cat-3-6-yas-kitaplari","6":"product_cat-cocuk-ve-genclik-kitaplari","7":"pa_cilt-ciltsiz","8":"pa_tur-kitap","9":"pa_yayinevi-yapi-kredi-yayinlari","10":"pa_yazar-olivier-tallec","12":"first","13":"instock","14":"sale","15":"shipping-taxable","16":"purchasable","17":"product-type-simple"},"_links":{"self":[{"href":"https:\/\/roveyayinevi.com.tr\/index.php\/wp-json\/wp\/v2\/product\/740515","targetHints":{"allow":["GET"]}}],"collection":[{"href":"https:\/\/roveyayinevi.com.tr\/index.php\/wp-json\/wp\/v2\/product"}],"about":[{"href":"https:\/\/roveyayinevi.com.tr\/index.php\/wp-json\/wp\/v2\/types\/product"}],"wp:attachment":[{"href":"https:\/\/roveyayinevi.com.tr\/index.php\/wp-json\/wp\/v2\/media?parent=740515"}],"wp:term":[{"taxonomy":"product_brand","embeddable":true,"href":"https:\/\/roveyayinevi.com.tr\/index.php\/wp-json\/wp\/v2\/product_brand?post=740515"},{"taxonomy":"product_cat","embeddable":true,"href":"https:\/\/roveyayinevi.com.tr\/index.php\/wp-json\/wp\/v2\/product_cat?post=740515"},{"taxonomy":"product_tag","embeddable":true,"href":"https:\/\/roveyayinevi.com.tr\/index.php\/wp-json\/wp\/v2\/product_tag?post=740515"}],"curies":[{"name":"wp","href":"https:\/\/api.w.org\/{rel}","templated":true}]}}