{"id":740514,"date":"2025-08-28T00:28:45","date_gmt":"2025-08-27T21:28:45","guid":{"rendered":"https:\/\/roveyayinevi.com.tr\/index.php\/urun\/kucuk-bir-sorunum-var-dedi-ayi\/"},"modified":"2026-04-16T02:51:22","modified_gmt":"2026-04-15T23:51:22","slug":"kucuk-bir-sorunum-var-dedi-ayi","status":"publish","type":"product","link":"https:\/\/roveyayinevi.com.tr\/index.php\/urun\/kucuk-bir-sorunum-var-dedi-ayi\/","title":{"rendered":"K\u00fc\u00e7\u00fck Bir Sorunum Var Dedi Ay\u0131"},"content":{"rendered":"<p>\u201cK\u00fc\u00e7\u00fck bir sorunum var\u201d dedi Ay\u0131. \u201cAcaba\u2026\u201d Ama kimse Ay\u0131\u2019n\u0131n s\u00f6z\u00fcn\u00fc bitirmesine izin vermedi. Ay\u0131 derdini kime a\u00e7maya kalksa kar\u015f\u0131s\u0131ndaki, Ay\u0131\u2019n\u0131n s\u00f6z\u00fcn\u00fc kesip neye ihtiyac\u0131 oldu\u011funu akl\u0131 s\u0131ra s\u00f6yleyiveriyordu. Ay\u0131 tam umudunu kaybetmek \u00fczereyken sine\u011fin teki \u00e7\u0131kt\u0131 ortaya ve kulak verdi Ay\u0131\u2019n\u0131n s\u00f6zlerine\u2026 Dostluk ve kar\u015f\u0131s\u0131ndakini dinlemek \u00fczerine bir kitap. <\/p>\n","protected":false},"excerpt":{"rendered":"<p>\u201cK\u00fc\u00e7\u00fck bir sorunum var\u201d dedi Ay\u0131. \u201cAcaba\u2026\u201d Ama kimse Ay\u0131\u2019n\u0131n s\u00f6z\u00fcn\u00fc bitirmesine izin vermedi. Ay\u0131 derdini kime a\u00e7maya kalksa kar\u015f\u0131s\u0131ndaki, Ay\u0131\u2019n\u0131n s\u00f6z\u00fcn\u00fc kesip neye ihtiyac\u0131 oldu\u011funu<span class=\"excerpt-hellip\"> [\u2026]<\/span><\/p>\n","protected":false},"featured_media":0,"template":"","meta":{"_monsterinsights_skip_tracking":false,"_monsterinsights_sitenote_active":false,"_monsterinsights_sitenote_note":"","_monsterinsights_sitenote_category":0},"product_brand":[],"product_cat":[12913,12274],"product_tag":[],"class_list":{"0":"post-740514","1":"product","2":"type-product","3":"status-publish","5":"product_cat-3-6-yas-kitaplari","6":"product_cat-cocuk-ve-genclik-kitaplari","7":"pa_cilt-ciltsiz","8":"pa_tur-kitap","9":"pa_yayinevi-yapi-kredi-yayinlari","10":"pa_yazar-heinz-janisch","12":"first","13":"instock","14":"sale","15":"shipping-taxable","16":"purchasable","17":"product-type-simple"},"_links":{"self":[{"href":"https:\/\/roveyayinevi.com.tr\/index.php\/wp-json\/wp\/v2\/product\/740514","targetHints":{"allow":["GET"]}}],"collection":[{"href":"https:\/\/roveyayinevi.com.tr\/index.php\/wp-json\/wp\/v2\/product"}],"about":[{"href":"https:\/\/roveyayinevi.com.tr\/index.php\/wp-json\/wp\/v2\/types\/product"}],"wp:attachment":[{"href":"https:\/\/roveyayinevi.com.tr\/index.php\/wp-json\/wp\/v2\/media?parent=740514"}],"wp:term":[{"taxonomy":"product_brand","embeddable":true,"href":"https:\/\/roveyayinevi.com.tr\/index.php\/wp-json\/wp\/v2\/product_brand?post=740514"},{"taxonomy":"product_cat","embeddable":true,"href":"https:\/\/roveyayinevi.com.tr\/index.php\/wp-json\/wp\/v2\/product_cat?post=740514"},{"taxonomy":"product_tag","embeddable":true,"href":"https:\/\/roveyayinevi.com.tr\/index.php\/wp-json\/wp\/v2\/product_tag?post=740514"}],"curies":[{"name":"wp","href":"https:\/\/api.w.org\/{rel}","templated":true}]}}