{"id":740510,"date":"2025-08-28T00:28:39","date_gmt":"2025-08-27T21:28:39","guid":{"rendered":"https:\/\/roveyayinevi.com.tr\/index.php\/urun\/mavi-karga-ile-aslanin-oyunu\/"},"modified":"2026-04-16T02:51:21","modified_gmt":"2026-04-15T23:51:21","slug":"mavi-karga-ile-aslanin-oyunu","status":"publish","type":"product","link":"https:\/\/roveyayinevi.com.tr\/index.php\/urun\/mavi-karga-ile-aslanin-oyunu\/","title":{"rendered":"Mavi Karga ile Aslan\u2019\u0131n Oyunu"},"content":{"rendered":"<p>D\u00fcnyan\u0131n her yerinde etkisini g\u00f6steren koronavir\u00fcs Ormangiller\u2019in ya\u015fam\u0131n\u0131 da de\u011fi\u015ftirmek \u00fczere: Maske, mesafe ve dezenfektan \u00fc\u00e7l\u00fcs\u00fc her yerde! \u201cArt\u0131k \u00f6yk\u00fclerimizi biz yazaca\u011f\u0131z\u201d diyerek Yazar\u2019\u0131 ya\u015famlar\u0131ndan \u00e7\u0131karan Kral Aslan ve E\u015fek\u2019in rengini alan Mavi Karga, bir yandan salg\u0131n \u00f6nlemleriyle ilgilenip bir yandan yaz\u0131evinde yeni ser\u00fcvenleri i\u00e7in \u00e7al\u0131\u015f\u0131rken beklenmeyen konuklar \u00e7\u0131kageliyor&#8230; Kral Fil ve ot\u00e7ul arkada\u015flar\u0131n\u0131 ormanda b\u00fcy\u00fck bir s\u00fcrpriz bekliyor.   Yalva\u00e7 Ural, \u201cMavi E\u015fek\u2019in Ser\u00fcvenleri\u201dnin alt\u0131nc\u0131 kitab\u0131nda da Ormangiller\u2019in renkli d\u00fcnyas\u0131nda dola\u015f\u0131yor: Mavi Karga ile Aslan\u2019\u0131n Oyunu \/ Ormanda Karantina, Yazar\u2019a ve \u00c7izer\u2019e kar\u015f\u0131n, kendi \u00f6yk\u00fclerini yaz\u0131p oynamaya \u00e7al\u0131\u015fan Ormangiller\u2019in g\u00fclmecelerle dolu ya\u015fam\u0131na \u00e7a\u011f\u0131r\u0131yor kitap kurtlar\u0131n\u0131.   <\/p>\n","protected":false},"excerpt":{"rendered":"<p>D\u00fcnyan\u0131n her yerinde etkisini g\u00f6steren koronavir\u00fcs Ormangiller\u2019in ya\u015fam\u0131n\u0131 da de\u011fi\u015ftirmek \u00fczere: Maske, mesafe ve dezenfektan \u00fc\u00e7l\u00fcs\u00fc her yerde! \u201cArt\u0131k \u00f6yk\u00fclerimizi biz yazaca\u011f\u0131z\u201d diyerek Yazar\u2019\u0131 ya\u015famlar\u0131ndan \u00e7\u0131karan<span class=\"excerpt-hellip\"> [\u2026]<\/span><\/p>\n","protected":false},"featured_media":0,"template":"","meta":{"_monsterinsights_skip_tracking":false,"_monsterinsights_sitenote_active":false,"_monsterinsights_sitenote_note":"","_monsterinsights_sitenote_category":0},"product_brand":[],"product_cat":[12275,12274],"product_tag":[],"class_list":{"0":"post-740510","1":"product","2":"type-product","3":"status-publish","5":"product_cat-6-12-yas-kitaplari","6":"product_cat-cocuk-ve-genclik-kitaplari","7":"pa_cilt-ciltsiz","8":"pa_tur-kitap","9":"pa_yayinevi-yapi-kredi-yayinlari","10":"pa_yazar-yalvac-ural","12":"first","13":"instock","14":"sale","15":"shipping-taxable","16":"purchasable","17":"product-type-simple"},"_links":{"self":[{"href":"https:\/\/roveyayinevi.com.tr\/index.php\/wp-json\/wp\/v2\/product\/740510","targetHints":{"allow":["GET"]}}],"collection":[{"href":"https:\/\/roveyayinevi.com.tr\/index.php\/wp-json\/wp\/v2\/product"}],"about":[{"href":"https:\/\/roveyayinevi.com.tr\/index.php\/wp-json\/wp\/v2\/types\/product"}],"wp:attachment":[{"href":"https:\/\/roveyayinevi.com.tr\/index.php\/wp-json\/wp\/v2\/media?parent=740510"}],"wp:term":[{"taxonomy":"product_brand","embeddable":true,"href":"https:\/\/roveyayinevi.com.tr\/index.php\/wp-json\/wp\/v2\/product_brand?post=740510"},{"taxonomy":"product_cat","embeddable":true,"href":"https:\/\/roveyayinevi.com.tr\/index.php\/wp-json\/wp\/v2\/product_cat?post=740510"},{"taxonomy":"product_tag","embeddable":true,"href":"https:\/\/roveyayinevi.com.tr\/index.php\/wp-json\/wp\/v2\/product_tag?post=740510"}],"curies":[{"name":"wp","href":"https:\/\/api.w.org\/{rel}","templated":true}]}}