{"id":740507,"date":"2025-08-28T00:28:36","date_gmt":"2025-08-27T21:28:36","guid":{"rendered":"https:\/\/roveyayinevi.com.tr\/index.php\/urun\/kurani-gida-ve-beslenme-bilimleriye-okumak\/"},"modified":"2026-04-16T02:51:21","modified_gmt":"2026-04-15T23:51:21","slug":"kurani-gida-ve-beslenme-bilimleriye-okumak","status":"publish","type":"product","link":"https:\/\/roveyayinevi.com.tr\/index.php\/urun\/kurani-gida-ve-beslenme-bilimleriye-okumak\/","title":{"rendered":"Kur\u2019an\u2019\u0131 G\u0131da Ve Beslenme Bilimleriye Okumak"},"content":{"rendered":"<p>\u201cHer \u015feyden \u00f6nce insan, yedi\u011fine bir bak\u0131versin. (Abese 80\/24)\u201d \u201c\u00c7a\u011fda\u015f ve Modern!\u201d beslenme tarz\u0131 mevcut sa\u011fl\u0131k problemlerini azaltmay\u0131p art\u0131rmakta ve y\u00fckl\u00fc sa\u011fl\u0131k harcamalar\u0131na yol a\u00e7maktad\u0131r. K\u00fcresel boyuttaki beslenme sorunlar\u0131na \u00f6nerilen beslenme tipleri de \u00e7o\u011fu zaman \u00e7are olamamaktad\u0131r. Sa\u011fl\u0131kl\u0131 beslenmenin yolu, atalar\u0131m\u0131z\u0131n dedi\u011fi gibi, \u201cAz ye, ama \u00f6z ye\u201d ilkesine bir de Kur\u2019an\u2019dan \u00f6\u011frendi\u011fimiz \u201cDo\u011fal beslen, yiyece\u011fini payla\u015f ve israf etme!\u201d ilkelerini de eklemeyi unutmamal\u0131y\u0131z. Kur\u2019an, bak\u0131n bizlere nas\u0131l sesleniyor: \u201c\u0130nsan, yedi\u011fine bir bak\u0131versin!\u201d Bal almak i\u00e7in kendisine \u201cvahyedilen\u201d ar\u0131n\u0131n kovan\u0131ndan tutun, tam tah\u0131l, sebze ve meyve a\u011f\u0131rl\u0131kl\u0131 beslenmeye kadar, \u201cm\u00fcbarek\u201d zeytinya\u011f\u0131n\u0131n eklendi\u011fi me\u015fhur \u201cAkdeniz Diyeti\u201dnin asl\u0131nda \u201cKur\u2019an Diyeti\u201d oldu\u011funu okuyunca \u00e7ok \u015fa\u015f\u0131racaks\u0131n\u0131z. Kur\u2019an\u2019\u0131 Kerim\u2019in sundu\u011fu sa\u011fl\u0131k re\u00e7etesinden, yaln\u0131z g\u0131da bilimcileri, diyetisyenler, halk sa\u011fl\u0131\u011f\u0131 ve sa\u011fl\u0131k uzmanlar\u0131 de\u011fil, mesle\u011finiz, i\u015finiz ne olursa olsun her biriniz istifade edeceksiniz. Bu kitapla, Kur\u2019an\u2019da ge\u00e7en g\u0131dalar ve beslenmeyle ilgili ayetleri, ge\u00e7mi\u015ften g\u00fcn\u00fcm\u00fcze bize ula\u015fan de\u011ferli bak\u0131\u015f a\u00e7\u0131lar\u0131 e\u015fli\u011finde, Yaradan\u2019\u0131n sundu\u011fu yiyecek ve i\u00e7eceklerle ilgili tefekk\u00fcr boyutlu beyin f\u0131rt\u0131nas\u0131 yapacaks\u0131n\u0131z. \u00b7         Her Y\u00f6renin Suyu Neden Farkl\u0131? \u00b7         Tohumu Meyveye Durduran Kim? \u00b7         Ar\u0131 Kovan\u0131nda Kimler Var? \u00b7         S\u00fct Mucizesi Nedir? \u00b7         Baz\u0131 Meyvelere Yemin Edilmesindeki S\u0131r Nedir? \u00b7         Geneti\u011fi De\u011fi\u015ftirilmi\u015f G\u0131dalara Bak\u0131\u015f Nas\u0131l Olmal\u0131? \u00b7         G\u0131dada Kalite, G\u00fcvenlik ve Etik Ni\u00e7in \u00d6nemli? \u00b7         G\u0131da ile Ruhsal G\u00fc\u00e7 \u0130li\u015fkisi Var m\u0131d\u0131r? Bu Sorulara ve Sa\u011fl\u0131kla \u0130lgili Di\u011fer Bir\u00e7ok Meseleye Kur\u2019an Ne Diyor? <\/p>\n","protected":false},"excerpt":{"rendered":"<p>\u201cHer \u015feyden \u00f6nce insan, yedi\u011fine bir bak\u0131versin. (Abese 80\/24)\u201d \u201c\u00c7a\u011fda\u015f ve Modern!\u201d beslenme tarz\u0131 mevcut sa\u011fl\u0131k problemlerini azaltmay\u0131p art\u0131rmakta ve y\u00fckl\u00fc sa\u011fl\u0131k harcamalar\u0131na yol a\u00e7maktad\u0131r. K\u00fcresel<span class=\"excerpt-hellip\"> [\u2026]<\/span><\/p>\n","protected":false},"featured_media":0,"template":"","meta":{"_monsterinsights_skip_tracking":false,"_monsterinsights_sitenote_active":false,"_monsterinsights_sitenote_note":"","_monsterinsights_sitenote_category":0},"product_brand":[],"product_cat":[13366,13365],"product_tag":[],"class_list":{"0":"post-740507","1":"product","2":"type-product","3":"status-publish","5":"product_cat-diger-saglik","6":"product_cat-saglik","7":"pa_cilt-ciltsiz","8":"pa_tur-kitap","9":"pa_yayinevi-hayat-yayinlari","10":"pa_yazar-ismail-sait-dogan","12":"first","13":"instock","14":"sale","15":"shipping-taxable","16":"purchasable","17":"product-type-simple"},"_links":{"self":[{"href":"https:\/\/roveyayinevi.com.tr\/index.php\/wp-json\/wp\/v2\/product\/740507","targetHints":{"allow":["GET"]}}],"collection":[{"href":"https:\/\/roveyayinevi.com.tr\/index.php\/wp-json\/wp\/v2\/product"}],"about":[{"href":"https:\/\/roveyayinevi.com.tr\/index.php\/wp-json\/wp\/v2\/types\/product"}],"wp:attachment":[{"href":"https:\/\/roveyayinevi.com.tr\/index.php\/wp-json\/wp\/v2\/media?parent=740507"}],"wp:term":[{"taxonomy":"product_brand","embeddable":true,"href":"https:\/\/roveyayinevi.com.tr\/index.php\/wp-json\/wp\/v2\/product_brand?post=740507"},{"taxonomy":"product_cat","embeddable":true,"href":"https:\/\/roveyayinevi.com.tr\/index.php\/wp-json\/wp\/v2\/product_cat?post=740507"},{"taxonomy":"product_tag","embeddable":true,"href":"https:\/\/roveyayinevi.com.tr\/index.php\/wp-json\/wp\/v2\/product_tag?post=740507"}],"curies":[{"name":"wp","href":"https:\/\/api.w.org\/{rel}","templated":true}]}}