{"id":740506,"date":"2025-08-28T00:28:34","date_gmt":"2025-08-27T21:28:34","guid":{"rendered":"https:\/\/roveyayinevi.com.tr\/index.php\/urun\/kalpobur\/"},"modified":"2026-04-16T02:51:21","modified_gmt":"2026-04-15T23:51:21","slug":"kalpobur","status":"publish","type":"product","link":"https:\/\/roveyayinevi.com.tr\/index.php\/urun\/kalpobur\/","title":{"rendered":"Kalpobur"},"content":{"rendered":"<p>Olup bitenler, insanlar\u0131n i\u00e7inde sakl\u0131 tuttu\u011fu ya da apa\u00e7\u0131k g\u00f6stermekten \u00e7ekinmedi\u011fi iyi yanlar\u0131na inanmaktan beni vazge\u00e7irmi\u015fti. Tesad\u00fcf eseri tan\u0131\u015ft\u0131\u011f\u0131m ki\u015fi ise insanlar\u0131n i\u00e7indeki iyiye h\u00e2l\u00e2 inan\u0131yordu. O\u2019ndan sonra mutlu sonlar\u0131 \u00e7o\u011faltt\u0131m, k\u00f6t\u00fc biten romanlar\u0131n son sayfalar\u0131n\u0131 y\u0131rtt\u0131m ve ya\u015fam\u0131n bu h\u00e2lini \u00e7ok sevdim. Beni sevgiyle kucaklad\u0131k\u00e7a, bana yak\u0131n olduk\u00e7a var oluyordum&#8230;Hepimiz \u00f6z\u00fcm\u00fczde birer kalpoburduk asl\u0131nda. Bunu saklayabildi\u011fimiz \u00f6l\u00e7\u00fcde hayatla girdi\u011fimiz sava\u015flar\u0131 kazanabiliyor ve d\u0131\u015far\u0131dan bakan g\u00f6zlere g\u00fc\u00e7l\u00fc birisi gibi g\u00f6r\u00fcnebiliyor hatta kanatlan\u0131p u\u00e7abiliyorduk. Yine de istemediklerimiz kar\u015f\u0131m\u0131za \u00e7\u0131k\u0131p durur, ak\u0131\u015f\u0131 kesintiye u\u011frat\u0131r. Ne de olsa hayat kesik kesik akar, hik\u00e2yeler ise uzar gider.Peki, t\u00fcm bunlar ya\u015fad\u0131\u011f\u0131m bir hayat m\u0131 yoksa hik\u00e2ye mi?<\/p>\n","protected":false},"excerpt":{"rendered":"<p>Olup bitenler, insanlar\u0131n i\u00e7inde sakl\u0131 tuttu\u011fu ya da apa\u00e7\u0131k g\u00f6stermekten \u00e7ekinmedi\u011fi iyi yanlar\u0131na inanmaktan beni vazge\u00e7irmi\u015fti. Tesad\u00fcf eseri tan\u0131\u015ft\u0131\u011f\u0131m ki\u015fi ise insanlar\u0131n i\u00e7indeki iyiye h\u00e2l\u00e2 inan\u0131yordu.<span class=\"excerpt-hellip\"> [\u2026]<\/span><\/p>\n","protected":false},"featured_media":0,"template":"","meta":{"_monsterinsights_skip_tracking":false,"_monsterinsights_sitenote_active":false,"_monsterinsights_sitenote_note":"","_monsterinsights_sitenote_category":0},"product_brand":[],"product_cat":[12291,12711],"product_tag":[],"class_list":{"0":"post-740506","1":"product","2":"type-product","3":"status-publish","5":"product_cat-edebiyat","6":"product_cat-roman-oyku","7":"pa_cilt-ciltsiz","8":"pa_tur-kitap","9":"pa_yayinevi-vaveyla-yayincilik","10":"pa_yazar-gulay-aybala-gullu","12":"first","13":"instock","14":"sale","15":"shipping-taxable","16":"purchasable","17":"product-type-simple"},"_links":{"self":[{"href":"https:\/\/roveyayinevi.com.tr\/index.php\/wp-json\/wp\/v2\/product\/740506","targetHints":{"allow":["GET"]}}],"collection":[{"href":"https:\/\/roveyayinevi.com.tr\/index.php\/wp-json\/wp\/v2\/product"}],"about":[{"href":"https:\/\/roveyayinevi.com.tr\/index.php\/wp-json\/wp\/v2\/types\/product"}],"wp:attachment":[{"href":"https:\/\/roveyayinevi.com.tr\/index.php\/wp-json\/wp\/v2\/media?parent=740506"}],"wp:term":[{"taxonomy":"product_brand","embeddable":true,"href":"https:\/\/roveyayinevi.com.tr\/index.php\/wp-json\/wp\/v2\/product_brand?post=740506"},{"taxonomy":"product_cat","embeddable":true,"href":"https:\/\/roveyayinevi.com.tr\/index.php\/wp-json\/wp\/v2\/product_cat?post=740506"},{"taxonomy":"product_tag","embeddable":true,"href":"https:\/\/roveyayinevi.com.tr\/index.php\/wp-json\/wp\/v2\/product_tag?post=740506"}],"curies":[{"name":"wp","href":"https:\/\/api.w.org\/{rel}","templated":true}]}}