{"id":740502,"date":"2025-08-28T00:28:28","date_gmt":"2025-08-27T21:28:28","guid":{"rendered":"https:\/\/roveyayinevi.com.tr\/index.php\/urun\/telezzuz\/"},"modified":"2026-04-16T02:51:21","modified_gmt":"2026-04-15T23:51:21","slug":"telezzuz","status":"publish","type":"product","link":"https:\/\/roveyayinevi.com.tr\/index.php\/urun\/telezzuz\/","title":{"rendered":"Telezz\u00fcz"},"content":{"rendered":"<p>Burak Aziz S\u00fcr\u00fck ve Cengiz \u00c7ak\u0131t\u2019\u0131n mutfa\u011f\u0131ndan bu yepyeni lezzetlerle, sevdikleriniz ya da sadece kendiniz i\u00e7in zevkle tad\u0131na varaca\u011f\u0131n\u0131z muhte\u015fem sofralar haz\u0131rlayabilirsiniz.   Geleneksel T\u00fcrk mutfa\u011f\u0131n\u0131n d\u00fcnya mutfa\u011f\u0131yla incelikle harmanland\u0131\u011f\u0131 Telezz\u00fcz\u2019de yer alan nefis tarifler mutfa\u011fa ilgi duyan herkese m\u00fcthi\u015f bir gastronomi deneyimi vaat ediyor. Kahvalt\u0131 \u00f6nerileri, ba\u015flang\u0131\u00e7lar, ana yemekler, ana yemeklerinize e\u015flik edecek ek lezzetler, tatl\u0131lar ve sa\u011fl\u0131kl\u0131 i\u00e7eceklerin hepsi bu kitapta&#8230; <\/p>\n","protected":false},"excerpt":{"rendered":"<p>Burak Aziz S\u00fcr\u00fck ve Cengiz \u00c7ak\u0131t\u2019\u0131n mutfa\u011f\u0131ndan bu yepyeni lezzetlerle, sevdikleriniz ya da sadece kendiniz i\u00e7in zevkle tad\u0131na varaca\u011f\u0131n\u0131z muhte\u015fem sofralar haz\u0131rlayabilirsiniz. Geleneksel T\u00fcrk mutfa\u011f\u0131n\u0131n d\u00fcnya<span class=\"excerpt-hellip\"> [\u2026]<\/span><\/p>\n","protected":false},"featured_media":0,"template":"","meta":{"_monsterinsights_skip_tracking":false,"_monsterinsights_sitenote_active":false,"_monsterinsights_sitenote_note":"","_monsterinsights_sitenote_category":0},"product_brand":[],"product_cat":[12458,12457],"product_tag":[],"class_list":{"0":"post-740502","1":"product","2":"type-product","3":"status-publish","5":"product_cat-turk-mutfagi","6":"product_cat-yemek-kitaplari","7":"pa_cilt-ciltsiz","8":"pa_tur-kitap","9":"pa_yayinevi-yapi-kredi-yayinlari","10":"pa_yazar-burak-aziz-suruk-cengiz-cakit","12":"first","13":"instock","14":"sale","15":"shipping-taxable","16":"purchasable","17":"product-type-simple"},"_links":{"self":[{"href":"https:\/\/roveyayinevi.com.tr\/index.php\/wp-json\/wp\/v2\/product\/740502","targetHints":{"allow":["GET"]}}],"collection":[{"href":"https:\/\/roveyayinevi.com.tr\/index.php\/wp-json\/wp\/v2\/product"}],"about":[{"href":"https:\/\/roveyayinevi.com.tr\/index.php\/wp-json\/wp\/v2\/types\/product"}],"wp:attachment":[{"href":"https:\/\/roveyayinevi.com.tr\/index.php\/wp-json\/wp\/v2\/media?parent=740502"}],"wp:term":[{"taxonomy":"product_brand","embeddable":true,"href":"https:\/\/roveyayinevi.com.tr\/index.php\/wp-json\/wp\/v2\/product_brand?post=740502"},{"taxonomy":"product_cat","embeddable":true,"href":"https:\/\/roveyayinevi.com.tr\/index.php\/wp-json\/wp\/v2\/product_cat?post=740502"},{"taxonomy":"product_tag","embeddable":true,"href":"https:\/\/roveyayinevi.com.tr\/index.php\/wp-json\/wp\/v2\/product_tag?post=740502"}],"curies":[{"name":"wp","href":"https:\/\/api.w.org\/{rel}","templated":true}]}}