{"id":740501,"date":"2025-08-28T00:28:27","date_gmt":"2025-08-27T21:28:27","guid":{"rendered":"https:\/\/roveyayinevi.com.tr\/index.php\/urun\/tarot-sandigi\/"},"modified":"2026-04-16T02:51:21","modified_gmt":"2026-04-15T23:51:21","slug":"tarot-sandigi","status":"publish","type":"product","link":"https:\/\/roveyayinevi.com.tr\/index.php\/urun\/tarot-sandigi\/","title":{"rendered":"Tarot Sand\u0131\u011f\u0131"},"content":{"rendered":"<p>Evrensel Tarot destesi, 22 B\u00fcy\u00fck Arkana ve 56 K\u00fc\u00e7\u00fck Arkana olmak \u00fczere toplam 78 Tarot kart\u0131ndan olu\u015fmaktad\u0131r. Kartlar \u00fczerinde, aslen \u00fcnl\u00fc \u0130ngiliz ok\u00fclt \u00fcstad\u0131 A. E. Wait&#8217;in f\u0131r\u00e7as\u0131ndan \u00e7\u0131km\u0131\u015f ve usta ressam Roberto de Angelis taraf\u0131ndan yeniden yorumlanm\u0131\u015f ezoterik g\u00f6rseller bulunmaktad\u0131r.   K\u0131lavuzda, 78 kart\u0131n her birinin ta\u015f\u0131d\u0131\u011f\u0131 anlamlar ve bu kartlar\u0131n birbirleriyle ili\u015fkileri Tarot&#8217;a yeni ba\u015flayanlar\u0131n bile rahat\u00e7a anlaya-bilece\u011fi \u015fekilde a\u00e7\u0131klanmaktad\u0131r. Kart a\u00e7\u0131l\u0131mlar\u0131 ve bu a\u00e7\u0131l\u0131mlar\u0131n nas\u0131l okunmas\u0131 gerekti\u011fi de ayr\u0131nt\u0131l\u0131 olarak anlat\u0131lmaktad\u0131r. <\/p>\n","protected":false},"excerpt":{"rendered":"<p>Evrensel Tarot destesi, 22 B\u00fcy\u00fck Arkana ve 56 K\u00fc\u00e7\u00fck Arkana olmak \u00fczere toplam 78 Tarot kart\u0131ndan olu\u015fmaktad\u0131r. Kartlar \u00fczerinde, aslen \u00fcnl\u00fc \u0130ngiliz ok\u00fclt \u00fcstad\u0131 A. E.<span class=\"excerpt-hellip\"> [\u2026]<\/span><\/p>\n","protected":false},"featured_media":0,"template":"","meta":{"_monsterinsights_skip_tracking":false,"_monsterinsights_sitenote_active":false,"_monsterinsights_sitenote_note":"","_monsterinsights_sitenote_category":0},"product_brand":[],"product_cat":[18082,15563],"product_tag":[],"class_list":{"0":"post-740501","1":"product","2":"type-product","3":"status-publish","5":"product_cat-astroloji-fal-ruya","6":"product_cat-hobi","7":"pa_cilt-ciltsiz","8":"pa_tur-kitap20","9":"pa_yayinevi-herdem-kitap","10":"pa_yazar-herdem-kolektif","12":"first","13":"instock","14":"sale","15":"shipping-taxable","16":"purchasable","17":"product-type-simple"},"_links":{"self":[{"href":"https:\/\/roveyayinevi.com.tr\/index.php\/wp-json\/wp\/v2\/product\/740501","targetHints":{"allow":["GET"]}}],"collection":[{"href":"https:\/\/roveyayinevi.com.tr\/index.php\/wp-json\/wp\/v2\/product"}],"about":[{"href":"https:\/\/roveyayinevi.com.tr\/index.php\/wp-json\/wp\/v2\/types\/product"}],"wp:attachment":[{"href":"https:\/\/roveyayinevi.com.tr\/index.php\/wp-json\/wp\/v2\/media?parent=740501"}],"wp:term":[{"taxonomy":"product_brand","embeddable":true,"href":"https:\/\/roveyayinevi.com.tr\/index.php\/wp-json\/wp\/v2\/product_brand?post=740501"},{"taxonomy":"product_cat","embeddable":true,"href":"https:\/\/roveyayinevi.com.tr\/index.php\/wp-json\/wp\/v2\/product_cat?post=740501"},{"taxonomy":"product_tag","embeddable":true,"href":"https:\/\/roveyayinevi.com.tr\/index.php\/wp-json\/wp\/v2\/product_tag?post=740501"}],"curies":[{"name":"wp","href":"https:\/\/api.w.org\/{rel}","templated":true}]}}