{"id":740499,"date":"2025-08-28T00:28:24","date_gmt":"2025-08-27T21:28:24","guid":{"rendered":"https:\/\/roveyayinevi.com.tr\/index.php\/urun\/selim-ileri-c-s-everest-acikhava-22\/"},"modified":"2026-04-16T02:51:21","modified_gmt":"2026-04-15T23:51:21","slug":"selim-ileri-c-s-everest-acikhava-22","status":"publish","type":"product","link":"https:\/\/roveyayinevi.com.tr\/index.php\/urun\/selim-ileri-c-s-everest-acikhava-22\/","title":{"rendered":"Selim \u0130leri: C.S. &#8211; Everest A\u00e7\u0131khava 22"},"content":{"rendered":"<p>\u201cYALNIZLI\u011eIMIZ bu k\u0131r\u0131k \u00f6yk\u00fcn\u00fcn ad\u0131 olabilir\u201d diyor usta yazar Selim \u0130leri bu uzunca \u00f6yk\u00fc i\u00e7in. C.S.\u2019nin ya\u015fam\u0131ndan k\u0131r\u0131nt\u0131lar ve par\u00e7alar aktar\u0131yor. Yaln\u0131z\u0131z romanc\u0131s\u0131n\u0131n ve Z.O.S.\u2019nin arkada\u015f\u0131, Baudelaire\u2019in ruh ikizi bir \u015fairin yitiri\u015flerini, dokunakl\u0131 g\u00fcl\u00fcmseyi\u015fini, en \u00e7ok yaln\u0131zl\u0131\u011f\u0131n\u0131 payla\u015f\u0131yor.   C.S., ilk kez yay\u0131nlanan, sedef kakma sand\u0131ktan \u00e7\u0131kan \u00f6l\u00fcms\u00fcz bir Selim \u0130leri anlat\u0131s\u0131\u2026 <\/p>\n","protected":false},"excerpt":{"rendered":"<p>\u201cYALNIZLI\u011eIMIZ bu k\u0131r\u0131k \u00f6yk\u00fcn\u00fcn ad\u0131 olabilir\u201d diyor usta yazar Selim \u0130leri bu uzunca \u00f6yk\u00fc i\u00e7in. C.S.\u2019nin ya\u015fam\u0131ndan k\u0131r\u0131nt\u0131lar ve par\u00e7alar aktar\u0131yor. Yaln\u0131z\u0131z romanc\u0131s\u0131n\u0131n ve Z.O.S.\u2019nin arkada\u015f\u0131,<span class=\"excerpt-hellip\"> [\u2026]<\/span><\/p>\n","protected":false},"featured_media":0,"template":"","meta":{"_monsterinsights_skip_tracking":false,"_monsterinsights_sitenote_active":false,"_monsterinsights_sitenote_note":"","_monsterinsights_sitenote_category":0},"product_brand":[],"product_cat":[12291,12711],"product_tag":[],"class_list":{"0":"post-740499","1":"product","2":"type-product","3":"status-publish","5":"product_cat-edebiyat","6":"product_cat-roman-oyku","7":"pa_cilt-ciltsiz","8":"pa_tur-kitap","9":"pa_yayinevi-everest-yayinlari","10":"pa_yazar-kolektif","12":"first","13":"instock","14":"sale","15":"shipping-taxable","16":"purchasable","17":"product-type-simple"},"_links":{"self":[{"href":"https:\/\/roveyayinevi.com.tr\/index.php\/wp-json\/wp\/v2\/product\/740499","targetHints":{"allow":["GET"]}}],"collection":[{"href":"https:\/\/roveyayinevi.com.tr\/index.php\/wp-json\/wp\/v2\/product"}],"about":[{"href":"https:\/\/roveyayinevi.com.tr\/index.php\/wp-json\/wp\/v2\/types\/product"}],"wp:attachment":[{"href":"https:\/\/roveyayinevi.com.tr\/index.php\/wp-json\/wp\/v2\/media?parent=740499"}],"wp:term":[{"taxonomy":"product_brand","embeddable":true,"href":"https:\/\/roveyayinevi.com.tr\/index.php\/wp-json\/wp\/v2\/product_brand?post=740499"},{"taxonomy":"product_cat","embeddable":true,"href":"https:\/\/roveyayinevi.com.tr\/index.php\/wp-json\/wp\/v2\/product_cat?post=740499"},{"taxonomy":"product_tag","embeddable":true,"href":"https:\/\/roveyayinevi.com.tr\/index.php\/wp-json\/wp\/v2\/product_tag?post=740499"}],"curies":[{"name":"wp","href":"https:\/\/api.w.org\/{rel}","templated":true}]}}