{"id":740498,"date":"2025-08-28T00:28:23","date_gmt":"2025-08-27T21:28:23","guid":{"rendered":"https:\/\/roveyayinevi.com.tr\/index.php\/urun\/yevgeni-zamyatin-uc-gun-everest-acikhava-25\/"},"modified":"2026-04-16T02:51:21","modified_gmt":"2026-04-15T23:51:21","slug":"yevgeni-zamyatin-uc-gun-everest-acikhava-25","status":"publish","type":"product","link":"https:\/\/roveyayinevi.com.tr\/index.php\/urun\/yevgeni-zamyatin-uc-gun-everest-acikhava-25\/","title":{"rendered":"Yevgeni Zamyatin: \u00dc\u00e7 G\u00fcn &#8211; Everest A\u00e7\u0131khava 25"},"content":{"rendered":"<p>Bu kitapta okuyaca\u011f\u0131n\u0131z, Rus\u00e7a edebiyat\u0131n en \u00f6zg\u00fcn kalemlerinden Yevgeni Zamyatin\u2019in (1884-1937) \u00dc\u00e7 G\u00fcn ba\u015fl\u0131kl\u0131 \u00f6yk\u00fcs\u00fc, 1905\u2019te Odessa\u2019da meydana gelen, tarihte d\u00f6n\u00fcm noktas\u0131 say\u0131lan bir olay \u00fczerine kuruludur: Rus \u0130mparatorluk donanmas\u0131na ait Potemkin z\u0131rhl\u0131s\u0131n\u0131n m\u00fcrettebat\u0131 aristokrat subaylara kar\u015f\u0131 ayaklanm\u0131\u015f, z\u0131rhl\u0131 Odessa\u2019ya yana\u015fm\u0131\u015ft\u0131r. \u00c7arl\u0131k kuvvetleri kente yay\u0131lan isyan\u0131 bast\u0131rmak i\u00e7in harekete ge\u00e7er. Zamyatin, kendisinin de tan\u0131k oldu\u011fu bu durumu bir g\u00f6zlemcinin g\u00f6z\u00fcnden, kentte hissedildi\u011fi \u015fekliyle, bekleyi\u015fler, teredd\u00fctler, korkular ve co\u015fkuyla dile getirir. Yakla\u015fan halk devriminin solu\u011funu ta\u015f\u0131yan bu \u00f6yk\u00fcy\u00fc Sergey Ayzen\u015ftayn\u2019\u0131n y\u00f6netti\u011fi Potemkin Z\u0131rhl\u0131s\u0131 (1925) filminden kareler e\u015fli\u011finde sunuyoruz. <\/p>\n","protected":false},"excerpt":{"rendered":"<p>Bu kitapta okuyaca\u011f\u0131n\u0131z, Rus\u00e7a edebiyat\u0131n en \u00f6zg\u00fcn kalemlerinden Yevgeni Zamyatin\u2019in (1884-1937) \u00dc\u00e7 G\u00fcn ba\u015fl\u0131kl\u0131 \u00f6yk\u00fcs\u00fc, 1905\u2019te Odessa\u2019da meydana gelen, tarihte d\u00f6n\u00fcm noktas\u0131 say\u0131lan bir olay \u00fczerine<span class=\"excerpt-hellip\"> [\u2026]<\/span><\/p>\n","protected":false},"featured_media":0,"template":"","meta":{"_monsterinsights_skip_tracking":false,"_monsterinsights_sitenote_active":false,"_monsterinsights_sitenote_note":"","_monsterinsights_sitenote_category":0},"product_brand":[],"product_cat":[12291,12711],"product_tag":[],"class_list":{"0":"post-740498","1":"product","2":"type-product","3":"status-publish","5":"product_cat-edebiyat","6":"product_cat-roman-oyku","7":"pa_cilt-ciltsiz","8":"pa_tur-kitap","9":"pa_yayinevi-everest-yayinlari","10":"pa_yazar-kolektif","12":"first","13":"instock","14":"sale","15":"shipping-taxable","16":"purchasable","17":"product-type-simple"},"_links":{"self":[{"href":"https:\/\/roveyayinevi.com.tr\/index.php\/wp-json\/wp\/v2\/product\/740498","targetHints":{"allow":["GET"]}}],"collection":[{"href":"https:\/\/roveyayinevi.com.tr\/index.php\/wp-json\/wp\/v2\/product"}],"about":[{"href":"https:\/\/roveyayinevi.com.tr\/index.php\/wp-json\/wp\/v2\/types\/product"}],"wp:attachment":[{"href":"https:\/\/roveyayinevi.com.tr\/index.php\/wp-json\/wp\/v2\/media?parent=740498"}],"wp:term":[{"taxonomy":"product_brand","embeddable":true,"href":"https:\/\/roveyayinevi.com.tr\/index.php\/wp-json\/wp\/v2\/product_brand?post=740498"},{"taxonomy":"product_cat","embeddable":true,"href":"https:\/\/roveyayinevi.com.tr\/index.php\/wp-json\/wp\/v2\/product_cat?post=740498"},{"taxonomy":"product_tag","embeddable":true,"href":"https:\/\/roveyayinevi.com.tr\/index.php\/wp-json\/wp\/v2\/product_tag?post=740498"}],"curies":[{"name":"wp","href":"https:\/\/api.w.org\/{rel}","templated":true}]}}