{"id":740496,"date":"2025-08-28T00:28:21","date_gmt":"2025-08-27T21:28:21","guid":{"rendered":"https:\/\/roveyayinevi.com.tr\/index.php\/urun\/ayrinti-dergisi-sayi-40-bahar-2022\/"},"modified":"2026-04-16T02:51:21","modified_gmt":"2026-04-15T23:51:21","slug":"ayrinti-dergisi-sayi-40-bahar-2022","status":"publish","type":"product","link":"https:\/\/roveyayinevi.com.tr\/index.php\/urun\/ayrinti-dergisi-sayi-40-bahar-2022\/","title":{"rendered":"Ayr\u0131nt\u0131 Dergisi Say\u0131: 40 Bahar 2022"},"content":{"rendered":"<p>Ekonomik krizin derinle\u015fmesiyle birlikte, bu y\u0131l\u0131n ba\u015f\u0131ndan itibaren birbiri ard\u0131na patlak veren i\u015f\u00e7i m\u00fccadelelerine tan\u0131kl\u0131k ettik. Kuryelerden fabrika i\u015f\u00e7ilerine, sa\u011fl\u0131k emek\u00e7ilerinden \u00f6\u011frencilere kadar toplumun \u00e7ok farkl\u0131 kesimleri taleplerini do\u011frudan soka\u011fa \u00e7\u0131karak ifade etme yoluna gidiyorlar. Hen\u00fcz kent meydanlar\u0131nda kitlesel g\u00f6sterilere d\u00f6n\u00fc\u015fm\u00fc\u015f olmasa da bu hareketler, iktidar \u015fiddeti nedeniyle uzun zamandan beri sessizli\u011fe itilen soka\u011f\u0131n yeniden hareketlenmesini sa\u011flad\u0131. Sokaktaki bu hareketlili\u011fe ra\u011fmen &#8220;sokak siyaseti&#8221; ba\u015fta iktidar ve anamuhalefet olmak \u00fczere adeta &#8220;lekeli&#8221; ve &#8220;gayri me\u015fru&#8221; bir siyaset bi\u00e7imi olarak tan\u0131mlanmaya devam ediyor. Parlamenter muhalefet &#8220;ilk se\u00e7imde gidecekler&#8221; s\u00f6ylemi ile iktidardan ho\u015fnutsuz geni\u015f kitleleri sokaktan uzakla\u015ft\u0131rarak sand\u0131\u011fa ve se\u00e7imlere kilitlemek istiyor. Oysa AKP, 20 y\u0131ll\u0131k iktidar d\u00f6nemi boyunca en b\u00fcy\u00fck yaralar\u0131, sokak muhalefetini g\u00fc\u00e7lendi\u011fi d\u00f6nemlerde alm\u0131\u015ft\u0131. Sendikalar ve toplumsal muhalefet hareketleri taraf\u0131ndan \u00f6rg\u00fctlenen SSGSS Eylemleri, TEKEL Direni\u015fi, 4+4+4 Eylemleri, Gezi Direni\u015fi, \u00e7evre m\u00fccadeleleri gibi pek \u00e7ok sokak eylemi, iktidar d\u00f6nemi boyunca AKP&#8217;nin hegemonyas\u0131n\u0131 sarsan ve ad\u0131mlar\u0131n\u0131 sorgulatan eylemler olarak ortaya \u00e7\u0131kt\u0131. Bu say\u0131m\u0131z\u0131n dosya konusunu \u201csokak siyaseti\u201d olarak belirledik ve sokaktaki siyasetin d\u00f6n\u00fc\u015ft\u00fcr\u00fcc\u00fc ve kurucu potansiyeli \u00fczerine tart\u0131\u015fmalar y\u00fcr\u00fctmek istedik.   <\/p>\n","protected":false},"excerpt":{"rendered":"<p>Ekonomik krizin derinle\u015fmesiyle birlikte, bu y\u0131l\u0131n ba\u015f\u0131ndan itibaren birbiri ard\u0131na patlak veren i\u015f\u00e7i m\u00fccadelelerine tan\u0131kl\u0131k ettik. Kuryelerden fabrika i\u015f\u00e7ilerine, sa\u011fl\u0131k emek\u00e7ilerinden \u00f6\u011frencilere kadar toplumun \u00e7ok farkl\u0131<span class=\"excerpt-hellip\"> [\u2026]<\/span><\/p>\n","protected":false},"featured_media":0,"template":"","meta":{"_monsterinsights_skip_tracking":false,"_monsterinsights_sitenote_active":false,"_monsterinsights_sitenote_note":"","_monsterinsights_sitenote_category":0},"product_brand":[],"product_cat":[17574,13527],"product_tag":[],"class_list":{"0":"post-740496","1":"product","2":"type-product","3":"status-publish","5":"product_cat-politika","6":"product_cat-sureli-yayinlar","7":"pa_cilt-ciltsiz","8":"pa_tur-dergi","9":"pa_yayinevi-ayrinti-yayinlari","10":"pa_yazar-ayrinti-yayinlari-kolektif","12":"first","13":"instock","14":"sale","15":"shipping-taxable","16":"purchasable","17":"product-type-simple"},"_links":{"self":[{"href":"https:\/\/roveyayinevi.com.tr\/index.php\/wp-json\/wp\/v2\/product\/740496","targetHints":{"allow":["GET"]}}],"collection":[{"href":"https:\/\/roveyayinevi.com.tr\/index.php\/wp-json\/wp\/v2\/product"}],"about":[{"href":"https:\/\/roveyayinevi.com.tr\/index.php\/wp-json\/wp\/v2\/types\/product"}],"wp:attachment":[{"href":"https:\/\/roveyayinevi.com.tr\/index.php\/wp-json\/wp\/v2\/media?parent=740496"}],"wp:term":[{"taxonomy":"product_brand","embeddable":true,"href":"https:\/\/roveyayinevi.com.tr\/index.php\/wp-json\/wp\/v2\/product_brand?post=740496"},{"taxonomy":"product_cat","embeddable":true,"href":"https:\/\/roveyayinevi.com.tr\/index.php\/wp-json\/wp\/v2\/product_cat?post=740496"},{"taxonomy":"product_tag","embeddable":true,"href":"https:\/\/roveyayinevi.com.tr\/index.php\/wp-json\/wp\/v2\/product_tag?post=740496"}],"curies":[{"name":"wp","href":"https:\/\/api.w.org\/{rel}","templated":true}]}}