{"id":740495,"date":"2025-08-28T00:28:20","date_gmt":"2025-08-27T21:28:20","guid":{"rendered":"https:\/\/roveyayinevi.com.tr\/index.php\/urun\/dillerinde-dunya\/"},"modified":"2026-04-16T02:51:21","modified_gmt":"2026-04-15T23:51:21","slug":"dillerinde-dunya","status":"publish","type":"product","link":"https:\/\/roveyayinevi.com.tr\/index.php\/urun\/dillerinde-dunya\/","title":{"rendered":"Dillerinde D\u00fcnya"},"content":{"rendered":"<p>Dillerinde D\u00fcnya Kitap A\u00e7\u0131klamas\u0131S\u0131cak \u0130li\u015fkiler-Arkas\u0131 Yar\u0131n\u2019da 60\u2019lar\u0131n gergin atmosferini, An\u0131nda G\u00f6r\u00fcnt\u00fc\u2019de 68-86 y\u0131llar\u0131 aras\u0131nda sanat ve edebiyat d\u00fcnyas\u0131nda ya\u015fananlar\u0131 g\u00fc\u00e7l\u00fc kaleminin imbi\u011finden ge\u00e7irerek aktaran Muzaffer Buyruk\u00e7u, bu kez takvimlerin 70\u2019leri g\u00f6sterdi\u011fi zamanlar\u0131 g\u00fcnl\u00fcklerine al\u0131yor. Geride kalan on y\u0131lda, s\u0131k\u0131nt\u0131l\u0131 politik atmosferin yan\u0131nda kendini daha \u00e7ok hissettiren ekonomik darbo\u011faz\u0131n kal\u0131nt\u0131lar\u0131, Buyruk\u00e7u\u2019nun e\u015fsiz g\u00f6zlem yetene\u011fiyle birle\u015fen c\u00fcmleleri arac\u0131l\u0131\u011f\u0131yla yaz\u0131ya d\u00f6k\u00fcl\u00fcyor.Muzaffer Buyruk\u00e7u, Dillerinde D\u00fcnya ad\u0131yla kitapla\u015ft\u0131rd\u0131\u011f\u0131 g\u00fcnl\u00fcklerinde okuru kendi i\u00e7 d\u00fcnyas\u0131ndan \u0130stanbul ve Ankara sokaklar\u0131na uzanan bir yolculu\u011fa \u00e7\u0131karmakla kalmay\u0131p yine d\u00f6nemin sanatsal atmosferini bir cerrah titizli\u011fiyle g\u00f6zler \u00f6n\u00fcne seriyor.<\/p>\n","protected":false},"excerpt":{"rendered":"<p>Dillerinde D\u00fcnya Kitap A\u00e7\u0131klamas\u0131S\u0131cak \u0130li\u015fkiler-Arkas\u0131 Yar\u0131n\u2019da 60\u2019lar\u0131n gergin atmosferini, An\u0131nda G\u00f6r\u00fcnt\u00fc\u2019de 68-86 y\u0131llar\u0131 aras\u0131nda sanat ve edebiyat d\u00fcnyas\u0131nda ya\u015fananlar\u0131 g\u00fc\u00e7l\u00fc kaleminin imbi\u011finden ge\u00e7irerek aktaran Muzaffer Buyruk\u00e7u,<span class=\"excerpt-hellip\"> [\u2026]<\/span><\/p>\n","protected":false},"featured_media":0,"template":"","meta":{"_monsterinsights_skip_tracking":false,"_monsterinsights_sitenote_active":false,"_monsterinsights_sitenote_note":"","_monsterinsights_sitenote_category":0},"product_brand":[],"product_cat":[12365,12364],"product_tag":[],"class_list":{"0":"post-740495","1":"product","2":"type-product","3":"status-publish","5":"product_cat-diger-genel-konular","6":"product_cat-genel-konular","7":"pa_cilt-ciltsiz","8":"pa_tur-kitap","9":"pa_yayinevi-kirmizi-kedi-yayinevi","10":"pa_yazar-muzaffer-buyrukcu","12":"first","13":"instock","14":"sale","15":"shipping-taxable","16":"purchasable","17":"product-type-simple"},"_links":{"self":[{"href":"https:\/\/roveyayinevi.com.tr\/index.php\/wp-json\/wp\/v2\/product\/740495","targetHints":{"allow":["GET"]}}],"collection":[{"href":"https:\/\/roveyayinevi.com.tr\/index.php\/wp-json\/wp\/v2\/product"}],"about":[{"href":"https:\/\/roveyayinevi.com.tr\/index.php\/wp-json\/wp\/v2\/types\/product"}],"wp:attachment":[{"href":"https:\/\/roveyayinevi.com.tr\/index.php\/wp-json\/wp\/v2\/media?parent=740495"}],"wp:term":[{"taxonomy":"product_brand","embeddable":true,"href":"https:\/\/roveyayinevi.com.tr\/index.php\/wp-json\/wp\/v2\/product_brand?post=740495"},{"taxonomy":"product_cat","embeddable":true,"href":"https:\/\/roveyayinevi.com.tr\/index.php\/wp-json\/wp\/v2\/product_cat?post=740495"},{"taxonomy":"product_tag","embeddable":true,"href":"https:\/\/roveyayinevi.com.tr\/index.php\/wp-json\/wp\/v2\/product_tag?post=740495"}],"curies":[{"name":"wp","href":"https:\/\/api.w.org\/{rel}","templated":true}]}}