{"id":740493,"date":"2025-08-28T00:28:17","date_gmt":"2025-08-27T21:28:17","guid":{"rendered":"https:\/\/roveyayinevi.com.tr\/index.php\/urun\/sorular\/"},"modified":"2026-04-16T02:51:20","modified_gmt":"2026-04-15T23:51:20","slug":"sorular","status":"publish","type":"product","link":"https:\/\/roveyayinevi.com.tr\/index.php\/urun\/sorular\/","title":{"rendered":"Sorular"},"content":{"rendered":"<p>\u201cEdebiyat tarihi, yazarlar\u0131n anlam sorusuna getirdi\u011fi \u00e7eli\u015fkili cevaplar\u0131n tarihi de\u011fil, tam tersine bizzat sorunun tarihi olacak art\u0131k.\u201d diyor Barthes. Edebiyat ele\u015ftirisinin b\u00fcy\u00fck ismi, eserinin b\u00fct\u00fcn\u00fcnde soru sormaktan asla vazge\u00e7mez. Cevaplar\u0131n de\u011fil, yaln\u0131zca sorular\u0131n yer ald\u0131\u011f\u0131 bu derleme, Barthes\u2019\u0131n yaz\u0131 maceras\u0131 boyunca sormu\u015f oldu\u011fu b\u00fct\u00fcn sorular\u0131 bir araya getiriyor. \u201cBarthes sadece yaz\u0131ya ve d\u00fcnyaya ili\u015fkin sorgulayan bir eser sunmakla kalm\u0131yor, ayn\u0131 zamanda net, ar\u0131 ve adeta m\u00fcnferit olan, neredeyse bitimsiz bir sorular dizisi de sunuyor.\u201d (Persida Asllani) \u201cBarthes\u2019\u0131n 1920 sorusunun bu \u015fekilde s\u0131ralanmas\u0131, Barthes\u2019\u0131n kendini b\u00fct\u00fcn\u00fcyle yeniden buldu\u011fu, en \u015fa\u015f\u0131rt\u0131c\u0131, en ne\u015feli, en tedirgin edici, en kesin ve en teatral derlemeyi te\u015fkil eder.\u201d (Francis Marmande)<\/p>\n","protected":false},"excerpt":{"rendered":"<p>\u201cEdebiyat tarihi, yazarlar\u0131n anlam sorusuna getirdi\u011fi \u00e7eli\u015fkili cevaplar\u0131n tarihi de\u011fil, tam tersine bizzat sorunun tarihi olacak art\u0131k.\u201d diyor Barthes. Edebiyat ele\u015ftirisinin b\u00fcy\u00fck ismi, eserinin b\u00fct\u00fcn\u00fcnde soru<span class=\"excerpt-hellip\"> [\u2026]<\/span><\/p>\n","protected":false},"featured_media":0,"template":"","meta":{"_monsterinsights_skip_tracking":false,"_monsterinsights_sitenote_active":false,"_monsterinsights_sitenote_note":"","_monsterinsights_sitenote_category":0},"product_brand":[],"product_cat":[12291,12509],"product_tag":[],"class_list":{"0":"post-740493","1":"product","2":"type-product","3":"status-publish","5":"product_cat-edebiyat","6":"product_cat-siir","7":"pa_cilt-ciltsiz","8":"pa_tur-kitap","9":"pa_yayinevi-kirmizi-kedi-yayinevi","10":"pa_yazar-roland-barthes","12":"first","13":"instock","14":"sale","15":"shipping-taxable","16":"purchasable","17":"product-type-simple"},"_links":{"self":[{"href":"https:\/\/roveyayinevi.com.tr\/index.php\/wp-json\/wp\/v2\/product\/740493","targetHints":{"allow":["GET"]}}],"collection":[{"href":"https:\/\/roveyayinevi.com.tr\/index.php\/wp-json\/wp\/v2\/product"}],"about":[{"href":"https:\/\/roveyayinevi.com.tr\/index.php\/wp-json\/wp\/v2\/types\/product"}],"wp:attachment":[{"href":"https:\/\/roveyayinevi.com.tr\/index.php\/wp-json\/wp\/v2\/media?parent=740493"}],"wp:term":[{"taxonomy":"product_brand","embeddable":true,"href":"https:\/\/roveyayinevi.com.tr\/index.php\/wp-json\/wp\/v2\/product_brand?post=740493"},{"taxonomy":"product_cat","embeddable":true,"href":"https:\/\/roveyayinevi.com.tr\/index.php\/wp-json\/wp\/v2\/product_cat?post=740493"},{"taxonomy":"product_tag","embeddable":true,"href":"https:\/\/roveyayinevi.com.tr\/index.php\/wp-json\/wp\/v2\/product_tag?post=740493"}],"curies":[{"name":"wp","href":"https:\/\/api.w.org\/{rel}","templated":true}]}}