{"id":740492,"date":"2025-08-28T00:28:15","date_gmt":"2025-08-27T21:28:15","guid":{"rendered":"https:\/\/roveyayinevi.com.tr\/index.php\/urun\/gibiciler\/"},"modified":"2026-04-16T02:51:20","modified_gmt":"2026-04-15T23:51:20","slug":"gibiciler","status":"publish","type":"product","link":"https:\/\/roveyayinevi.com.tr\/index.php\/urun\/gibiciler\/","title":{"rendered":"Gibiciler"},"content":{"rendered":"<p>Gibiciler Kitap A\u00e7\u0131klamas\u0131\u201cNe benciyiz ne bizci gibiciyiz gibici\u201dT\u00fcrk\u00e7enin \u00f6yk\u00fc gelene\u011finin en s\u0131n\u0131r tan\u0131maz, en k\u0131vrak metinlerinden ger\u00e7ek\u00fcst\u00fcc\u00fcl\u00fc\u011f\u00fcn yaz\u0131nsal sonsuzlu\u011funa varan bir yazar Feyyaz Kayacan.Gibiciler, birbiriyle dirsek temas\u0131nda ama ayn\u0131 zamanda bamba\u015fka d\u00fcnyalara a\u00e7\u0131lan kap\u0131lara sahip \u00fc\u00e7 \u00f6yk\u00fcden olu\u015fuyor. \u015eiirsel bir serzeni\u015f, ironik bir ba\u015fkald\u0131r\u0131, ucu sipsivri kalemle yaz\u0131lm\u0131\u015f bir toplum ve d\u00f6nem ele\u015ftirisi. \u00dcstelik her kelimesini bir kuyumcu titizli\u011fiyle i\u015fliyor.Feyyaz Kayacan\u2019\u0131n \u00f6yk\u00fc d\u00fcnyas\u0131n\u0131n ne denli sonsuz, ne denli e\u011flenceli oldu\u011funu ve dil ve anlat\u0131daki ustal\u0131\u011f\u0131n\u0131 daha yak\u0131ndan g\u00f6receksiniz\u2026<\/p>\n","protected":false},"excerpt":{"rendered":"<p>Gibiciler Kitap A\u00e7\u0131klamas\u0131\u201cNe benciyiz ne bizci gibiciyiz gibici\u201dT\u00fcrk\u00e7enin \u00f6yk\u00fc gelene\u011finin en s\u0131n\u0131r tan\u0131maz, en k\u0131vrak metinlerinden ger\u00e7ek\u00fcst\u00fcc\u00fcl\u00fc\u011f\u00fcn yaz\u0131nsal sonsuzlu\u011funa varan bir yazar Feyyaz Kayacan.Gibiciler, birbiriyle dirsek<span class=\"excerpt-hellip\"> [\u2026]<\/span><\/p>\n","protected":false},"featured_media":0,"template":"","meta":{"_monsterinsights_skip_tracking":false,"_monsterinsights_sitenote_active":false,"_monsterinsights_sitenote_note":"","_monsterinsights_sitenote_category":0},"product_brand":[],"product_cat":[13072,12291],"product_tag":[],"class_list":{"0":"post-740492","1":"product","2":"type-product","3":"status-publish","5":"product_cat-arastirma-inceleme-referans","6":"product_cat-edebiyat","7":"pa_cilt-ciltsiz","8":"pa_tur-kitap","9":"pa_yayinevi-kirmizi-kedi-yayinevi","10":"pa_yazar-feyyaz-kayacan","12":"first","13":"instock","14":"sale","15":"shipping-taxable","16":"purchasable","17":"product-type-simple"},"_links":{"self":[{"href":"https:\/\/roveyayinevi.com.tr\/index.php\/wp-json\/wp\/v2\/product\/740492","targetHints":{"allow":["GET"]}}],"collection":[{"href":"https:\/\/roveyayinevi.com.tr\/index.php\/wp-json\/wp\/v2\/product"}],"about":[{"href":"https:\/\/roveyayinevi.com.tr\/index.php\/wp-json\/wp\/v2\/types\/product"}],"wp:attachment":[{"href":"https:\/\/roveyayinevi.com.tr\/index.php\/wp-json\/wp\/v2\/media?parent=740492"}],"wp:term":[{"taxonomy":"product_brand","embeddable":true,"href":"https:\/\/roveyayinevi.com.tr\/index.php\/wp-json\/wp\/v2\/product_brand?post=740492"},{"taxonomy":"product_cat","embeddable":true,"href":"https:\/\/roveyayinevi.com.tr\/index.php\/wp-json\/wp\/v2\/product_cat?post=740492"},{"taxonomy":"product_tag","embeddable":true,"href":"https:\/\/roveyayinevi.com.tr\/index.php\/wp-json\/wp\/v2\/product_tag?post=740492"}],"curies":[{"name":"wp","href":"https:\/\/api.w.org\/{rel}","templated":true}]}}