{"id":740490,"date":"2025-08-28T00:28:12","date_gmt":"2025-08-27T21:28:12","guid":{"rendered":"https:\/\/roveyayinevi.com.tr\/index.php\/urun\/ukrayna\/"},"modified":"2026-04-16T02:51:20","modified_gmt":"2026-04-15T23:51:20","slug":"ukrayna","status":"publish","type":"product","link":"https:\/\/roveyayinevi.com.tr\/index.php\/urun\/ukrayna\/","title":{"rendered":"Ukrayna"},"content":{"rendered":"<p>Ukrayna &#8211; Tarih Yapan Sava\u015f Kitap A\u00e7\u0131klamas\u0131\u2022 Hasan B\u00f6g\u00fcn: Ukrayna ve Emperyalist Matru\u015fka\u2022 Mehmet Ali G\u00fcller: Rusya\u2019n\u0131n NATO Ku\u015fatmas\u0131n\u0131 Ukrayna\u2019dan Yarma Harek\u00e2t\u0131\u2022 Ceyda Karan: Donbass\u2019\u0131n Sekiz Y\u0131ll\u0131k Sava\u015f\u0131\u2022 Prof.Dr. Bar\u0131\u015f Doster: Ukrayna \u2013 Rusya Sava\u015f\u0131 ve Avrasya\u2022 G\u00f6khun G\u00f6\u00e7men: \u00c7in\u2019in \u201cUkrayna Krizi\u201d Politikas\u0131\u2022 Mehmet K\u0131van\u00e7: ABD\u2019nin Ukrayna\u2019daki Laboratuvarlar\u0131\u2022 Erkin \u00d6ncan: Sava\u015f\u0131n Yalanlar\u0131\u2022 \u00c7a\u011fla \u00dcren: Sosyal Medya Devleri Nas\u0131l Taraf Oldu?\u2022 Emre K\u00f6se: Ukrayna\u2019n\u0131n Neo-Nazizm Sorunu\u2022 Onur Bayrak\u00e7eken: Rusya \u2013 Ukrayna Sava\u015f\u0131 ve K\u00fclt\u00fcrel Pogrom <\/p>\n","protected":false},"excerpt":{"rendered":"<p>Ukrayna &#8211; Tarih Yapan Sava\u015f Kitap A\u00e7\u0131klamas\u0131\u2022 Hasan B\u00f6g\u00fcn: Ukrayna ve Emperyalist Matru\u015fka\u2022 Mehmet Ali G\u00fcller: Rusya\u2019n\u0131n NATO Ku\u015fatmas\u0131n\u0131 Ukrayna\u2019dan Yarma Harek\u00e2t\u0131\u2022 Ceyda Karan: Donbass\u2019\u0131n Sekiz<span class=\"excerpt-hellip\"> [\u2026]<\/span><\/p>\n","protected":false},"featured_media":0,"template":"","meta":{"_monsterinsights_skip_tracking":false,"_monsterinsights_sitenote_active":false,"_monsterinsights_sitenote_note":"","_monsterinsights_sitenote_category":0},"product_brand":[],"product_cat":[18545,12291],"product_tag":[],"class_list":{"0":"post-740490","1":"product","2":"type-product","3":"status-publish","5":"product_cat-anlati","6":"product_cat-edebiyat","7":"pa_cilt-ciltsiz","8":"pa_tur-kitap","9":"pa_yayinevi-kirmizi-kedi-yayinevi","10":"pa_yazar-mehmet-ali-guller","12":"first","13":"instock","14":"sale","15":"shipping-taxable","16":"purchasable","17":"product-type-simple"},"_links":{"self":[{"href":"https:\/\/roveyayinevi.com.tr\/index.php\/wp-json\/wp\/v2\/product\/740490","targetHints":{"allow":["GET"]}}],"collection":[{"href":"https:\/\/roveyayinevi.com.tr\/index.php\/wp-json\/wp\/v2\/product"}],"about":[{"href":"https:\/\/roveyayinevi.com.tr\/index.php\/wp-json\/wp\/v2\/types\/product"}],"wp:attachment":[{"href":"https:\/\/roveyayinevi.com.tr\/index.php\/wp-json\/wp\/v2\/media?parent=740490"}],"wp:term":[{"taxonomy":"product_brand","embeddable":true,"href":"https:\/\/roveyayinevi.com.tr\/index.php\/wp-json\/wp\/v2\/product_brand?post=740490"},{"taxonomy":"product_cat","embeddable":true,"href":"https:\/\/roveyayinevi.com.tr\/index.php\/wp-json\/wp\/v2\/product_cat?post=740490"},{"taxonomy":"product_tag","embeddable":true,"href":"https:\/\/roveyayinevi.com.tr\/index.php\/wp-json\/wp\/v2\/product_tag?post=740490"}],"curies":[{"name":"wp","href":"https:\/\/api.w.org\/{rel}","templated":true}]}}