{"id":740489,"date":"2025-08-28T00:28:11","date_gmt":"2025-08-27T21:28:11","guid":{"rendered":"https:\/\/roveyayinevi.com.tr\/index.php\/urun\/ictihad-kapisi\/"},"modified":"2026-04-16T02:51:20","modified_gmt":"2026-04-15T23:51:20","slug":"ictihad-kapisi","status":"publish","type":"product","link":"https:\/\/roveyayinevi.com.tr\/index.php\/urun\/ictihad-kapisi\/","title":{"rendered":"\u0130\u00e7tihad Kap\u0131s\u0131"},"content":{"rendered":"<p>\u2022 Bu kitap, insanl\u0131k tarihinin en b\u00fcy\u00fck entelekt\u00fcel intihar\u0131n\u0131 ve uygarl\u0131k dramlar\u0131ndan birini anlat\u0131yor. Bu anlamda elinizdeki kitap, Bat\u0131 k\u00fclt\u00fcr havzas\u0131nda ya\u015fayan toplumlar\u0131n, Orta\u00e7a\u011f\u0131 a\u015f\u0131p, ak\u0131l ve bilim \u00e7a\u011f\u0131n\u0131 yakalamalar\u0131na kar\u015f\u0131n, \u0130slam d\u00fcnyas\u0131n\u0131n bunu neden ba\u015faramad\u0131\u011f\u0131n\u0131n hik\u00e2yesidir. \u2022 Merdan Yanarda\u011f, bu kitapta insanl\u0131k tarihinde kal\u0131c\u0131 izler b\u0131rakan b\u00fcy\u00fck bir medeniyetin, geri kalm\u0131\u015fl\u0131k ve sefaletinin nedenlerini sorguluyor. \u0130slam d\u00fcnyas\u0131n\u0131n i\u00e7ine s\u00fcr\u00fcklendi\u011fi \u015fiddet \/ ter\u00f6r sarmal\u0131n\u0131n kaynaklar\u0131n\u0131 ara\u015ft\u0131r\u0131yor. \u2022 Yanarda\u011f, uygarl\u0131\u011f\u0131m\u0131z\u0131n krizi ve gelece\u011fi bak\u0131m\u0131ndan ya\u015famsal de\u011feri olan, \u201c\u0130slam d\u00fcnyas\u0131 neden kendi Orta\u00e7a\u011f\u0131ndan \u00e7\u0131kamad\u0131\u201d sorusunun yan\u0131t\u0131n\u0131 ar\u0131yor. Bu ba\u011flamda, \u201c\u0130\u00e7tihad Kap\u0131s\u0131\u201d denilen \u201cak\u0131l ve yorum yolunun kapat\u0131lmas\u0131\u201d konusunu derinlemesine inceliyor. \u2022 Yanarda\u011f, konuyu, salt bir felsefe tart\u0131\u015fmas\u0131 olmaktan da \u00e7\u0131kar\u0131yor. Tarihten sosyolojiye uzanan bir alanda din-devlet-toplum ili\u015fkisini \u00e7\u00f6z\u00fcml\u00fcyor. B\u00f6ylece kitap, Grek k\u00fclt\u00fcr\u00fc, \u0130slam, Avrupa R\u00f6nesans\u0131 ili\u015fkisine de \u0131\u015f\u0131k tutarak, bir uygarl\u0131k incelemesine d\u00f6n\u00fc\u015f\u00fcyor. \u2022 Nizamiye Medreselerini kuran ve ba\u015f\u0131na Gazali\u2019yi getiren Nizam\u2019\u00fcl-M\u00fclk\u2019\u00fcn devlet felsefesi de kitab\u0131n inceleme alanlar\u0131ndan birini olu\u015fturuyor. Bu anlamda kitap, \u0130mam Gazali &#8211; \u0130bn R\u00fc\u015fd tart\u0131\u015fmas\u0131n\u0131 ele alman\u0131n \u00f6tesine ge\u00e7erek, Sel\u00e7uklular \u00fczerinden bir T\u00fcrk-\u0130slam tarihi \u00e7al\u0131\u015fmas\u0131 niteli\u011fi kazan\u0131yor. \u2022 Dolay\u0131s\u0131yla Yanarda\u011f\u2019\u0131n kitab\u0131, asl\u0131nda g\u00fcncel bir soruna, hepimizin hik\u00e2yesine, \u0130slam d\u00fcnyas\u0131n\u0131n i\u00e7inde bulundu\u011fu karanl\u0131\u011f\u0131n nedenlerine \u0131\u015f\u0131k tutmaya \u00e7al\u0131\u015f\u0131yor.<\/p>\n","protected":false},"excerpt":{"rendered":"<p>\u2022 Bu kitap, insanl\u0131k tarihinin en b\u00fcy\u00fck entelekt\u00fcel intihar\u0131n\u0131 ve uygarl\u0131k dramlar\u0131ndan birini anlat\u0131yor. Bu anlamda elinizdeki kitap, Bat\u0131 k\u00fclt\u00fcr havzas\u0131nda ya\u015fayan toplumlar\u0131n, Orta\u00e7a\u011f\u0131 a\u015f\u0131p, ak\u0131l<span class=\"excerpt-hellip\"> [\u2026]<\/span><\/p>\n","protected":false},"featured_media":0,"template":"","meta":{"_monsterinsights_skip_tracking":false,"_monsterinsights_sitenote_active":false,"_monsterinsights_sitenote_note":"","_monsterinsights_sitenote_category":0},"product_brand":[],"product_cat":[13059,12337],"product_tag":[],"class_list":{"0":"post-740489","1":"product","2":"type-product","3":"status-publish","5":"product_cat-diger-politika-siyaset","6":"product_cat-politika-siyaset","7":"pa_cilt-ciltsiz","8":"pa_tur-kitap","9":"pa_yayinevi-kirmizi-kedi-yayinevi","10":"pa_yazar-merdan-yanardag","12":"first","13":"instock","14":"sale","15":"shipping-taxable","16":"purchasable","17":"product-type-simple"},"_links":{"self":[{"href":"https:\/\/roveyayinevi.com.tr\/index.php\/wp-json\/wp\/v2\/product\/740489","targetHints":{"allow":["GET"]}}],"collection":[{"href":"https:\/\/roveyayinevi.com.tr\/index.php\/wp-json\/wp\/v2\/product"}],"about":[{"href":"https:\/\/roveyayinevi.com.tr\/index.php\/wp-json\/wp\/v2\/types\/product"}],"wp:attachment":[{"href":"https:\/\/roveyayinevi.com.tr\/index.php\/wp-json\/wp\/v2\/media?parent=740489"}],"wp:term":[{"taxonomy":"product_brand","embeddable":true,"href":"https:\/\/roveyayinevi.com.tr\/index.php\/wp-json\/wp\/v2\/product_brand?post=740489"},{"taxonomy":"product_cat","embeddable":true,"href":"https:\/\/roveyayinevi.com.tr\/index.php\/wp-json\/wp\/v2\/product_cat?post=740489"},{"taxonomy":"product_tag","embeddable":true,"href":"https:\/\/roveyayinevi.com.tr\/index.php\/wp-json\/wp\/v2\/product_tag?post=740489"}],"curies":[{"name":"wp","href":"https:\/\/api.w.org\/{rel}","templated":true}]}}