{"id":740488,"date":"2025-08-28T00:28:10","date_gmt":"2025-08-27T21:28:10","guid":{"rendered":"https:\/\/roveyayinevi.com.tr\/index.php\/urun\/atamanoglu-fatih\/"},"modified":"2026-04-16T02:51:20","modified_gmt":"2026-04-15T23:51:20","slug":"atamanoglu-fatih","status":"publish","type":"product","link":"https:\/\/roveyayinevi.com.tr\/index.php\/urun\/atamanoglu-fatih\/","title":{"rendered":"Atamano\u011flu Fatih"},"content":{"rendered":"<p>Mehmet\u2019e yap\u0131lan bir cinayet ve T\u00fcrkiye\u2019ye, ol tarihte Atamanl\u0131lar, lay\u0131k g\u00f6r\u00fclen bir darbedir; faili me\u00e7hul olmay\u0131p \u0130kinci Bayezid\u2019dir, diyoruz. Sonra, Avrupa\u2019da ilerleyemedik ve M\u00fcsl\u00fcman-Arap ikliminde yerle\u015fmek istedik. Neden, neden yapt\u0131k, bunun s\u0131rlar\u0131n\u0131 \u00e7\u00f6zememek bir yana, \u201ctarih\u201d hen\u00fcz bu darbeyi ret ile me\u015fguld\u00fcr. Ve 1571 Leoponte Ha\u00e7l\u0131 Seferini tahrik ettik, sonumuzun habercisi oldu\u011funu bile \u201cbilmiyoruz\u201d. Tarihimiz yoktur, diyemiyoruz. Yazmaya \u00e7al\u0131\u015f\u0131yorum.<\/p>\n","protected":false},"excerpt":{"rendered":"<p>Mehmet\u2019e yap\u0131lan bir cinayet ve T\u00fcrkiye\u2019ye, ol tarihte Atamanl\u0131lar, lay\u0131k g\u00f6r\u00fclen bir darbedir; faili me\u00e7hul olmay\u0131p \u0130kinci Bayezid\u2019dir, diyoruz. Sonra, Avrupa\u2019da ilerleyemedik ve M\u00fcsl\u00fcman-Arap ikliminde yerle\u015fmek<span class=\"excerpt-hellip\"> [\u2026]<\/span><\/p>\n","protected":false},"featured_media":0,"template":"","meta":{"_monsterinsights_skip_tracking":false,"_monsterinsights_sitenote_active":false,"_monsterinsights_sitenote_note":"","_monsterinsights_sitenote_category":0},"product_brand":[],"product_cat":[12370,12304],"product_tag":[],"class_list":{"0":"post-740488","1":"product","2":"type-product","3":"status-publish","5":"product_cat-arastirma-inceleme","6":"product_cat-tarih","7":"pa_cilt-ciltsiz","8":"pa_tur-kitap","9":"pa_yayinevi-kirmizi-kedi-yayinevi","10":"pa_yazar-yalcin-kucuk","12":"first","13":"instock","14":"sale","15":"shipping-taxable","16":"purchasable","17":"product-type-simple"},"_links":{"self":[{"href":"https:\/\/roveyayinevi.com.tr\/index.php\/wp-json\/wp\/v2\/product\/740488","targetHints":{"allow":["GET"]}}],"collection":[{"href":"https:\/\/roveyayinevi.com.tr\/index.php\/wp-json\/wp\/v2\/product"}],"about":[{"href":"https:\/\/roveyayinevi.com.tr\/index.php\/wp-json\/wp\/v2\/types\/product"}],"wp:attachment":[{"href":"https:\/\/roveyayinevi.com.tr\/index.php\/wp-json\/wp\/v2\/media?parent=740488"}],"wp:term":[{"taxonomy":"product_brand","embeddable":true,"href":"https:\/\/roveyayinevi.com.tr\/index.php\/wp-json\/wp\/v2\/product_brand?post=740488"},{"taxonomy":"product_cat","embeddable":true,"href":"https:\/\/roveyayinevi.com.tr\/index.php\/wp-json\/wp\/v2\/product_cat?post=740488"},{"taxonomy":"product_tag","embeddable":true,"href":"https:\/\/roveyayinevi.com.tr\/index.php\/wp-json\/wp\/v2\/product_tag?post=740488"}],"curies":[{"name":"wp","href":"https:\/\/api.w.org\/{rel}","templated":true}]}}