{"id":740487,"date":"2025-08-28T00:28:08","date_gmt":"2025-08-27T21:28:08","guid":{"rendered":"https:\/\/roveyayinevi.com.tr\/index.php\/urun\/johann-peter-hebel-secme-takvim-oykuleri-everest-acikhava-23\/"},"modified":"2026-04-16T02:51:20","modified_gmt":"2026-04-15T23:51:20","slug":"johann-peter-hebel-secme-takvim-oykuleri-everest-acikhava-23","status":"publish","type":"product","link":"https:\/\/roveyayinevi.com.tr\/index.php\/urun\/johann-peter-hebel-secme-takvim-oykuleri-everest-acikhava-23\/","title":{"rendered":"Johann Peter Hebel: Se\u00e7me Takvim \u00d6yk\u00fcleri -Everest A\u00e7\u0131khava 23"},"content":{"rendered":"<p>Alman edebiyat\u0131n\u0131n kurucu yazarlar\u0131ndan say\u0131lan Johann Peter Hebel (1760-1826), 19. y\u00fczy\u0131l\u0131n ba\u015flar\u0131nda yay\u0131mlanan bir takvim i\u00e7in k\u0131ssa tarz\u0131nda \u00f6yk\u00fcler yazd\u0131. S\u00f6zl\u00fc edebiyattan, ku\u015faktan ku\u015fa\u011fa ge\u00e7en anlat\u0131lardan beslenen bu metinler g\u00fcndelik olaylar\u0131 ve s\u0131radan insanlar\u0131n hayatlar\u0131n\u0131 mercek alt\u0131na al\u0131yor. Elinizdeki Se\u00e7me Takvim \u00d6yk\u00fcleri\u2019nde biz de Hebel\u2019in e\u011flenceli ve \u015fa\u015f\u0131rt\u0131c\u0131 hisseler \u00e7\u0131kard\u0131\u011f\u0131 bu k\u0131ssalardan baz\u0131lar\u0131n\u0131 bir araya getirdik. Zaman\u0131n\u0131n \u00f6tesinde bir g\u00f6zlem yetene\u011fiyle kaleme al\u0131nm\u0131\u015f bu \u00f6yk\u00fcler incelikli bi\u00e7emiyle \u00e7a\u011fda\u015f okura da ilham verecektir. <\/p>\n","protected":false},"excerpt":{"rendered":"<p>Alman edebiyat\u0131n\u0131n kurucu yazarlar\u0131ndan say\u0131lan Johann Peter Hebel (1760-1826), 19. y\u00fczy\u0131l\u0131n ba\u015flar\u0131nda yay\u0131mlanan bir takvim i\u00e7in k\u0131ssa tarz\u0131nda \u00f6yk\u00fcler yazd\u0131. S\u00f6zl\u00fc edebiyattan, ku\u015faktan ku\u015fa\u011fa ge\u00e7en anlat\u0131lardan<span class=\"excerpt-hellip\"> [\u2026]<\/span><\/p>\n","protected":false},"featured_media":0,"template":"","meta":{"_monsterinsights_skip_tracking":false,"_monsterinsights_sitenote_active":false,"_monsterinsights_sitenote_note":"","_monsterinsights_sitenote_category":0},"product_brand":[],"product_cat":[12291,12711],"product_tag":[],"class_list":{"0":"post-740487","1":"product","2":"type-product","3":"status-publish","5":"product_cat-edebiyat","6":"product_cat-roman-oyku","7":"pa_cilt-ciltsiz","8":"pa_tur-kitap","9":"pa_yayinevi-everest-yayinlari","10":"pa_yazar-kolektif","12":"first","13":"instock","14":"sale","15":"shipping-taxable","16":"purchasable","17":"product-type-simple"},"_links":{"self":[{"href":"https:\/\/roveyayinevi.com.tr\/index.php\/wp-json\/wp\/v2\/product\/740487","targetHints":{"allow":["GET"]}}],"collection":[{"href":"https:\/\/roveyayinevi.com.tr\/index.php\/wp-json\/wp\/v2\/product"}],"about":[{"href":"https:\/\/roveyayinevi.com.tr\/index.php\/wp-json\/wp\/v2\/types\/product"}],"wp:attachment":[{"href":"https:\/\/roveyayinevi.com.tr\/index.php\/wp-json\/wp\/v2\/media?parent=740487"}],"wp:term":[{"taxonomy":"product_brand","embeddable":true,"href":"https:\/\/roveyayinevi.com.tr\/index.php\/wp-json\/wp\/v2\/product_brand?post=740487"},{"taxonomy":"product_cat","embeddable":true,"href":"https:\/\/roveyayinevi.com.tr\/index.php\/wp-json\/wp\/v2\/product_cat?post=740487"},{"taxonomy":"product_tag","embeddable":true,"href":"https:\/\/roveyayinevi.com.tr\/index.php\/wp-json\/wp\/v2\/product_tag?post=740487"}],"curies":[{"name":"wp","href":"https:\/\/api.w.org\/{rel}","templated":true}]}}