{"id":740486,"date":"2025-08-28T00:28:07","date_gmt":"2025-08-27T21:28:07","guid":{"rendered":"https:\/\/roveyayinevi.com.tr\/index.php\/urun\/ahmet-diyor-ki-sevelim-sevilelim\/"},"modified":"2026-04-16T02:51:20","modified_gmt":"2026-04-15T23:51:20","slug":"ahmet-diyor-ki-sevelim-sevilelim","status":"publish","type":"product","link":"https:\/\/roveyayinevi.com.tr\/index.php\/urun\/ahmet-diyor-ki-sevelim-sevilelim\/","title":{"rendered":"Ahmet Diyor ki- Sevelim Sevilelim"},"content":{"rendered":"<p>\u0130htiyac\u0131m\u0131z var bizim Sevgiye kalbimizin Hep beraber el ele Sevelim sevilelim Dostluk nedir bilelim Vefa nedir g\u00f6sterelim Karde\u015f\u00e7e y\u00fcr\u00fcyelim Kalbimizle sevelim G\u00f6zlerimiz p\u0131r\u0131l p\u0131r\u0131l Kalbimiz c\u0131v\u0131l c\u0131v\u0131l Y\u00fczleri g\u00fcld\u00fcrelim Sevelim sevilelim<\/p>\n","protected":false},"excerpt":{"rendered":"<p>\u0130htiyac\u0131m\u0131z var bizim Sevgiye kalbimizin Hep beraber el ele Sevelim sevilelim Dostluk nedir bilelim Vefa nedir g\u00f6sterelim Karde\u015f\u00e7e y\u00fcr\u00fcyelim Kalbimizle sevelim G\u00f6zlerimiz p\u0131r\u0131l p\u0131r\u0131l Kalbimiz c\u0131v\u0131l<span class=\"excerpt-hellip\"> [\u2026]<\/span><\/p>\n","protected":false},"featured_media":0,"template":"","meta":{"_monsterinsights_skip_tracking":false,"_monsterinsights_sitenote_active":false,"_monsterinsights_sitenote_note":"","_monsterinsights_sitenote_category":0},"product_brand":[],"product_cat":[12274,12631],"product_tag":[],"class_list":{"0":"post-740486","1":"product","2":"type-product","3":"status-publish","5":"product_cat-cocuk-ve-genclik-kitaplari","6":"product_cat-diger-cocuk-ve-genclik-kitaplari","7":"pa_cilt-ciltsiz","8":"pa_tur-kitap","9":"pa_yayinevi-luna-yayinlari","10":"pa_yazar-sevgi-sertbas","12":"first","13":"instock","14":"sale","15":"shipping-taxable","16":"purchasable","17":"product-type-simple"},"_links":{"self":[{"href":"https:\/\/roveyayinevi.com.tr\/index.php\/wp-json\/wp\/v2\/product\/740486","targetHints":{"allow":["GET"]}}],"collection":[{"href":"https:\/\/roveyayinevi.com.tr\/index.php\/wp-json\/wp\/v2\/product"}],"about":[{"href":"https:\/\/roveyayinevi.com.tr\/index.php\/wp-json\/wp\/v2\/types\/product"}],"wp:attachment":[{"href":"https:\/\/roveyayinevi.com.tr\/index.php\/wp-json\/wp\/v2\/media?parent=740486"}],"wp:term":[{"taxonomy":"product_brand","embeddable":true,"href":"https:\/\/roveyayinevi.com.tr\/index.php\/wp-json\/wp\/v2\/product_brand?post=740486"},{"taxonomy":"product_cat","embeddable":true,"href":"https:\/\/roveyayinevi.com.tr\/index.php\/wp-json\/wp\/v2\/product_cat?post=740486"},{"taxonomy":"product_tag","embeddable":true,"href":"https:\/\/roveyayinevi.com.tr\/index.php\/wp-json\/wp\/v2\/product_tag?post=740486"}],"curies":[{"name":"wp","href":"https:\/\/api.w.org\/{rel}","templated":true}]}}