{"id":740485,"date":"2025-08-28T00:28:05","date_gmt":"2025-08-27T21:28:05","guid":{"rendered":"https:\/\/roveyayinevi.com.tr\/index.php\/urun\/ben-hep-buradaydim\/"},"modified":"2026-04-16T02:51:20","modified_gmt":"2026-04-15T23:51:20","slug":"ben-hep-buradaydim","status":"publish","type":"product","link":"https:\/\/roveyayinevi.com.tr\/index.php\/urun\/ben-hep-buradaydim\/","title":{"rendered":"Ben Hep Buradayd\u0131m"},"content":{"rendered":"<p>I\u015f\u0131k yoksa kendimizi g\u00f6rebilir miyiz aynada, bir ku\u015f kanat \u00e7\u0131rpabilir mi karanl\u0131kta? Ne yapar\u0131z g\u00f6kteki G\u00fcne\u015f bizi ayd\u0131nlatmazsa? Perdeleri a\u00e7t\u0131k, beklemeye ba\u015flad\u0131k&#8230; Sahi, neredeydi \u0131\u015f\u0131k? I\u015f\u0131\u011f\u0131n\u0131z\u0131 ke\u015ffetmeye haz\u0131r m\u0131s\u0131n\u0131z?<\/p>\n","protected":false},"excerpt":{"rendered":"<p>I\u015f\u0131k yoksa kendimizi g\u00f6rebilir miyiz aynada, bir ku\u015f kanat \u00e7\u0131rpabilir mi karanl\u0131kta? Ne yapar\u0131z g\u00f6kteki G\u00fcne\u015f bizi ayd\u0131nlatmazsa? Perdeleri a\u00e7t\u0131k, beklemeye ba\u015flad\u0131k&#8230; Sahi, neredeydi \u0131\u015f\u0131k? I\u015f\u0131\u011f\u0131n\u0131z\u0131<span class=\"excerpt-hellip\"> [\u2026]<\/span><\/p>\n","protected":false},"featured_media":0,"template":"","meta":{"_monsterinsights_skip_tracking":false,"_monsterinsights_sitenote_active":false,"_monsterinsights_sitenote_note":"","_monsterinsights_sitenote_category":0},"product_brand":[],"product_cat":[12274,12284],"product_tag":[],"class_list":{"0":"post-740485","1":"product","2":"type-product","3":"status-publish","5":"product_cat-cocuk-ve-genclik-kitaplari","6":"product_cat-hikayeler","7":"pa_cilt-ciltsiz","8":"pa_tur-kitap","9":"pa_yayinevi-abm-yayinevi","10":"pa_yazar-abm-yayinevi-kolektif","12":"first","13":"instock","14":"sale","15":"shipping-taxable","16":"purchasable","17":"product-type-simple"},"_links":{"self":[{"href":"https:\/\/roveyayinevi.com.tr\/index.php\/wp-json\/wp\/v2\/product\/740485","targetHints":{"allow":["GET"]}}],"collection":[{"href":"https:\/\/roveyayinevi.com.tr\/index.php\/wp-json\/wp\/v2\/product"}],"about":[{"href":"https:\/\/roveyayinevi.com.tr\/index.php\/wp-json\/wp\/v2\/types\/product"}],"wp:attachment":[{"href":"https:\/\/roveyayinevi.com.tr\/index.php\/wp-json\/wp\/v2\/media?parent=740485"}],"wp:term":[{"taxonomy":"product_brand","embeddable":true,"href":"https:\/\/roveyayinevi.com.tr\/index.php\/wp-json\/wp\/v2\/product_brand?post=740485"},{"taxonomy":"product_cat","embeddable":true,"href":"https:\/\/roveyayinevi.com.tr\/index.php\/wp-json\/wp\/v2\/product_cat?post=740485"},{"taxonomy":"product_tag","embeddable":true,"href":"https:\/\/roveyayinevi.com.tr\/index.php\/wp-json\/wp\/v2\/product_tag?post=740485"}],"curies":[{"name":"wp","href":"https:\/\/api.w.org\/{rel}","templated":true}]}}