{"id":740484,"date":"2025-08-28T00:28:04","date_gmt":"2025-08-27T21:28:04","guid":{"rendered":"https:\/\/roveyayinevi.com.tr\/index.php\/urun\/lulluna\/"},"modified":"2026-04-16T02:51:20","modified_gmt":"2026-04-15T23:51:20","slug":"lulluna","status":"publish","type":"product","link":"https:\/\/roveyayinevi.com.tr\/index.php\/urun\/lulluna\/","title":{"rendered":"Lulluna"},"content":{"rendered":"<p>Lulluna o sabah uyand\u0131\u011f\u0131nda keyifsizdi. Her sabah s\u00f6yledi\u011fi gibi ne\u015feli bir \u015fark\u0131 s\u00f6ylemedi. Minik g\u00f6z kapaklar\u0131n\u0131 tam a\u00e7amad\u0131 bile. Acaba bu yeni g\u00fcn, Lulluna i\u00e7in her zamankinden daha farkl\u0131 m\u0131 olacakt\u0131? Lulluna ile bak\u0131\u015f a\u00e7\u0131n\u0131 de\u011fi\u015ftirmeye haz\u0131r m\u0131s\u0131n? <\/p>\n","protected":false},"excerpt":{"rendered":"<p>Lulluna o sabah uyand\u0131\u011f\u0131nda keyifsizdi. Her sabah s\u00f6yledi\u011fi gibi ne\u015feli bir \u015fark\u0131 s\u00f6ylemedi. Minik g\u00f6z kapaklar\u0131n\u0131 tam a\u00e7amad\u0131 bile. Acaba bu yeni g\u00fcn, Lulluna i\u00e7in her<span class=\"excerpt-hellip\"> [\u2026]<\/span><\/p>\n","protected":false},"featured_media":0,"template":"","meta":{"_monsterinsights_skip_tracking":false,"_monsterinsights_sitenote_active":false,"_monsterinsights_sitenote_note":"","_monsterinsights_sitenote_category":0},"product_brand":[],"product_cat":[12274,15842],"product_tag":[],"class_list":{"0":"post-740484","1":"product","2":"type-product","3":"status-publish","5":"product_cat-cocuk-ve-genclik-kitaplari","6":"product_cat-egitici-kitaplar","7":"pa_cilt-ciltsiz","8":"pa_tur-kitap","9":"pa_yayinevi-abm-yayinevi","10":"pa_yazar-mehtap-arat","12":"first","13":"instock","14":"sale","15":"shipping-taxable","16":"purchasable","17":"product-type-simple"},"_links":{"self":[{"href":"https:\/\/roveyayinevi.com.tr\/index.php\/wp-json\/wp\/v2\/product\/740484","targetHints":{"allow":["GET"]}}],"collection":[{"href":"https:\/\/roveyayinevi.com.tr\/index.php\/wp-json\/wp\/v2\/product"}],"about":[{"href":"https:\/\/roveyayinevi.com.tr\/index.php\/wp-json\/wp\/v2\/types\/product"}],"wp:attachment":[{"href":"https:\/\/roveyayinevi.com.tr\/index.php\/wp-json\/wp\/v2\/media?parent=740484"}],"wp:term":[{"taxonomy":"product_brand","embeddable":true,"href":"https:\/\/roveyayinevi.com.tr\/index.php\/wp-json\/wp\/v2\/product_brand?post=740484"},{"taxonomy":"product_cat","embeddable":true,"href":"https:\/\/roveyayinevi.com.tr\/index.php\/wp-json\/wp\/v2\/product_cat?post=740484"},{"taxonomy":"product_tag","embeddable":true,"href":"https:\/\/roveyayinevi.com.tr\/index.php\/wp-json\/wp\/v2\/product_tag?post=740484"}],"curies":[{"name":"wp","href":"https:\/\/api.w.org\/{rel}","templated":true}]}}