{"id":740482,"date":"2025-08-28T00:28:01","date_gmt":"2025-08-27T21:28:01","guid":{"rendered":"https:\/\/roveyayinevi.com.tr\/index.php\/urun\/national-geographic-kids-kutup-ayilari\/"},"modified":"2026-04-16T02:51:20","modified_gmt":"2026-04-15T23:51:20","slug":"national-geographic-kids-kutup-ayilari","status":"publish","type":"product","link":"https:\/\/roveyayinevi.com.tr\/index.php\/urun\/national-geographic-kids-kutup-ayilari\/","title":{"rendered":"National Geographic Kids Kutup Ay\u0131lar\u0131"},"content":{"rendered":"<p>National Geographic Okuma Serisi kitaplar\u0131, \u00e7ocuklar\u0131n merak etti\u011fi ilgi \u00e7ekici konular hakk\u0131nda bilgiler verir. Yeni kelimeler \u00f6\u011frenmeye hevesli \u00e7ocuklar i\u00e7in bu kelimelerin tan\u0131mlar\u0131 her b\u00f6lu\u0308mde a\u00e7\u0131klan\u0131r, cu\u0308mle i\u00e7inde kullan\u0131l\u0131r. Uzman foto\u011fraf\u00e7\u0131lar\u0131n foto\u011fraflar\u0131 ve ger\u00e7ek\u00e7i \u00e7izimlerle benzersiz bir okuma deneyimi sunar.<\/p>\n","protected":false},"excerpt":{"rendered":"<p>National Geographic Okuma Serisi kitaplar\u0131, \u00e7ocuklar\u0131n merak etti\u011fi ilgi \u00e7ekici konular hakk\u0131nda bilgiler verir. Yeni kelimeler \u00f6\u011frenmeye hevesli \u00e7ocuklar i\u00e7in bu kelimelerin tan\u0131mlar\u0131 her b\u00f6lu\u0308mde a\u00e7\u0131klan\u0131r,<span class=\"excerpt-hellip\"> [\u2026]<\/span><\/p>\n","protected":false},"featured_media":0,"template":"","meta":{"_monsterinsights_skip_tracking":false,"_monsterinsights_sitenote_active":false,"_monsterinsights_sitenote_note":"","_monsterinsights_sitenote_category":0},"product_brand":[],"product_cat":[12274,15842],"product_tag":[],"class_list":{"0":"post-740482","1":"product","2":"type-product","3":"status-publish","5":"product_cat-cocuk-ve-genclik-kitaplari","6":"product_cat-egitici-kitaplar","7":"pa_cilt-ciltsiz","8":"pa_tur-kitap","9":"pa_yayinevi-beta-kids","10":"pa_yazar-laura-marsh","12":"first","13":"instock","14":"sale","15":"shipping-taxable","16":"purchasable","17":"product-type-simple"},"_links":{"self":[{"href":"https:\/\/roveyayinevi.com.tr\/index.php\/wp-json\/wp\/v2\/product\/740482","targetHints":{"allow":["GET"]}}],"collection":[{"href":"https:\/\/roveyayinevi.com.tr\/index.php\/wp-json\/wp\/v2\/product"}],"about":[{"href":"https:\/\/roveyayinevi.com.tr\/index.php\/wp-json\/wp\/v2\/types\/product"}],"wp:attachment":[{"href":"https:\/\/roveyayinevi.com.tr\/index.php\/wp-json\/wp\/v2\/media?parent=740482"}],"wp:term":[{"taxonomy":"product_brand","embeddable":true,"href":"https:\/\/roveyayinevi.com.tr\/index.php\/wp-json\/wp\/v2\/product_brand?post=740482"},{"taxonomy":"product_cat","embeddable":true,"href":"https:\/\/roveyayinevi.com.tr\/index.php\/wp-json\/wp\/v2\/product_cat?post=740482"},{"taxonomy":"product_tag","embeddable":true,"href":"https:\/\/roveyayinevi.com.tr\/index.php\/wp-json\/wp\/v2\/product_tag?post=740482"}],"curies":[{"name":"wp","href":"https:\/\/api.w.org\/{rel}","templated":true}]}}