{"id":740478,"date":"2025-08-28T00:27:55","date_gmt":"2025-08-27T21:27:55","guid":{"rendered":"https:\/\/roveyayinevi.com.tr\/index.php\/urun\/gullerin-ihaneti-ciltli\/"},"modified":"2026-04-16T02:51:20","modified_gmt":"2026-04-15T23:51:20","slug":"gullerin-ihaneti-ciltli","status":"publish","type":"product","link":"https:\/\/roveyayinevi.com.tr\/index.php\/urun\/gullerin-ihaneti-ciltli\/","title":{"rendered":"G\u00fcllerin \u0130haneti  (Ciltli)"},"content":{"rendered":"<p>\u201cBurada g\u00fcller, a\u015fk\u0131 de\u011fil ihaneti simgeler.\u201d   Sirius Halk\u0131! Atalar\u0131m\u0131n y\u00fczy\u0131llar \u00f6nce kurmu\u015f oldu\u011fu Sirius \u0130mparatorlu\u011fu\u2019nun ba\u015f\u0131na ge\u00e7ti\u011fim ilk g\u00fcnden itibaren bu \u00fclkeyi onurumla y\u00f6netiyorum. Refah ve huzur i\u00e7inde olan \u00fclkemiz, tanr\u0131lar\u0131n \u00e7ocuklar\u0131m\u0131z\u0131 lanetlemesiyle birlikte y\u0131llard\u0131r bir k\u00e2bus ya\u015f\u0131yor. \u00c7ocuklar\u0131m\u0131z\u0131 bu lanetten kurtarmak ve \u00fclkemizi tekrar huzura kavu\u015fturabilmek i\u00e7in verdi\u011fimiz m\u00fccadelede imparatorlu\u011fumuzun tek v\u00e2risi ve prensesi olan k\u0131z\u0131m, Victoria Sirius, ka\u00e7\u0131r\u0131ld\u0131.   Alexander Brown, v\u00e2risimizi geri getirmek i\u00e7in yapt\u0131\u011f\u0131 \u00e7al\u0131\u015fmalar s\u0131ras\u0131nda kendilerine Hamal Birli\u011fi ad\u0131 veren bir \u00f6rg\u00fct\u00fcn izlerine rastlad\u0131. K\u0131z\u0131m\u0131 ka\u00e7\u0131ran bu \u00f6rg\u00fct, sizlerin \u00e7ocuklar\u0131n\u0131 da ka\u00e7\u0131rmakla kalmay\u0131p lanetlerini kullanmalar\u0131 i\u00e7in beyinlerini y\u0131kayarak kendi \u00e7ocuklar\u0131m\u0131z\u0131 \u00fclkemiz i\u00e7in bir tehdit olarak kullanmak istiyor.   Bu yapt\u0131klar\u0131yla imparatorlu\u011fumuza sava\u015f a\u00e7m\u0131\u015f kabul edilen Hamal Birli\u011fi\u2019ne ve siz de\u011ferli halk\u0131ma sesleniyorum. \u00dclkemizin tek v\u00e2risi ve prensesi olan k\u0131z\u0131m Victoria Sirius\u2019un en yak\u0131n zamanda saraya teslim edilmesini emrediyorum! Emirlerime kar\u015f\u0131 gelen ve lanetini kullanmaya \u00e7al\u0131\u015fan her kim olursa olsun, ya\u015f\u0131na ve nereden geldi\u011fine bak\u0131lmaks\u0131z\u0131n, derhal idam edilecektir!    \u201cBen bug\u00fcne kadar sadece seninle olan an\u0131lar\u0131ma tutunarak hayatta kald\u0131m. Seninle kurdu\u011fum hayallere inanarak \u00f6l\u00fclerden olu\u015fan bir adada silba\u015ftan bir hayat yaratt\u0131m! Sen olmadan bile bu kadar \u015fey ba\u015farm\u0131\u015fken sen yan\u0131mdayken nas\u0131l kaybedebilirim?\u201d   <\/p>\n","protected":false},"excerpt":{"rendered":"<p>\u201cBurada g\u00fcller, a\u015fk\u0131 de\u011fil ihaneti simgeler.\u201d Sirius Halk\u0131! Atalar\u0131m\u0131n y\u00fczy\u0131llar \u00f6nce kurmu\u015f oldu\u011fu Sirius \u0130mparatorlu\u011fu\u2019nun ba\u015f\u0131na ge\u00e7ti\u011fim ilk g\u00fcnden itibaren bu \u00fclkeyi onurumla y\u00f6netiyorum. Refah ve<span class=\"excerpt-hellip\"> [\u2026]<\/span><\/p>\n","protected":false},"featured_media":0,"template":"","meta":{"_monsterinsights_skip_tracking":false,"_monsterinsights_sitenote_active":false,"_monsterinsights_sitenote_note":"","_monsterinsights_sitenote_category":0},"product_brand":[],"product_cat":[12291,14777],"product_tag":[],"class_list":{"0":"post-740478","1":"product","2":"type-product","3":"status-publish","5":"product_cat-edebiyat","6":"product_cat-fantastik","7":"pa_cilt-ciltli","8":"pa_tur-kitap","9":"pa_yayinevi-indigo-kitap","10":"pa_yazar-sena-nur-isik","12":"first","13":"instock","14":"sale","15":"shipping-taxable","16":"purchasable","17":"product-type-simple"},"_links":{"self":[{"href":"https:\/\/roveyayinevi.com.tr\/index.php\/wp-json\/wp\/v2\/product\/740478","targetHints":{"allow":["GET"]}}],"collection":[{"href":"https:\/\/roveyayinevi.com.tr\/index.php\/wp-json\/wp\/v2\/product"}],"about":[{"href":"https:\/\/roveyayinevi.com.tr\/index.php\/wp-json\/wp\/v2\/types\/product"}],"wp:attachment":[{"href":"https:\/\/roveyayinevi.com.tr\/index.php\/wp-json\/wp\/v2\/media?parent=740478"}],"wp:term":[{"taxonomy":"product_brand","embeddable":true,"href":"https:\/\/roveyayinevi.com.tr\/index.php\/wp-json\/wp\/v2\/product_brand?post=740478"},{"taxonomy":"product_cat","embeddable":true,"href":"https:\/\/roveyayinevi.com.tr\/index.php\/wp-json\/wp\/v2\/product_cat?post=740478"},{"taxonomy":"product_tag","embeddable":true,"href":"https:\/\/roveyayinevi.com.tr\/index.php\/wp-json\/wp\/v2\/product_tag?post=740478"}],"curies":[{"name":"wp","href":"https:\/\/api.w.org\/{rel}","templated":true}]}}