{"id":740477,"date":"2025-08-28T00:27:54","date_gmt":"2025-08-27T21:27:54","guid":{"rendered":"https:\/\/roveyayinevi.com.tr\/index.php\/urun\/iktisat-ve-toplum-dergisi-138-sayi-piyasa-mudahaleleri-ve-rekabet\/"},"modified":"2026-04-16T02:51:19","modified_gmt":"2026-04-15T23:51:19","slug":"iktisat-ve-toplum-dergisi-138-sayi-piyasa-mudahaleleri-ve-rekabet","status":"publish","type":"product","link":"https:\/\/roveyayinevi.com.tr\/index.php\/urun\/iktisat-ve-toplum-dergisi-138-sayi-piyasa-mudahaleleri-ve-rekabet\/","title":{"rendered":"\u0130ktisat Ve Toplum Dergisi 138. Say\u0131  Piyasa M\u00fcdahaleleri Ve Rekabet"},"content":{"rendered":"<p>Bu say\u0131da:   Devletin Ekonomiye M\u00fcdahale Arac\u0131 Olarak K\u0131smi \u0130thal \u0130kamesi Politikas\u0131: Enerji Alan\u0131 \u00d6rne\u011fi Osman Aydo\u011fu\u015f   Ekonomik Ya\u015famda Piyasalar\u0131n, Devletin ve Firmalar\u0131n D\u00fczenleyici Rol\u00fc Erdal T\u00fcrkkan   G\u00fcncel Rekabet Hukuku Meseleleri \u00dczerine Notlar Birol K\u00fcle   G\u0131da \u201cKomedisi\u201d: Hazin Bir Fiyat Kontrol\u00fc Hikayesi Semih T\u00fcmen   Yuvarlak Masa: \u00d6mer Faruk \u00c7olak, Timur Han G\u00fcr, Serdar Sayan   Karl Polanyi, Piyasa ve Devlet H\u00fcseyin \u00d6zel   Elektrikte Sermaye Transferinin Ekonomi Politi\u011fi Mehmet \u00d6zda\u011f   Finansal Okuryazarl\u0131k \u00dczerine Notlar: Gen\u00e7ler ve Finansal Okuryazarl\u0131k Devrim Dumluda\u011f   Sosyal Bilimciler Konu\u015fuyor: Ergun T\u00fcrkcan   ESG Skorlamas\u0131 S\u00fcrd\u00fcr\u00fclebilir Kalk\u0131nma Ama\u00e7lar\u0131na Ula\u015f\u0131lmas\u0131n\u0131 Sa\u011flar m\u0131? Yener Co\u015fkun   Fan Token: Futbolun Yeni Gelir Kalemi Metehan Olcayto \u00c7olak   Enflasyon Canavar\u0131 Usain Bolt\u2019a Kar\u015f\u0131 Bora Tamer Y\u0131lmaz<\/p>\n","protected":false},"excerpt":{"rendered":"<p>Bu say\u0131da: Devletin Ekonomiye M\u00fcdahale Arac\u0131 Olarak K\u0131smi \u0130thal \u0130kamesi Politikas\u0131: Enerji Alan\u0131 \u00d6rne\u011fi Osman Aydo\u011fu\u015f Ekonomik Ya\u015famda Piyasalar\u0131n, Devletin ve Firmalar\u0131n D\u00fczenleyici Rol\u00fc Erdal T\u00fcrkkan<span class=\"excerpt-hellip\"> [\u2026]<\/span><\/p>\n","protected":false},"featured_media":0,"template":"","meta":{"_monsterinsights_skip_tracking":false,"_monsterinsights_sitenote_active":false,"_monsterinsights_sitenote_note":"","_monsterinsights_sitenote_category":0},"product_brand":[],"product_cat":[17574,13527],"product_tag":[],"class_list":{"0":"post-740477","1":"product","2":"type-product","3":"status-publish","5":"product_cat-politika","6":"product_cat-sureli-yayinlar","7":"pa_cilt-ciltsiz","8":"pa_tur-dergi","9":"pa_yayinevi-efil-yayinevi-dergi","10":"pa_yazar-efil-yayinevi-kolektif","12":"first","13":"instock","14":"sale","15":"shipping-taxable","16":"purchasable","17":"product-type-simple"},"_links":{"self":[{"href":"https:\/\/roveyayinevi.com.tr\/index.php\/wp-json\/wp\/v2\/product\/740477","targetHints":{"allow":["GET"]}}],"collection":[{"href":"https:\/\/roveyayinevi.com.tr\/index.php\/wp-json\/wp\/v2\/product"}],"about":[{"href":"https:\/\/roveyayinevi.com.tr\/index.php\/wp-json\/wp\/v2\/types\/product"}],"wp:attachment":[{"href":"https:\/\/roveyayinevi.com.tr\/index.php\/wp-json\/wp\/v2\/media?parent=740477"}],"wp:term":[{"taxonomy":"product_brand","embeddable":true,"href":"https:\/\/roveyayinevi.com.tr\/index.php\/wp-json\/wp\/v2\/product_brand?post=740477"},{"taxonomy":"product_cat","embeddable":true,"href":"https:\/\/roveyayinevi.com.tr\/index.php\/wp-json\/wp\/v2\/product_cat?post=740477"},{"taxonomy":"product_tag","embeddable":true,"href":"https:\/\/roveyayinevi.com.tr\/index.php\/wp-json\/wp\/v2\/product_tag?post=740477"}],"curies":[{"name":"wp","href":"https:\/\/api.w.org\/{rel}","templated":true}]}}