{"id":740476,"date":"2025-08-28T00:27:53","date_gmt":"2025-08-27T21:27:53","guid":{"rendered":"https:\/\/roveyayinevi.com.tr\/index.php\/urun\/huzun-senfonisi\/"},"modified":"2026-04-16T02:51:19","modified_gmt":"2026-04-15T23:51:19","slug":"huzun-senfonisi","status":"publish","type":"product","link":"https:\/\/roveyayinevi.com.tr\/index.php\/urun\/huzun-senfonisi\/","title":{"rendered":"H\u00fcz\u00fcn Senfonisi"},"content":{"rendered":"<p>\u201cSokaktan gelen parf\u00fcm kokular\u0131, insanlar\u0131n \u00e7e\u015fit \u00e7e\u015fit y\u00fcz ifadesi, \u00e7arpan omuzlar, Do\u011fu\u2019nun g\u00fcl\u00fc\u015f\u00fc, Arman\u2019\u0131n ses tonu ve Derin\u2019in h\u00fczn\u00fc. Unutmay\u0131n bu bir h\u00fcz\u00fcn senfonisi.\u201d   Peki nedir h\u00fcz\u00fcn senfonisi?   Renk renk ac\u0131, tonlarca h\u00fcz\u00fcn, k\u00f6t\u00fcl\u00fc\u011f\u00fcnden hi\u00e7bir \u015fey kaybetmeyen melek y\u00fczl\u00fc \u015feytanlar ve h\u00fcz\u00fcn senfonisinin hi\u00e7 de\u011fi\u015fmeyen tan\u0131d\u0131k melankolik suretleri.   \u201cD\u00fc\u015f\u00fcn\u00fcyorum, s\u00fcrekli d\u00fc\u015f\u00fcn\u00fcyorum. Ne insanlar\u0131 ne kendimi ne ya\u015fam\u0131 ne sevgiyi ne nefreti ne de ac\u0131y\u0131 anlayabiliyorum. Ama belki de sorun buradad\u0131r. Her \u015feyi anlamak istememdir sorun.\u201d Seray Dura Seray Dura Kimdir? 7 S\u0327ubat 1996 tarihinde I\u0307stanbul\u2019da du\u0308nyaya gelen Seray Dura, 2018 y\u0131l\u0131nda Yeni Yu\u0308zy\u0131l U\u0308niversitesi Sahne Sanatlar\u0131 bo\u0308lu\u0308mu\u0308nden mezun oldu. I\u0307ki sene boyunca o\u0308zel ve kurumsal tiyatrolarda oyunculuk yapan Seray Dura, bir yandan da k\u0131sa filmlerde yer ald\u0131 ve modellik mesleg\u0306ini devam ettirdi. 2015 y\u0131l\u0131nda kaleme almaya bas\u0327lad\u0131g\u0306\u0131 \u201cHu\u0308zu\u0308n Senfonisi\u201d adl\u0131 eserini do\u0308rt senede tamamlad\u0131 ve nihayetinde 2022 y\u0131l\u0131nda okuyucusuyla bulus\u0327turdu. Kitab\u0131n kapag\u0306\u0131nda kullan\u0131lan eserin de sahibi olan sanatc\u0327\u0131, guaj ve yag\u0306l\u0131 boya c\u0327al\u0131s\u0327malar\u0131na devam etmektedir. <\/p>\n","protected":false},"excerpt":{"rendered":"<p>\u201cSokaktan gelen parf\u00fcm kokular\u0131, insanlar\u0131n \u00e7e\u015fit \u00e7e\u015fit y\u00fcz ifadesi, \u00e7arpan omuzlar, Do\u011fu\u2019nun g\u00fcl\u00fc\u015f\u00fc, Arman\u2019\u0131n ses tonu ve Derin\u2019in h\u00fczn\u00fc. Unutmay\u0131n bu bir h\u00fcz\u00fcn senfonisi.\u201d Peki nedir<span class=\"excerpt-hellip\"> [\u2026]<\/span><\/p>\n","protected":false},"featured_media":0,"template":"","meta":{"_monsterinsights_skip_tracking":false,"_monsterinsights_sitenote_active":false,"_monsterinsights_sitenote_note":"","_monsterinsights_sitenote_category":0},"product_brand":[],"product_cat":[12291,12711],"product_tag":[],"class_list":{"0":"post-740476","1":"product","2":"type-product","3":"status-publish","5":"product_cat-edebiyat","6":"product_cat-roman-oyku","7":"pa_cilt-ciltsiz","8":"pa_tur-kitap","9":"pa_yayinevi-dark-istanbul-yayinlari","10":"pa_yazar-seray-dura","12":"first","13":"instock","14":"sale","15":"shipping-taxable","16":"purchasable","17":"product-type-simple"},"_links":{"self":[{"href":"https:\/\/roveyayinevi.com.tr\/index.php\/wp-json\/wp\/v2\/product\/740476","targetHints":{"allow":["GET"]}}],"collection":[{"href":"https:\/\/roveyayinevi.com.tr\/index.php\/wp-json\/wp\/v2\/product"}],"about":[{"href":"https:\/\/roveyayinevi.com.tr\/index.php\/wp-json\/wp\/v2\/types\/product"}],"wp:attachment":[{"href":"https:\/\/roveyayinevi.com.tr\/index.php\/wp-json\/wp\/v2\/media?parent=740476"}],"wp:term":[{"taxonomy":"product_brand","embeddable":true,"href":"https:\/\/roveyayinevi.com.tr\/index.php\/wp-json\/wp\/v2\/product_brand?post=740476"},{"taxonomy":"product_cat","embeddable":true,"href":"https:\/\/roveyayinevi.com.tr\/index.php\/wp-json\/wp\/v2\/product_cat?post=740476"},{"taxonomy":"product_tag","embeddable":true,"href":"https:\/\/roveyayinevi.com.tr\/index.php\/wp-json\/wp\/v2\/product_tag?post=740476"}],"curies":[{"name":"wp","href":"https:\/\/api.w.org\/{rel}","templated":true}]}}