{"id":740473,"date":"2025-08-28T00:27:48","date_gmt":"2025-08-27T21:27:48","guid":{"rendered":"https:\/\/roveyayinevi.com.tr\/index.php\/urun\/fasizm-pandemi-vesaire\/"},"modified":"2026-04-16T02:51:19","modified_gmt":"2026-04-15T23:51:19","slug":"fasizm-pandemi-vesaire","status":"publish","type":"product","link":"https:\/\/roveyayinevi.com.tr\/index.php\/urun\/fasizm-pandemi-vesaire\/","title":{"rendered":"Fa\u015fizm, Pandemi, Vesaire\u2026"},"content":{"rendered":"<p>Salg\u0131n\u0131n ba\u015flang\u0131c\u0131ndan bug\u00fcne gelinceye dek \u00f6nlem olarak dile getirilen, ba\u015fta kapanma olmak \u00fczere uygulanan t\u00fcm k\u0131s\u0131tlamalar\u0131n ortak hedef \u00f6znesinin altm\u0131\u015fbe\u015f ya\u015f \u00fcst\u00fc oldu\u011funu ve bunun ya\u015fl\u0131lar\u0131 \u201csosyal \u00f6l\u00fcme\u201d mahk\u00fbm etmek anlam\u0131na geldi\u011fini s\u00f6yleyerek ba\u015flayal\u0131m. Ekonomik \u00e7\u00f6k\u00fcnt\u00fc ise bu \u201c\u00f6l\u00fcm\u00fc\u201d h\u0131zland\u0131ran bir unsur olarak k\u00f6t\u00fc huylu bir kanser h\u00fccresi gibi, \u00e7aresizce yoksul ve yoksun ya\u015famlar\u0131na boyun e\u011fmeye zorlanan toplumun neredeyse %80\u2019nine yay\u0131ld\u0131. (En az!) S\u00fcreci an\u0131msayal\u0131m; Salg\u0131n\u0131n ilk g\u00fcnlerinden beri 65 ya\u015f \u00fcst\u00fcne getirilen k\u0131s\u0131tlamalar e\u011fer g\u00fcn\u00fcn birinde \u201cpandemi fa\u015fizmi\u201d diye bir kavram olu\u015fturulacaksa e\u011fer onu tan\u0131mlayan ilk s\u0131ra \u00f6rneklerden olacakt\u0131r. Sa\u011fl\u0131\u011f\u0131n tan\u0131m\u0131n\u0131 \u201cyaln\u0131zca hayatta kalmaya\u201d indirgeyen rejim ve \u201cbilim\u201d onlar\u0131 \u201chastal\u0131ktan korunma\u201d retori\u011fine mahk\u00fbm ederek, evlerinde, odalar\u0131nda ya da s\u0131\u011f\u0131nd\u0131klar\u0131 mekanlarda sosyal-psikolojik-fiziksel \u00f6l\u00fcmlerden birine, ikisine yada t\u00fcm\u00fcne birden terk etmekte sak\u0131nca g\u00f6rmemi\u015ftir. <\/p>\n","protected":false},"excerpt":{"rendered":"<p>Salg\u0131n\u0131n ba\u015flang\u0131c\u0131ndan bug\u00fcne gelinceye dek \u00f6nlem olarak dile getirilen, ba\u015fta kapanma olmak \u00fczere uygulanan t\u00fcm k\u0131s\u0131tlamalar\u0131n ortak hedef \u00f6znesinin altm\u0131\u015fbe\u015f ya\u015f \u00fcst\u00fc oldu\u011funu ve bunun ya\u015fl\u0131lar\u0131<span class=\"excerpt-hellip\"> [\u2026]<\/span><\/p>\n","protected":false},"featured_media":0,"template":"","meta":{"_monsterinsights_skip_tracking":false,"_monsterinsights_sitenote_active":false,"_monsterinsights_sitenote_note":"","_monsterinsights_sitenote_category":0},"product_brand":[],"product_cat":[12388,13555],"product_tag":[],"class_list":{"0":"post-740473","1":"product","2":"type-product","3":"status-publish","5":"product_cat-felsefe","6":"product_cat-genel-felsefe","7":"pa_cilt-ciltsiz","8":"pa_tur-kitap","9":"pa_yayinevi-sinirsiz-kitap","10":"pa_yazar-tolga-ersoy","12":"first","13":"instock","14":"sale","15":"shipping-taxable","16":"purchasable","17":"product-type-simple"},"_links":{"self":[{"href":"https:\/\/roveyayinevi.com.tr\/index.php\/wp-json\/wp\/v2\/product\/740473","targetHints":{"allow":["GET"]}}],"collection":[{"href":"https:\/\/roveyayinevi.com.tr\/index.php\/wp-json\/wp\/v2\/product"}],"about":[{"href":"https:\/\/roveyayinevi.com.tr\/index.php\/wp-json\/wp\/v2\/types\/product"}],"wp:attachment":[{"href":"https:\/\/roveyayinevi.com.tr\/index.php\/wp-json\/wp\/v2\/media?parent=740473"}],"wp:term":[{"taxonomy":"product_brand","embeddable":true,"href":"https:\/\/roveyayinevi.com.tr\/index.php\/wp-json\/wp\/v2\/product_brand?post=740473"},{"taxonomy":"product_cat","embeddable":true,"href":"https:\/\/roveyayinevi.com.tr\/index.php\/wp-json\/wp\/v2\/product_cat?post=740473"},{"taxonomy":"product_tag","embeddable":true,"href":"https:\/\/roveyayinevi.com.tr\/index.php\/wp-json\/wp\/v2\/product_tag?post=740473"}],"curies":[{"name":"wp","href":"https:\/\/api.w.org\/{rel}","templated":true}]}}