{"id":740472,"date":"2025-08-28T00:27:47","date_gmt":"2025-08-27T21:27:47","guid":{"rendered":"https:\/\/roveyayinevi.com.tr\/index.php\/urun\/allah-ile-konusturan-namaz\/"},"modified":"2026-04-16T02:51:19","modified_gmt":"2026-04-15T23:51:19","slug":"allah-ile-konusturan-namaz","status":"publish","type":"product","link":"https:\/\/roveyayinevi.com.tr\/index.php\/urun\/allah-ile-konusturan-namaz\/","title":{"rendered":"Allah ile Konu\u015fturan Namaz"},"content":{"rendered":"<p>D\u00fcnyada nereye bakarsan bak her yer kalabal\u0131k&#8230;Tek bir yer hari\u00e7!Hastaneler t\u0131kl\u0131m t\u0131kl\u0131m. Sanki herkes hastalanm\u0131\u015f ve doktora gelmi\u015f gibi&#8230;Ma\u011fazalar insan kayn\u0131yor. Sanki t\u00fcm insanlar ayn\u0131 anda al\u0131\u015fveri\u015fe \u00e7\u0131km\u0131\u015f gibi&#8230;Caddelerde ad\u0131m atacak yer yok. D\u00fcnya soka\u011fa d\u00f6k\u00fclm\u00fc\u015f gibi&#8230;Bir de camiye gidiyorsun bombo\u015f. Sanki namaz farz de\u011filmi\u015f gibi&#8230;\u00c7\u00fcnk\u00fc bu as\u0131r namaz\u0131 i\u015fine, e\u015fine, yo\u011funlu\u011funa, yorgunlu\u011funa feda edenlerin asr\u0131\u2026Bahanelerin iman\u0131n \u00f6n\u00fcne ge\u00e7ti\u011fi, m\u00fcsait zaman M\u00fcsl\u00fcmanlar\u0131n\u0131n asr\u0131\u2026\u00d6yle ki \u00e7o\u011fu insan vakti veren Allah\u2019a vakit ay\u0131ramaz hale gelmi\u015f, \u201c\u00e7al\u0131\u015fmak ibadettir\u201d deyip \u00e7al\u0131\u015fma u\u011fruna t\u00fcm ibadetleri terk etmi\u015f\u2026Kitaplar\u0131 ve videolar\u0131yla milyonlara ula\u015fan Mehmet Y\u0131ld\u0131z, Allah ile Konu\u015fturan Namaz\u2019da da ak\u0131c\u0131 \u00fcslubuyla Allah&#8217;\u0131, iman\u0131 ve namaz\u0131 anlatmaya devam ediyor\u2026<\/p>\n","protected":false},"excerpt":{"rendered":"<p>D\u00fcnyada nereye bakarsan bak her yer kalabal\u0131k&#8230;Tek bir yer hari\u00e7!Hastaneler t\u0131kl\u0131m t\u0131kl\u0131m. Sanki herkes hastalanm\u0131\u015f ve doktora gelmi\u015f gibi&#8230;Ma\u011fazalar insan kayn\u0131yor. Sanki t\u00fcm insanlar ayn\u0131 anda<span class=\"excerpt-hellip\"> [\u2026]<\/span><\/p>\n","protected":false},"featured_media":0,"template":"","meta":{"_monsterinsights_skip_tracking":false,"_monsterinsights_sitenote_active":false,"_monsterinsights_sitenote_note":"","_monsterinsights_sitenote_category":0},"product_brand":[],"product_cat":[12718,12719],"product_tag":[],"class_list":{"0":"post-740472","1":"product","2":"type-product","3":"status-publish","5":"product_cat-din","6":"product_cat-islam","7":"pa_cilt-ciltsiz","8":"pa_tur-kitap","9":"pa_yayinevi-timas-yayinlari","10":"pa_yazar-mehmet-yildiz","12":"first","13":"instock","14":"sale","15":"shipping-taxable","16":"purchasable","17":"product-type-simple"},"_links":{"self":[{"href":"https:\/\/roveyayinevi.com.tr\/index.php\/wp-json\/wp\/v2\/product\/740472","targetHints":{"allow":["GET"]}}],"collection":[{"href":"https:\/\/roveyayinevi.com.tr\/index.php\/wp-json\/wp\/v2\/product"}],"about":[{"href":"https:\/\/roveyayinevi.com.tr\/index.php\/wp-json\/wp\/v2\/types\/product"}],"wp:attachment":[{"href":"https:\/\/roveyayinevi.com.tr\/index.php\/wp-json\/wp\/v2\/media?parent=740472"}],"wp:term":[{"taxonomy":"product_brand","embeddable":true,"href":"https:\/\/roveyayinevi.com.tr\/index.php\/wp-json\/wp\/v2\/product_brand?post=740472"},{"taxonomy":"product_cat","embeddable":true,"href":"https:\/\/roveyayinevi.com.tr\/index.php\/wp-json\/wp\/v2\/product_cat?post=740472"},{"taxonomy":"product_tag","embeddable":true,"href":"https:\/\/roveyayinevi.com.tr\/index.php\/wp-json\/wp\/v2\/product_tag?post=740472"}],"curies":[{"name":"wp","href":"https:\/\/api.w.org\/{rel}","templated":true}]}}