{"id":740471,"date":"2025-08-28T00:27:46","date_gmt":"2025-08-27T21:27:46","guid":{"rendered":"https:\/\/roveyayinevi.com.tr\/index.php\/urun\/asindirma-denemeleri\/"},"modified":"2026-04-16T02:51:19","modified_gmt":"2026-04-15T23:51:19","slug":"asindirma-denemeleri","status":"publish","type":"product","link":"https:\/\/roveyayinevi.com.tr\/index.php\/urun\/asindirma-denemeleri\/","title":{"rendered":"A\u015f\u0131nd\u0131rma Denemeleri"},"content":{"rendered":"<p>\u201cYa okuyan\u0131n hali? Turgut Uyar\u2019\u0131n dizesini yeniden form\u00fcle edersek, burada herkes kendi gecesiyle y\u00fcz y\u00fczedir art\u0131k. Belli bir takatsizli\u011fi veri alaca\u011f\u0131z. Yeti\u015fememek, yakalayamamak d\u00fc\u015f\u00fcncesi de bize eskisi kadar kayg\u0131lay\u0131c\u0131 gelmemeye ba\u015flayacak belki. Ve o ilk mecalsizli\u011fi k\u0131zg\u0131nl\u0131\u011f\u0131n (ve apans\u0131z sevin\u00e7lerin) yard\u0131m\u0131yla atlatt\u0131ktan sonra, gecenin ge\u00e7 saatlerinde, orada ileride yava\u015f yava\u015f, bizimkine \u00e7ok benzeyen ama enerjetik y\u00fcklerinden ar\u0131nm\u0131\u015f bir d\u00fcnyan\u0131n s\u00f6zlerden olu\u015fmaya ba\u015flad\u0131\u011f\u0131n\u0131 g\u00f6rebilece\u011fiz&#8230;\u201d Orhan Ko\u00e7ak Ulus Baker\u2019in yaz\u0131lar\u0131n\u0131n, Orhan Ko\u00e7ak\u2019\u0131n kitaba yazd\u0131\u011f\u0131 arkas\u00f6zden de anla\u015f\u0131labilece\u011fi gibi, daha \u00e7ok \u00fcslupla, ele alma bi\u00e7imiyle, \u201cruh hali\u201dyle ilgili bir yan\u0131 var. Ama bir de analitik bir yan\u0131 var bu yaz\u0131lar\u0131n \u2013 sadece \u201cliterat\u00fcr\u00fc bilme\u201dyle de\u011fil daha \u00e7ok zek\u00e2yla ilgisi olan, yarat\u0131c\u0131, \u00f6zg\u00fcn analitik k\u0131v\u0131lc\u0131mlar \u00e7akt\u0131ran bir yan\u0131&#8230; \u201cAkademik\u201d yaz\u0131nda da, \u201cpolitik\u201d yaz\u0131nda da, \u201cgazeteci yaz\u0131lar\u0131nda\u201d da pek nadir bulunan bir yan bu. Onun i\u00e7in \u201cUlus Baker yaz\u0131s\u0131\u201d deniliyor! O analitik potansiyel, genellikle a\u015f\u0131nd\u0131rarak ger\u00e7ekle\u015ftiriyor kendini. Yerle\u015fik kabulleri, kal\u0131p-arg\u00fcmanlar\u0131, s\u00f6z al\u0131\u015fkanl\u0131klar\u0131n\u0131, kuramsal \u201ct\u00f6re\u201dyi a\u015f\u0131nd\u0131rarak&#8230; Bu kitapta g\u00f6z \u00f6n\u00fcndeki bir\u00e7ok konuyla ilgili a\u015f\u0131nd\u0131rma denemesi yer al\u0131yor: Kapitalizmin \u201cdo\u011fas\u0131\u201d ya da i\u015fleyi\u015f mant\u0131\u011f\u0131&#8230; Psikanaliz kuram\u0131&#8230; \u0130sl\u00e2mc\u0131l\u0131k&#8230; Milliyet\u00e7ilik&#8230; Marksizm ve Marx\u2019\u0131n kuram\u0131&#8230; Sol Hareket, \u00d6DP<\/p>\n","protected":false},"excerpt":{"rendered":"<p>\u201cYa okuyan\u0131n hali? Turgut Uyar\u2019\u0131n dizesini yeniden form\u00fcle edersek, burada herkes kendi gecesiyle y\u00fcz y\u00fczedir art\u0131k. Belli bir takatsizli\u011fi veri alaca\u011f\u0131z. Yeti\u015fememek, yakalayamamak d\u00fc\u015f\u00fcncesi de bize<span class=\"excerpt-hellip\"> [\u2026]<\/span><\/p>\n","protected":false},"featured_media":0,"template":"","meta":{"_monsterinsights_skip_tracking":false,"_monsterinsights_sitenote_active":false,"_monsterinsights_sitenote_note":"","_monsterinsights_sitenote_category":0},"product_brand":[],"product_cat":[13059,12337],"product_tag":[],"class_list":{"0":"post-740471","1":"product","2":"type-product","3":"status-publish","5":"product_cat-diger-politika-siyaset","6":"product_cat-politika-siyaset","7":"pa_cilt-ciltsiz","8":"pa_tur-kitap","9":"pa_yayinevi-iletisim-yayinlari","10":"pa_yazar-ulus-baker","12":"first","13":"instock","14":"sale","15":"shipping-taxable","16":"purchasable","17":"product-type-simple"},"_links":{"self":[{"href":"https:\/\/roveyayinevi.com.tr\/index.php\/wp-json\/wp\/v2\/product\/740471","targetHints":{"allow":["GET"]}}],"collection":[{"href":"https:\/\/roveyayinevi.com.tr\/index.php\/wp-json\/wp\/v2\/product"}],"about":[{"href":"https:\/\/roveyayinevi.com.tr\/index.php\/wp-json\/wp\/v2\/types\/product"}],"wp:attachment":[{"href":"https:\/\/roveyayinevi.com.tr\/index.php\/wp-json\/wp\/v2\/media?parent=740471"}],"wp:term":[{"taxonomy":"product_brand","embeddable":true,"href":"https:\/\/roveyayinevi.com.tr\/index.php\/wp-json\/wp\/v2\/product_brand?post=740471"},{"taxonomy":"product_cat","embeddable":true,"href":"https:\/\/roveyayinevi.com.tr\/index.php\/wp-json\/wp\/v2\/product_cat?post=740471"},{"taxonomy":"product_tag","embeddable":true,"href":"https:\/\/roveyayinevi.com.tr\/index.php\/wp-json\/wp\/v2\/product_tag?post=740471"}],"curies":[{"name":"wp","href":"https:\/\/api.w.org\/{rel}","templated":true}]}}