{"id":740468,"date":"2025-08-28T00:27:43","date_gmt":"2025-08-27T21:27:43","guid":{"rendered":"https:\/\/roveyayinevi.com.tr\/index.php\/urun\/bir-bakista-bilim\/"},"modified":"2026-04-16T02:51:19","modified_gmt":"2026-04-15T23:51:19","slug":"bir-bakista-bilim","status":"publish","type":"product","link":"https:\/\/roveyayinevi.com.tr\/index.php\/urun\/bir-bakista-bilim\/","title":{"rendered":"Bir Bak\u0131\u015fta Bilim"},"content":{"rendered":"<p>Bir Bak\u0131\u015fta Bilim, t\u00fcm \u00f6nemli bilimsel bilgi ve d\u00fc\u015f\u00fcnceyi tek ciltte bir araya getiriyor. Her sayfa, bilmeniz gereken en \u00f6nemli ger\u00e7ekleri bir bak\u0131\u015fta konuya h\u00e2kim olabilemeniz i\u00e7in k\u00fc\u00e7\u00fck par\u00e7alar halinde sunuyor.Kuantum k\u00f6p\u00fc\u011f\u00fcnden Curie\u2019ye, k\u00fctle\u00e7ekimden iklim de\u011fi\u015fikli\u011fine, n\u00fckleer fisyondan n\u00f6robilime kadar her \u00f6nemli ki\u015fi, ke\u015fif veya bulu\u015f k\u0131sa ve \u00f6z olarak dikkat \u00e7ekici metin ve grafiklerle a\u00e7\u0131klan\u0131yor.Bilgiye a\u00e7 ve zaman\u0131 k\u0131s\u0131tl\u0131 olanlar i\u00e7in m\u00fckemmel olan bu g\u00f6rsel odakl\u0131 koleksiyon, bilimi ilgin\u00e7 ve eri\u015filebilir k\u0131l\u0131yor. Bilmeniz gereken her \u015fey \u2013ve daha fazlas\u0131\u2013 tek bir ciltte topland\u0131.<\/p>\n","protected":false},"excerpt":{"rendered":"<p>Bir Bak\u0131\u015fta Bilim, t\u00fcm \u00f6nemli bilimsel bilgi ve d\u00fc\u015f\u00fcnceyi tek ciltte bir araya getiriyor. Her sayfa, bilmeniz gereken en \u00f6nemli ger\u00e7ekleri bir bak\u0131\u015fta konuya h\u00e2kim olabilemeniz<span class=\"excerpt-hellip\"> [\u2026]<\/span><\/p>\n","protected":false},"featured_media":0,"template":"","meta":{"_monsterinsights_skip_tracking":false,"_monsterinsights_sitenote_active":false,"_monsterinsights_sitenote_note":"","_monsterinsights_sitenote_category":0},"product_brand":[],"product_cat":[13005,13006],"product_tag":[],"class_list":{"0":"post-740468","1":"product","2":"type-product","3":"status-publish","5":"product_cat-bilim-muhendislik","6":"product_cat-populer-bilim","7":"pa_cilt-ciltsiz","8":"pa_tur-kitap","9":"pa_yayinevi-nova-kitap","10":"pa_yazar-jennifer-crouch","12":"first","13":"instock","14":"sale","15":"shipping-taxable","16":"purchasable","17":"product-type-simple"},"_links":{"self":[{"href":"https:\/\/roveyayinevi.com.tr\/index.php\/wp-json\/wp\/v2\/product\/740468","targetHints":{"allow":["GET"]}}],"collection":[{"href":"https:\/\/roveyayinevi.com.tr\/index.php\/wp-json\/wp\/v2\/product"}],"about":[{"href":"https:\/\/roveyayinevi.com.tr\/index.php\/wp-json\/wp\/v2\/types\/product"}],"wp:attachment":[{"href":"https:\/\/roveyayinevi.com.tr\/index.php\/wp-json\/wp\/v2\/media?parent=740468"}],"wp:term":[{"taxonomy":"product_brand","embeddable":true,"href":"https:\/\/roveyayinevi.com.tr\/index.php\/wp-json\/wp\/v2\/product_brand?post=740468"},{"taxonomy":"product_cat","embeddable":true,"href":"https:\/\/roveyayinevi.com.tr\/index.php\/wp-json\/wp\/v2\/product_cat?post=740468"},{"taxonomy":"product_tag","embeddable":true,"href":"https:\/\/roveyayinevi.com.tr\/index.php\/wp-json\/wp\/v2\/product_tag?post=740468"}],"curies":[{"name":"wp","href":"https:\/\/api.w.org\/{rel}","templated":true}]}}