{"id":740467,"date":"2025-08-28T00:27:41","date_gmt":"2025-08-27T21:27:41","guid":{"rendered":"https:\/\/roveyayinevi.com.tr\/index.php\/urun\/emekli-baykus\/"},"modified":"2026-04-16T02:51:19","modified_gmt":"2026-04-15T23:51:19","slug":"emekli-baykus","status":"publish","type":"product","link":"https:\/\/roveyayinevi.com.tr\/index.php\/urun\/emekli-baykus\/","title":{"rendered":"Emekli Bayku\u015f"},"content":{"rendered":"<p>Huzur Orman\u0131\u2019n\u0131n tek h\u00e2kimi olan Bay Bayku\u015f, art\u0131k iyice ya\u015fland\u0131\u011f\u0131ndan emekli olmay\u0131 d\u00fc\u015f\u00fcn\u00fcyordu. Ancak se\u00e7ilecek yeni h\u00e2kimin ormandaki huzuru sa\u011flamakta ba\u015far\u0131l\u0131 olup olamayaca\u011f\u0131 konusunda endi\u015feleri vard\u0131. Bakal\u0131m bu de\u011fi\u015fiklik, orman sakinleri aras\u0131nda nas\u0131l bir etki yaratacakt\u0131?Nehir Yarar\u2019dan sorumluluk, toplum hayat\u0131 ve ileti\u015fim konular\u0131na yer veren, okumay\u0131 yeni \u00f6\u011frenen miniklerle birlikte t\u00fcm \u00e7ocuklar\u0131n severek okuyaca\u011f\u0131 s\u0131ms\u0131cak bir hik\u00e2ye&#8230;<\/p>\n","protected":false},"excerpt":{"rendered":"<p>Huzur Orman\u0131\u2019n\u0131n tek h\u00e2kimi olan Bay Bayku\u015f, art\u0131k iyice ya\u015fland\u0131\u011f\u0131ndan emekli olmay\u0131 d\u00fc\u015f\u00fcn\u00fcyordu. Ancak se\u00e7ilecek yeni h\u00e2kimin ormandaki huzuru sa\u011flamakta ba\u015far\u0131l\u0131 olup olamayaca\u011f\u0131 konusunda endi\u015feleri vard\u0131.<span class=\"excerpt-hellip\"> [\u2026]<\/span><\/p>\n","protected":false},"featured_media":0,"template":"","meta":{"_monsterinsights_skip_tracking":false,"_monsterinsights_sitenote_active":false,"_monsterinsights_sitenote_note":"","_monsterinsights_sitenote_category":0},"product_brand":[],"product_cat":[12274,12284],"product_tag":[],"class_list":{"0":"post-740467","1":"product","2":"type-product","3":"status-publish","5":"product_cat-cocuk-ve-genclik-kitaplari","6":"product_cat-hikayeler","7":"pa_cilt-ciltsiz","8":"pa_tur-kitap","9":"pa_yayinevi-ithaki-yayinlari","10":"pa_yazar-nehir-yarar","12":"first","13":"instock","14":"sale","15":"shipping-taxable","16":"purchasable","17":"product-type-simple"},"_links":{"self":[{"href":"https:\/\/roveyayinevi.com.tr\/index.php\/wp-json\/wp\/v2\/product\/740467","targetHints":{"allow":["GET"]}}],"collection":[{"href":"https:\/\/roveyayinevi.com.tr\/index.php\/wp-json\/wp\/v2\/product"}],"about":[{"href":"https:\/\/roveyayinevi.com.tr\/index.php\/wp-json\/wp\/v2\/types\/product"}],"wp:attachment":[{"href":"https:\/\/roveyayinevi.com.tr\/index.php\/wp-json\/wp\/v2\/media?parent=740467"}],"wp:term":[{"taxonomy":"product_brand","embeddable":true,"href":"https:\/\/roveyayinevi.com.tr\/index.php\/wp-json\/wp\/v2\/product_brand?post=740467"},{"taxonomy":"product_cat","embeddable":true,"href":"https:\/\/roveyayinevi.com.tr\/index.php\/wp-json\/wp\/v2\/product_cat?post=740467"},{"taxonomy":"product_tag","embeddable":true,"href":"https:\/\/roveyayinevi.com.tr\/index.php\/wp-json\/wp\/v2\/product_tag?post=740467"}],"curies":[{"name":"wp","href":"https:\/\/api.w.org\/{rel}","templated":true}]}}