{"id":740465,"date":"2025-08-28T00:27:37","date_gmt":"2025-08-27T21:27:37","guid":{"rendered":"https:\/\/roveyayinevi.com.tr\/index.php\/urun\/daha-iyi-gunlerim-olmustu\/"},"modified":"2026-04-05T02:56:35","modified_gmt":"2026-04-04T23:56:35","slug":"daha-iyi-gunlerim-olmustu","status":"publish","type":"product","link":"https:\/\/roveyayinevi.com.tr\/index.php\/urun\/daha-iyi-gunlerim-olmustu\/","title":{"rendered":"Daha \u0130yi G\u00fcnlerim Olmu\u015ftu"},"content":{"rendered":"<p>\u201cCehennem belki de insanlar\u0131n en b\u00fcy\u00fck utan\u00e7lar\u0131n\u0131, \u00fcz\u00fcnt\u00fclerini ya da hayal k\u0131r\u0131kl\u0131klar\u0131n\u0131 sonsuz kere ya\u015fad\u0131klar\u0131 bir yerdir, olamaz m\u0131?\u201dBir operasyonda iki baca\u011f\u0131n\u0131 ve silah arkada\u015flar\u0131n\u0131 kaybeden \u00dcste\u011fmen Hasan Bozok, ya\u015fad\u0131\u011f\u0131 travma ve g\u00f6rd\u00fc\u011f\u00fc i\u015fkencelerin beyninde yaratt\u0131\u011f\u0131 hasardan dolay\u0131 haf\u0131zas\u0131n\u0131 kaybeder. Ya\u015fam\u0131n\u0131 deneysel protez bacaklar\u0131yla ve anti-psikotik ila\u00e7larla devam ettirmek zorundad\u0131r art\u0131k. Doktoru ona \u015fiddetten uzak yeni bir hayata ba\u015flamas\u0131n\u0131 \u00f6nerir. Bu \u00f6neriyi dinleyip Bursa\u2019da tekstil i\u015fi yapan kuzeni B\u00fclent\u2019in yan\u0131na giden Hasan, hayat\u0131n kendi i\u00e7in haz\u0131rlad\u0131\u011f\u0131 plandan habersizdir.Sakin ve huzurlu bir hayata ba\u015flang\u0131\u00e7 yapt\u0131\u011f\u0131n\u0131 zannederken kuzeninin bula\u015ft\u0131\u011f\u0131 kirli ve tehlikeli i\u015flerde uluslararas\u0131 bir mafya \u00f6rg\u00fct\u00fcn\u00fcn tehditlerine kar\u015f\u0131 kuzenini korumaya \u00e7al\u0131\u015f\u0131rken bulur kendini. Hasan gemileri yakar, ne de olsa art\u0131k kaybedecek hi\u00e7bir \u015feyi kalmam\u0131\u015ft\u0131r. Mafyayla m\u00fccadele ederken ortaya \u00e7\u0131kan ili\u015fki a\u011f\u0131nda ge\u00e7mi\u015fin soru i\u015faretleri de birer birer ayd\u0131nl\u0131\u011fa kavu\u015facakt\u0131r.Ancak eri\u015filen her cevap memnun edebilir mi insan\u0131?Bazen bilmemek daha m\u0131 iyidir acaba?Peki Hasan bu cevaplarla ve kendisiyle y\u00fczle\u015fip kendi cehenneminden kurtulabilecek midir?Doruk Kirezci \u201cDaha \u0130yi G\u00fcnlerim Ol<\/p>\n","protected":false},"excerpt":{"rendered":"<p>\u201cCehennem belki de insanlar\u0131n en b\u00fcy\u00fck utan\u00e7lar\u0131n\u0131, \u00fcz\u00fcnt\u00fclerini ya da hayal k\u0131r\u0131kl\u0131klar\u0131n\u0131 sonsuz kere ya\u015fad\u0131klar\u0131 bir yerdir, olamaz m\u0131?\u201dBir operasyonda iki baca\u011f\u0131n\u0131 ve silah arkada\u015flar\u0131n\u0131 kaybeden<span class=\"excerpt-hellip\"> [\u2026]<\/span><\/p>\n","protected":false},"featured_media":0,"template":"","meta":{"_monsterinsights_skip_tracking":false,"_monsterinsights_sitenote_active":false,"_monsterinsights_sitenote_note":"","_monsterinsights_sitenote_category":0},"product_brand":[],"product_cat":[12291,12711],"product_tag":[],"class_list":{"0":"post-740465","1":"product","2":"type-product","3":"status-publish","5":"product_cat-edebiyat","6":"product_cat-roman-oyku","7":"pa_cilt-ciltsiz","8":"pa_tur-kitap","9":"pa_yayinevi-muptela-yayinevi","10":"pa_yazar-doruk-kirezci","12":"first","13":"instock","14":"sale","15":"shipping-taxable","16":"purchasable","17":"product-type-simple"},"_links":{"self":[{"href":"https:\/\/roveyayinevi.com.tr\/index.php\/wp-json\/wp\/v2\/product\/740465","targetHints":{"allow":["GET"]}}],"collection":[{"href":"https:\/\/roveyayinevi.com.tr\/index.php\/wp-json\/wp\/v2\/product"}],"about":[{"href":"https:\/\/roveyayinevi.com.tr\/index.php\/wp-json\/wp\/v2\/types\/product"}],"wp:attachment":[{"href":"https:\/\/roveyayinevi.com.tr\/index.php\/wp-json\/wp\/v2\/media?parent=740465"}],"wp:term":[{"taxonomy":"product_brand","embeddable":true,"href":"https:\/\/roveyayinevi.com.tr\/index.php\/wp-json\/wp\/v2\/product_brand?post=740465"},{"taxonomy":"product_cat","embeddable":true,"href":"https:\/\/roveyayinevi.com.tr\/index.php\/wp-json\/wp\/v2\/product_cat?post=740465"},{"taxonomy":"product_tag","embeddable":true,"href":"https:\/\/roveyayinevi.com.tr\/index.php\/wp-json\/wp\/v2\/product_tag?post=740465"}],"curies":[{"name":"wp","href":"https:\/\/api.w.org\/{rel}","templated":true}]}}