{"id":740463,"date":"2025-08-28T00:27:34","date_gmt":"2025-08-27T21:27:34","guid":{"rendered":"https:\/\/roveyayinevi.com.tr\/index.php\/urun\/otlar-cagiriyor\/"},"modified":"2026-04-16T02:51:19","modified_gmt":"2026-04-15T23:51:19","slug":"otlar-cagiriyor","status":"publish","type":"product","link":"https:\/\/roveyayinevi.com.tr\/index.php\/urun\/otlar-cagiriyor\/","title":{"rendered":"Otlar \u00c7a\u011f\u0131r\u0131yor"},"content":{"rendered":"<p>\u0130lhan Durusel\u2019in denemelerinden olu\u015fan Otlar \u00c7a\u011f\u0131r\u0131yor\u2019un ser\u00fcveni, ilave metinlerin yer ald\u0131\u011f\u0131 yeni bask\u0131s\u0131yla, yeni yay\u0131nevinde devam ediyor.Otlar \u00c7a\u011f\u0131r\u0131yor bir denemeler toplam\u0131; fakat s\u00f6z konusu \u0130lhan Durusel oldu\u011funda, hi\u00e7bir metni t\u00fcrsel kal\u0131plar\u0131n i\u00e7ine hapsetmemek gerekiyor. \u201cAmac\u0131ndan uzakla\u015ft\u0131\u011f\u0131 \u00e7ok yer oldu yaz\u0131n\u0131n, g\u00f6rkemin yaratt\u0131\u011f\u0131 co\u015fku dilimi dola\u015ft\u0131r\u0131r benim,\u201d diyor ya kendisi, tam da \u00f6yle. S\u00f6ylenebilir ki bu kitap, nitelikli bir yazar\u0131n oldu\u011fu kadar, nitelikli bir okurun elinden \u00e7\u0131km\u0131\u015f yaz\u0131lardan olu\u015fuyor; \u0130lhan Durusel\u2019den ziyade okur \u0130lhan\u2019\u0131n. Gezen, g\u00f6ren, merak eden, ara\u015ft\u0131ran ve payla\u015fan \u0130lhan\u2019\u0131n. En \u00e7ok da \u201cfark eden\u201d \u0130lhan\u2019\u0131n. Payla\u015fmak i\u00e7in bilmek, bilmek i\u00e7inse \u00f6nce fark etmek gerekir \u00e7\u00fcnk\u00fc.\u0130\u00e7indeki yirmi d\u00f6rt yaz\u0131n\u0131n kaleme al\u0131n\u0131\u015f tarihleri dikkate al\u0131nd\u0131\u011f\u0131nda, Otlar \u00c7a\u011f\u0131r\u0131yor\u2019un, Durusel\u2019in yaz\u0131 d\u00fcnyas\u0131nda yakla\u015f\u0131k on be\u015f seneye denk d\u00fc\u015ft\u00fc\u011f\u00fcn\u00fc s\u00f6ylemek m\u00fcmk\u00fcn. Bu da, okurun, Durusel\u2019in deneme yazarl\u0131\u011f\u0131n\u0131n nas\u0131l ve ne y\u00f6nde yol ald\u0131\u011f\u0131n\u0131 g\u00f6zlemleyebilmesine imk\u00e2n sa\u011fl\u0131yor ku\u015fkusuz.\u201cOtlar \u00e7a\u011f\u0131r\u0131yor bizi.\u015eatolar kovuyor.Kurakl\u0131k geliyor.Bir r\u00fczg\u00e2r gelip \u00f6n\u00fcm\u00fczde duruyor. Bir duru\u015fu var, dil anlatamaz. Buray\u0131 r\u00fczg\u00e2r durduran ma\u011fara yap\u0131yor. Duruyor da duruyor.\u201d<\/p>\n","protected":false},"excerpt":{"rendered":"<p>\u0130lhan Durusel\u2019in denemelerinden olu\u015fan Otlar \u00c7a\u011f\u0131r\u0131yor\u2019un ser\u00fcveni, ilave metinlerin yer ald\u0131\u011f\u0131 yeni bask\u0131s\u0131yla, yeni yay\u0131nevinde devam ediyor.Otlar \u00c7a\u011f\u0131r\u0131yor bir denemeler toplam\u0131; fakat s\u00f6z konusu \u0130lhan Durusel<span class=\"excerpt-hellip\"> [\u2026]<\/span><\/p>\n","protected":false},"featured_media":0,"template":"","meta":{"_monsterinsights_skip_tracking":false,"_monsterinsights_sitenote_active":false,"_monsterinsights_sitenote_note":"","_monsterinsights_sitenote_category":0},"product_brand":[],"product_cat":[12777,12291],"product_tag":[],"class_list":{"0":"post-740463","1":"product","2":"type-product","3":"status-publish","5":"product_cat-deneme","6":"product_cat-edebiyat","7":"pa_cilt-ciltsiz","8":"pa_tur-kitap","9":"pa_yayinevi-ithaki-yayinlari","10":"pa_yazar-ilhan-durusel","12":"first","13":"instock","14":"sale","15":"shipping-taxable","16":"purchasable","17":"product-type-simple"},"_links":{"self":[{"href":"https:\/\/roveyayinevi.com.tr\/index.php\/wp-json\/wp\/v2\/product\/740463","targetHints":{"allow":["GET"]}}],"collection":[{"href":"https:\/\/roveyayinevi.com.tr\/index.php\/wp-json\/wp\/v2\/product"}],"about":[{"href":"https:\/\/roveyayinevi.com.tr\/index.php\/wp-json\/wp\/v2\/types\/product"}],"wp:attachment":[{"href":"https:\/\/roveyayinevi.com.tr\/index.php\/wp-json\/wp\/v2\/media?parent=740463"}],"wp:term":[{"taxonomy":"product_brand","embeddable":true,"href":"https:\/\/roveyayinevi.com.tr\/index.php\/wp-json\/wp\/v2\/product_brand?post=740463"},{"taxonomy":"product_cat","embeddable":true,"href":"https:\/\/roveyayinevi.com.tr\/index.php\/wp-json\/wp\/v2\/product_cat?post=740463"},{"taxonomy":"product_tag","embeddable":true,"href":"https:\/\/roveyayinevi.com.tr\/index.php\/wp-json\/wp\/v2\/product_tag?post=740463"}],"curies":[{"name":"wp","href":"https:\/\/api.w.org\/{rel}","templated":true}]}}