{"id":740461,"date":"2025-08-28T00:27:31","date_gmt":"2025-08-27T21:27:31","guid":{"rendered":"https:\/\/roveyayinevi.com.tr\/index.php\/urun\/insanligimi-yitirirken-2\/"},"modified":"2026-04-16T02:51:18","modified_gmt":"2026-04-15T23:51:18","slug":"insanligimi-yitirirken-2","status":"publish","type":"product","link":"https:\/\/roveyayinevi.com.tr\/index.php\/urun\/insanligimi-yitirirken-2\/","title":{"rendered":"\u0130nsanl\u0131\u011f\u0131m\u0131 Yitirirken"},"content":{"rendered":"<p>\u201c\u2026 Ben h\u00e2l\u00e2, \u00f6lmeyi bile becerememi\u015f utanmaz, aptal bir hayaletten, \u2018ya\u015fayan bir cesetten\u2019 ba\u015fka bir \u015fey de\u011fildim.\u201dYirminci y\u00fczy\u0131l Japon edebiyat\u0131n\u0131n \u00f6nde gelen yazarlar\u0131ndan, s\u0131rad\u0131\u015f\u0131 hayat\u0131yla da me\u015fhur Osamu Dazai, intihar\u0131ndan hemen \u00f6nce tamamlad\u0131\u011f\u0131, Japonya\u2019n\u0131n en \u00e7ok okunan romanlar\u0131ndan \u0130nsanl\u0131\u011f\u0131m\u0131 Yitirirken\u2019de topluma dahil olmay\u0131 beceremeyen, her \u015feyi eline y\u00fcz\u00fcne bula\u015ft\u0131ran, \u00e7evresindeki herkesi hayal k\u0131r\u0131kl\u0131\u011f\u0131na u\u011fratmaya mahk\u00fbm bir \u00f6tekinin ac\u0131kl\u0131 hik\u00e2yesini anlat\u0131yor.Dazai\u2019nin ya\u015fam\u0131yla \u00e7ok\u00e7a paralellik ta\u015f\u0131yan romanda, kendini \u00e7ocuklu\u011fundan beri bir ba\u015far\u0131s\u0131zl\u0131k abidesi olarak g\u00f6ren, aristokrat bir ailenin o\u011flu Oba Yozo hem evde hem de okulda b\u00fcr\u00fcnd\u00fc\u011f\u00fc \u201csoytar\u0131\u201d rol\u00fcyle var olmaya \u00e7al\u0131\u015f\u0131r. Bir itiraf niteli\u011findeki \u00fc\u00e7 b\u00f6l\u00fcmden olu\u015fan hat\u0131rat\u0131nda alkolizmle, gey\u015falarla, sonu\u00e7suz kalan intiharlarla dolu, \u201cutan\u00e7\u201d y\u00fckl\u00fc ya\u015fam\u0131n\u0131n g\u00fcnah\u0131n\u0131 \u00e7\u0131kar\u0131r.\u0130nsanl\u0131\u011f\u0131m\u0131 Yitirirken, Osamu Dazai\u2019nin uzun y\u0131llara yay\u0131lan edebi intihar mektubunun son b\u00f6l\u00fcm\u00fc.<\/p>\n","protected":false},"excerpt":{"rendered":"<p>\u201c\u2026 Ben h\u00e2l\u00e2, \u00f6lmeyi bile becerememi\u015f utanmaz, aptal bir hayaletten, \u2018ya\u015fayan bir cesetten\u2019 ba\u015fka bir \u015fey de\u011fildim.\u201dYirminci y\u00fczy\u0131l Japon edebiyat\u0131n\u0131n \u00f6nde gelen yazarlar\u0131ndan, s\u0131rad\u0131\u015f\u0131 hayat\u0131yla da<span class=\"excerpt-hellip\"> [\u2026]<\/span><\/p>\n","protected":false},"featured_media":0,"template":"","meta":{"_monsterinsights_skip_tracking":false,"_monsterinsights_sitenote_active":false,"_monsterinsights_sitenote_note":"","_monsterinsights_sitenote_category":0},"product_brand":[],"product_cat":[12291,12711],"product_tag":[],"class_list":{"0":"post-740461","1":"product","2":"type-product","3":"status-publish","5":"product_cat-edebiyat","6":"product_cat-roman-oyku","7":"pa_cilt-ciltsiz","8":"pa_tur-kitap","9":"pa_yayinevi-ithaki-yayinlari","10":"pa_yazar-osamu-dazai","12":"first","13":"instock","14":"sale","15":"shipping-taxable","16":"purchasable","17":"product-type-simple"},"_links":{"self":[{"href":"https:\/\/roveyayinevi.com.tr\/index.php\/wp-json\/wp\/v2\/product\/740461","targetHints":{"allow":["GET"]}}],"collection":[{"href":"https:\/\/roveyayinevi.com.tr\/index.php\/wp-json\/wp\/v2\/product"}],"about":[{"href":"https:\/\/roveyayinevi.com.tr\/index.php\/wp-json\/wp\/v2\/types\/product"}],"wp:attachment":[{"href":"https:\/\/roveyayinevi.com.tr\/index.php\/wp-json\/wp\/v2\/media?parent=740461"}],"wp:term":[{"taxonomy":"product_brand","embeddable":true,"href":"https:\/\/roveyayinevi.com.tr\/index.php\/wp-json\/wp\/v2\/product_brand?post=740461"},{"taxonomy":"product_cat","embeddable":true,"href":"https:\/\/roveyayinevi.com.tr\/index.php\/wp-json\/wp\/v2\/product_cat?post=740461"},{"taxonomy":"product_tag","embeddable":true,"href":"https:\/\/roveyayinevi.com.tr\/index.php\/wp-json\/wp\/v2\/product_tag?post=740461"}],"curies":[{"name":"wp","href":"https:\/\/api.w.org\/{rel}","templated":true}]}}