{"id":740460,"date":"2025-08-28T00:27:29","date_gmt":"2025-08-27T21:27:29","guid":{"rendered":"https:\/\/roveyayinevi.com.tr\/index.php\/urun\/gunesin-oldugu-gun\/"},"modified":"2026-04-16T02:51:18","modified_gmt":"2026-04-15T23:51:18","slug":"gunesin-oldugu-gun","status":"publish","type":"product","link":"https:\/\/roveyayinevi.com.tr\/index.php\/urun\/gunesin-oldugu-gun\/","title":{"rendered":"G\u00fcne\u015fin \u00d6ld\u00fc\u011f\u00fc G\u00fcn"},"content":{"rendered":"<p>R\u00fcya ile k\u00e2bus aras\u0131ndaki \u00e7izgi \u00e7ok incedir.Haziran ay\u0131n\u0131n ba\u015flar\u0131nda da\u011flar\u0131n derinliklerindeki bir kasabada, on d\u00f6rt ya\u015f\u0131ndaki Li Niannian bir gariplik fark ediyor. Kasaban\u0131n sakinleri \u00e7\u00f6ken geceyle uykuya dalacaklar\u0131na sokaklara \u00e7\u0131k\u0131yor, tarlalara gidiyor. Her yeri insanlar sar\u0131yor.Li Niannian \u015fa\u015fk\u0131n \u015fa\u015fk\u0131n izlerken insanlar\u0131n r\u00fcyada gezindiklerini, sanki g\u00fcne\u015f batmam\u0131\u015f gibi g\u00fcnl\u00fck i\u015flerine devam ettiklerini fark ediyor. \u00c7ok ge\u00e7meden daha fazla insan r\u00fcyaya dald\u0131k\u00e7a gecenin karanl\u0131\u011f\u0131nda k\u0131yamet kopuyor, en derindeki arzular bu vesileyle g\u00fcn y\u00fcz\u00fcne \u00e7\u0131k\u0131yor. Y\u00fcz\u00fcn\u00fc g\u00f6stermeyen l\u00fctufk\u00e2r g\u00fcne\u015fi yeniden do\u011fmaya ikna etmek ve kasabay\u0131 kurtarmak ise giderek daha garip ve rahats\u0131z edici bir k\u00e2busun ortas\u0131nda kalan Li Niannian ve babas\u0131na d\u00fc\u015f\u00fcyor.G\u00fcne\u015fin \u00d6ld\u00fc\u011f\u00fc G\u00fcn\u2019de, Ba\u015fkan Xi Jinping taraf\u0131ndan desteklenen \u201c\u00c7in r\u00fcyas\u0131\u201d ger\u00e7ekli\u011fin kaosu ve karanl\u0131\u011f\u0131yla ac\u0131mas\u0131zca s\u0131nan\u0131yor.\u201cModern \u00c7in edebiyat\u0131n\u0131n ustalar\u0131ndan birinin bu s\u00fcr\u00fckleyici ve t\u00fcyler \u00fcrpertici distopyas\u0131nda, \u00c7in\u2019deki ya\u015fam\u0131n ger\u00e7ekli\u011fi ile \u00c7in r\u00fcyas\u0131n\u0131n g\u00fcne\u015fli iyimserli\u011fi aras\u0131ndaki tezat ortaya konuyor.\u201d \u2013Jung Chang<\/p>\n","protected":false},"excerpt":{"rendered":"<p>R\u00fcya ile k\u00e2bus aras\u0131ndaki \u00e7izgi \u00e7ok incedir.Haziran ay\u0131n\u0131n ba\u015flar\u0131nda da\u011flar\u0131n derinliklerindeki bir kasabada, on d\u00f6rt ya\u015f\u0131ndaki Li Niannian bir gariplik fark ediyor. Kasaban\u0131n sakinleri \u00e7\u00f6ken geceyle<span class=\"excerpt-hellip\"> [\u2026]<\/span><\/p>\n","protected":false},"featured_media":0,"template":"","meta":{"_monsterinsights_skip_tracking":false,"_monsterinsights_sitenote_active":false,"_monsterinsights_sitenote_note":"","_monsterinsights_sitenote_category":0},"product_brand":[],"product_cat":[12291,50487],"product_tag":[],"class_list":{"0":"post-740460","1":"product","2":"type-product","3":"status-publish","5":"product_cat-edebiyat","6":"product_cat-kurgu","7":"pa_cilt-ciltsiz","8":"pa_tur-kitap","9":"pa_yayinevi-ithaki-yayinlari","10":"pa_yazar-yan-lianke","12":"first","13":"instock","14":"sale","15":"shipping-taxable","16":"purchasable","17":"product-type-simple"},"_links":{"self":[{"href":"https:\/\/roveyayinevi.com.tr\/index.php\/wp-json\/wp\/v2\/product\/740460","targetHints":{"allow":["GET"]}}],"collection":[{"href":"https:\/\/roveyayinevi.com.tr\/index.php\/wp-json\/wp\/v2\/product"}],"about":[{"href":"https:\/\/roveyayinevi.com.tr\/index.php\/wp-json\/wp\/v2\/types\/product"}],"wp:attachment":[{"href":"https:\/\/roveyayinevi.com.tr\/index.php\/wp-json\/wp\/v2\/media?parent=740460"}],"wp:term":[{"taxonomy":"product_brand","embeddable":true,"href":"https:\/\/roveyayinevi.com.tr\/index.php\/wp-json\/wp\/v2\/product_brand?post=740460"},{"taxonomy":"product_cat","embeddable":true,"href":"https:\/\/roveyayinevi.com.tr\/index.php\/wp-json\/wp\/v2\/product_cat?post=740460"},{"taxonomy":"product_tag","embeddable":true,"href":"https:\/\/roveyayinevi.com.tr\/index.php\/wp-json\/wp\/v2\/product_tag?post=740460"}],"curies":[{"name":"wp","href":"https:\/\/api.w.org\/{rel}","templated":true}]}}