{"id":740459,"date":"2025-08-28T00:27:28","date_gmt":"2025-08-27T21:27:28","guid":{"rendered":"https:\/\/roveyayinevi.com.tr\/index.php\/urun\/turk-sanatinin-buyuk-ustalari-3-osman-hamdi-bey\/"},"modified":"2025-09-18T02:02:09","modified_gmt":"2025-09-17T23:02:09","slug":"turk-sanatinin-buyuk-ustalari-3-osman-hamdi-bey","status":"publish","type":"product","link":"https:\/\/roveyayinevi.com.tr\/index.php\/urun\/turk-sanatinin-buyuk-ustalari-3-osman-hamdi-bey\/","title":{"rendered":"T\u00fcrk Sanat\u0131n\u0131n B\u00fcy\u00fck Ustalar\u0131 3  Osman Hamdi Bey"},"content":{"rendered":"<p>Yaln\u0131zca T\u00fcrk resim sanat\u0131 tarihine de\u011fil, g\u00fczel sanatlar e\u011fitiminin, arkeoloji biliminin ve m\u00fczecili\u011fin geli\u015fim s\u00fcrecine de damgas\u0131n\u0131 vuran Osman Hamdi Bey, eserleriyle ve ya\u015fant\u0131s\u0131yla halen pek \u00e7ok ara\u015ft\u0131rmac\u0131n\u0131n ilgi oda\u011f\u0131nda yer al\u0131yor. Osmanl\u0131 Devleti\u2019nin ilk g\u00fczel sanatlar okulu San\u00e2yi-i Nef\u00eese Mektebi\u2019nin kurucusu Osman Hamdi Bey, sanatta Bat\u0131\u2019ya a\u00e7\u0131l\u0131\u015f\u0131n simge ismi olarak biliniyor. Gerek \u0130stanbul Arkeoloji M\u00fczesi\u2019nin kurulmas\u0131 y\u00f6n\u00fcnde att\u0131\u011f\u0131 ad\u0131mlarla gerekse eski eserlerin korunmas\u0131 konusunda gerekli nizamnamelerin y\u00fcr\u00fcrl\u00fc\u011fe girmesini sa\u011flamaya y\u00f6nelik b\u00fcy\u00fck \u00e7abalar\u0131yla Osman Hamdi Bey, toplumun k\u00fclt\u00fcrel miras bilincinin geli\u015fmesinde halen son derece \u00f6nemli bir rol oynuyor.   Hayalperest Yay\u0131nevi\u2019nin haz\u0131rlad\u0131\u011f\u0131 \u201cT\u00fcrk Sanat\u0131n\u0131n B\u00fcy\u00fck Ustalar\u0131\u201d serisinin \u00fc\u00e7\u00fcnc\u00fc kitab\u0131 Osman Hamdi Bey, a\u00e7\u0131k fikirli ve vizyon sahibi bir ki\u015fili\u011fi olan ressam\u0131n \u00fcretken ya\u015fam\u0131ndan kesitler sunuyor. Okuru, ressam, ara\u015ft\u0131rmac\u0131, bilim insan\u0131, iyi bir okur ve entelekt\u00fcel oldu\u011fu kadar Eskihisar\u2019\u0131n huzurlu ortam\u0131nda do\u011fayla, mahallesinin esnaf\u0131yla, ailesiyle dingin bir ya\u015fam ge\u00e7irmekten ho\u015flanan aile babas\u0131 da olan Osman Hamdi Bey\u2019le tan\u0131\u015ft\u0131r\u0131yor. Okurun, Osman Hamdi Bey\u2019in eserlerine bakarken onun engin zihninin derinliklerinde de dola\u015fabilmesini sa\u011flayan ipu\u00e7lar\u0131n\u0131 veriyor.<\/p>\n","protected":false},"excerpt":{"rendered":"<p>Yaln\u0131zca T\u00fcrk resim sanat\u0131 tarihine de\u011fil, g\u00fczel sanatlar e\u011fitiminin, arkeoloji biliminin ve m\u00fczecili\u011fin geli\u015fim s\u00fcrecine de damgas\u0131n\u0131 vuran Osman Hamdi Bey, eserleriyle ve ya\u015fant\u0131s\u0131yla halen pek<span class=\"excerpt-hellip\"> [\u2026]<\/span><\/p>\n","protected":false},"featured_media":0,"template":"","meta":{"_monsterinsights_skip_tracking":false,"_monsterinsights_sitenote_active":false,"_monsterinsights_sitenote_note":"","_monsterinsights_sitenote_category":0},"product_brand":[],"product_cat":[44608,12408],"product_tag":[],"class_list":{"0":"post-740459","1":"product","2":"type-product","3":"status-publish","5":"product_cat-diger-sanat","6":"product_cat-sanat","7":"pa_cilt-ciltsiz","8":"pa_tur-kitap","9":"pa_yayinevi-hayalperest-yayinlari","10":"pa_yazar-nilufer-ondin","12":"first","13":"instock","14":"sale","15":"shipping-taxable","16":"purchasable","17":"product-type-simple"},"_links":{"self":[{"href":"https:\/\/roveyayinevi.com.tr\/index.php\/wp-json\/wp\/v2\/product\/740459","targetHints":{"allow":["GET"]}}],"collection":[{"href":"https:\/\/roveyayinevi.com.tr\/index.php\/wp-json\/wp\/v2\/product"}],"about":[{"href":"https:\/\/roveyayinevi.com.tr\/index.php\/wp-json\/wp\/v2\/types\/product"}],"wp:attachment":[{"href":"https:\/\/roveyayinevi.com.tr\/index.php\/wp-json\/wp\/v2\/media?parent=740459"}],"wp:term":[{"taxonomy":"product_brand","embeddable":true,"href":"https:\/\/roveyayinevi.com.tr\/index.php\/wp-json\/wp\/v2\/product_brand?post=740459"},{"taxonomy":"product_cat","embeddable":true,"href":"https:\/\/roveyayinevi.com.tr\/index.php\/wp-json\/wp\/v2\/product_cat?post=740459"},{"taxonomy":"product_tag","embeddable":true,"href":"https:\/\/roveyayinevi.com.tr\/index.php\/wp-json\/wp\/v2\/product_tag?post=740459"}],"curies":[{"name":"wp","href":"https:\/\/api.w.org\/{rel}","templated":true}]}}