{"id":740458,"date":"2025-08-28T00:27:27","date_gmt":"2025-08-27T21:27:27","guid":{"rendered":"https:\/\/roveyayinevi.com.tr\/index.php\/urun\/turk-sanatinin-buyuk-ustalari-4-halil-pasa\/"},"modified":"2026-03-12T02:59:49","modified_gmt":"2026-03-11T23:59:49","slug":"turk-sanatinin-buyuk-ustalari-4-halil-pasa","status":"publish","type":"product","link":"https:\/\/roveyayinevi.com.tr\/index.php\/urun\/turk-sanatinin-buyuk-ustalari-4-halil-pasa\/","title":{"rendered":"T\u00fcrk Sanat\u0131n\u0131n B\u00fcy\u00fck Ustalar\u0131 4  Halil Pa\u015fa"},"content":{"rendered":"<p>T\u00fcrk resim sanat\u0131nda Asker Ressamlar Ku\u015fa\u011f\u0131\u2019n\u0131n \u00f6nemli temsilcilerinden Halil Pa\u015fa, \u00f6zellikle \u0131\u015f\u0131\u011f\u0131n ve rengin etkile\u015fimine odaklanan resimleriyle \u00e7a\u011fda\u015flar\u0131 aras\u0131nda \u00f6ne \u00e7\u0131k\u0131yor. Renk, \u0131\u015f\u0131k-g\u00f6lge dengesi gibi konularda sahip oldu\u011fu teknik bilgi ve beceri sayesinde yapt\u0131\u011f\u0131 eserlerle dikkat \u00e7eken Halil Pa\u015fa\u2019n\u0131n 1889 tarihli Uluslararas\u0131 Paris Sergisi\u2019nde bronz madalya kazanan Madam X adl\u0131 resmi, g\u00fcn\u00fcm\u00fczde sergilendi\u011fi Sak\u0131p Sabanc\u0131 M\u00fczesi\u2019nde izleyicileri etkilemeye devam ediyor. \u00c7ok sevdi\u011fi \u0130stanbul\u2019un ve Kahire\u2019nin \u00e7e\u015fitli semtlerinden manzaralar\u0131 g\u00fcn\u00fcn farkl\u0131 saatlerinde ve farkl\u0131 \u0131\u015f\u0131k alt\u0131nda, a\u00e7\u0131k havada resim yaparak tuvale aktaran Halil Pa\u015fa, e\u011fitimci olarak da T\u00fcrk resim sanat\u0131 tarihinde de\u011ferli bir yer tutuyor. Pek \u00e7ok askeri ve sivil okulda e\u011fitim veren, San\u00e2yi-i Nef\u00eese Mektebi\u2019nde m\u00fcd\u00fcrl\u00fck yapan Halil Pa\u015fa\u2019n\u0131n, M\u00fcfide Kadri ba\u015fta olmak \u00fczere \u00e7e\u015fitli kad\u0131n ressamlar\u0131n sanat e\u011fitiminde b\u00fcy\u00fck bir pay\u0131 oldu\u011fu biliniyor. <\/p>\n","protected":false},"excerpt":{"rendered":"<p>T\u00fcrk resim sanat\u0131nda Asker Ressamlar Ku\u015fa\u011f\u0131\u2019n\u0131n \u00f6nemli temsilcilerinden Halil Pa\u015fa, \u00f6zellikle \u0131\u015f\u0131\u011f\u0131n ve rengin etkile\u015fimine odaklanan resimleriyle \u00e7a\u011fda\u015flar\u0131 aras\u0131nda \u00f6ne \u00e7\u0131k\u0131yor. Renk, \u0131\u015f\u0131k-g\u00f6lge dengesi gibi konularda<span class=\"excerpt-hellip\"> [\u2026]<\/span><\/p>\n","protected":false},"featured_media":0,"template":"","meta":{"_monsterinsights_skip_tracking":false,"_monsterinsights_sitenote_active":false,"_monsterinsights_sitenote_note":"","_monsterinsights_sitenote_category":0},"product_brand":[],"product_cat":[44608,12408],"product_tag":[],"class_list":{"0":"post-740458","1":"product","2":"type-product","3":"status-publish","5":"product_cat-diger-sanat","6":"product_cat-sanat","7":"pa_cilt-ciltsiz","8":"pa_tur-kitap","9":"pa_yayinevi-hayalperest-yayinlari","10":"pa_yazar-nilufer-ondin","12":"first","13":"instock","14":"sale","15":"shipping-taxable","16":"purchasable","17":"product-type-simple"},"_links":{"self":[{"href":"https:\/\/roveyayinevi.com.tr\/index.php\/wp-json\/wp\/v2\/product\/740458","targetHints":{"allow":["GET"]}}],"collection":[{"href":"https:\/\/roveyayinevi.com.tr\/index.php\/wp-json\/wp\/v2\/product"}],"about":[{"href":"https:\/\/roveyayinevi.com.tr\/index.php\/wp-json\/wp\/v2\/types\/product"}],"wp:attachment":[{"href":"https:\/\/roveyayinevi.com.tr\/index.php\/wp-json\/wp\/v2\/media?parent=740458"}],"wp:term":[{"taxonomy":"product_brand","embeddable":true,"href":"https:\/\/roveyayinevi.com.tr\/index.php\/wp-json\/wp\/v2\/product_brand?post=740458"},{"taxonomy":"product_cat","embeddable":true,"href":"https:\/\/roveyayinevi.com.tr\/index.php\/wp-json\/wp\/v2\/product_cat?post=740458"},{"taxonomy":"product_tag","embeddable":true,"href":"https:\/\/roveyayinevi.com.tr\/index.php\/wp-json\/wp\/v2\/product_tag?post=740458"}],"curies":[{"name":"wp","href":"https:\/\/api.w.org\/{rel}","templated":true}]}}