{"id":740456,"date":"2025-08-28T00:27:24","date_gmt":"2025-08-27T21:27:24","guid":{"rendered":"https:\/\/roveyayinevi.com.tr\/index.php\/urun\/tufan-gorundu\/"},"modified":"2026-04-16T02:51:18","modified_gmt":"2026-04-15T23:51:18","slug":"tufan-gorundu","status":"publish","type":"product","link":"https:\/\/roveyayinevi.com.tr\/index.php\/urun\/tufan-gorundu\/","title":{"rendered":"Tufan G\u00f6r\u00fcnd\u00fc"},"content":{"rendered":"<p>Bu kitapta esas olarak \u00fcst\u00fcnde durdu\u011fum noktalar \u015funlar: 1. Neoliberalizm \u00e7a\u011f\u0131nda bilginin \u00fcretilmesi, iletilmesi ve da\u011f\u0131t\u0131lmas\u0131nda ya\u015fanan ve entelekt\u00fcel m\u00fclkiyet, medya ve \u00fcniversite \u00e7evresinde yo\u011funla\u015fan derin kriz; 2. Buna ba\u011fl\u0131 olarak \u201cHakikat\u201d dedi\u011fimiz, ba\u015flang\u0131c\u0131ndan bug\u00fcne felsefenin esas konusunu te\u015fkil eden ve birbirimizle anla\u015fabilmemiz i\u00e7in zorunlu olan kavramsal zemini olu\u015fturan \u015feyin kaybolma e\u011filimine girmesi; ve 3. \u201cPop\u00fclizm\u201d diye adland\u0131rd\u0131\u011f\u0131m\u0131z, bir bak\u0131ma biny\u0131llard\u0131r \u00e7e\u015fitli adlar alt\u0131nda varolan, ama daha somut bir a\u00e7\u0131dan bak\u0131ld\u0131\u011f\u0131nda da son yar\u0131m y\u00fczy\u0131ld\u0131r h\u0131zla y\u00fckselen yeni politik\/k\u00fclt\u00fcrel olu\u015fum(lar). Bunlar asl\u0131nda yapmam\u0131z gereken tart\u0131\u015fmaya bir \u00f6ns\u00f6z bile say\u0131lmaz; daha ziyade bir d\u00f6k\u00fcm, baz\u0131 sorular\u0131n, baz\u0131 metodoloji aray\u0131\u015flar\u0131n\u0131n y\u00fcksek sesle s\u00f6ylenmesi. Bundan sonras\u0131n\u0131 ise bu konular\u0131n t\u00fcm\u00fcnde s\u00f6yleyebileceklerimiz, yapacaklar\u0131m\u0131z belirleyecek; \u00e7\u00fcnk\u00fc m\u00fccadelenin sonucunda ne olaca\u011f\u0131, m\u00fccadele boyunca yap\u0131lanlar\u0131n ta kendisidir, ne eksik ne fazla.   Mutlaka ka\u00e7\u0131nmam\u0131z gereken tek \u015fey ise susup (ya da birka\u00e7 y\u00fczy\u0131ld\u0131r ezberledi\u011fimiz kli\u015feleri tekrarlamakla yetinip) olacaklar\u0131 seyretmek ve tarihin m\u00fcthi\u015f bir iyi niyet ve merhametle bizi masum seyirciler, elinden bir \u015fey gelmeyen g\u00f6zlemciler ya da \u201cyenik kahramanlar\u201d olarak yarg\u0131lamas\u0131n\u0131 \u00e7aresizce beklemek.   \u2014 B\u00fclent Somay      YAZAR HAKKINDA: 1956\u2019da \u0130stanbul\u2019da do\u011fdu. \u0130ngiliz Dili ve Edebiyat\u0131 alan\u0131nda Lisans ve Y\u00fcksek Lisans (Bo\u011fazi\u00e7i \u00dcniversitesi 1978, 1981), Psikososyal \u00c7al\u0131\u015fmalar alan\u0131nda Doktora derecesi (Birkbeck College, 2013) sahibidir. 2000-2017 y\u0131llar\u0131 aras\u0131nda \u0130stanbul Bilgi \u00dcniversitesi\u2019nde Kar\u015f\u0131la\u015ft\u0131rmal\u0131 Edebiyat ve K\u00fclt\u00fcrel \u0130ncelemeler konular\u0131nda dersler verdi, 2008-2017 y\u0131llar\u0131 aras\u0131nda K\u00fclt\u00fcrel \u0130ncelemeler Y\u00fcksek Lisans Program\u0131 Direkt\u00f6rl\u00fc\u011f\u00fc yapt\u0131. T\u00fcrk\u00e7e ve \u0130ngilizce \u00e7ok say\u0131da kitab\u0131 olan Somay\u2019 \u0131n Beyond Family: A Case for Another Regime of Reproduction, Sexuality and Kinship (Ailenin \u00d6tesi: Ba\u015fka Bir \u00dcreme, Cinsellik ve Karde\u015flik D\u00fczeni i\u00e7in \u00d6neriler) adl\u0131 kitab\u0131 2022\u2019 de yay\u0131mlanacak. 2017\u2019den beri T\u00fcrkiye d\u0131\u015f\u0131nda, 2021\u2019den bu yana da Berlin, Off-University\u2019de \u00e7al\u0131\u015fmaktad\u0131r. PLANLANMI\u015e REKLAM \u00c7ALI\u015eMALARI: Kitap eki ilanlar\u0131. <\/p>\n","protected":false},"excerpt":{"rendered":"<p>Bu kitapta esas olarak \u00fcst\u00fcnde durdu\u011fum noktalar \u015funlar: 1. Neoliberalizm \u00e7a\u011f\u0131nda bilginin \u00fcretilmesi, iletilmesi ve da\u011f\u0131t\u0131lmas\u0131nda ya\u015fanan ve entelekt\u00fcel m\u00fclkiyet, medya ve \u00fcniversite \u00e7evresinde yo\u011funla\u015fan derin<span class=\"excerpt-hellip\"> [\u2026]<\/span><\/p>\n","protected":false},"featured_media":0,"template":"","meta":{"_monsterinsights_skip_tracking":false,"_monsterinsights_sitenote_active":false,"_monsterinsights_sitenote_note":"","_monsterinsights_sitenote_category":0},"product_brand":[],"product_cat":[12388,15536],"product_tag":[],"class_list":{"0":"post-740456","1":"product","2":"type-product","3":"status-publish","5":"product_cat-felsefe","6":"product_cat-siyaset-felsefesi","7":"pa_cilt-ciltsiz","8":"pa_tur-kitap","9":"pa_yayinevi-metis-yayinlari","10":"pa_yazar-bulent-somay","12":"first","13":"instock","14":"sale","15":"shipping-taxable","16":"purchasable","17":"product-type-simple"},"_links":{"self":[{"href":"https:\/\/roveyayinevi.com.tr\/index.php\/wp-json\/wp\/v2\/product\/740456","targetHints":{"allow":["GET"]}}],"collection":[{"href":"https:\/\/roveyayinevi.com.tr\/index.php\/wp-json\/wp\/v2\/product"}],"about":[{"href":"https:\/\/roveyayinevi.com.tr\/index.php\/wp-json\/wp\/v2\/types\/product"}],"wp:attachment":[{"href":"https:\/\/roveyayinevi.com.tr\/index.php\/wp-json\/wp\/v2\/media?parent=740456"}],"wp:term":[{"taxonomy":"product_brand","embeddable":true,"href":"https:\/\/roveyayinevi.com.tr\/index.php\/wp-json\/wp\/v2\/product_brand?post=740456"},{"taxonomy":"product_cat","embeddable":true,"href":"https:\/\/roveyayinevi.com.tr\/index.php\/wp-json\/wp\/v2\/product_cat?post=740456"},{"taxonomy":"product_tag","embeddable":true,"href":"https:\/\/roveyayinevi.com.tr\/index.php\/wp-json\/wp\/v2\/product_tag?post=740456"}],"curies":[{"name":"wp","href":"https:\/\/api.w.org\/{rel}","templated":true}]}}