{"id":740455,"date":"2025-08-28T00:27:23","date_gmt":"2025-08-27T21:27:23","guid":{"rendered":"https:\/\/roveyayinevi.com.tr\/index.php\/urun\/dokuz-evin-kedisi\/"},"modified":"2026-04-16T02:51:18","modified_gmt":"2026-04-15T23:51:18","slug":"dokuz-evin-kedisi","status":"publish","type":"product","link":"https:\/\/roveyayinevi.com.tr\/index.php\/urun\/dokuz-evin-kedisi\/","title":{"rendered":"Dokuz Evin Kedisi"},"content":{"rendered":"<p>Bir kedinin sahibi de\u011fil, insan\u0131 olursunuz.\u00dcretken yazar Koray Avc\u0131 \u00c7akman, Dokuz Evin Kedisi&#8217;nde, y\u00fcre\u011finin miyav\u0131n\u0131 bulmak i\u00e7in yuvas\u0131ndan, ailesinden ayr\u0131lan pofidik bir kedinin g\u00f6z\u00fcnden bakmam\u0131z\u0131 sa\u011fl\u0131yor d\u00fcnyaya. \u0130\u00e7 i\u00e7e ge\u00e7mi\u015f \u00f6yk\u00fclerden olu\u015fan roman; tek bir eve ya da insana ba\u011fl\u0131 kalamayacak kadar \u00f6zg\u00fcr ruhlu bir tekirin zarif ad\u0131mlar\u0131n\u0131n pe\u015finde, kedi akl\u0131n\u0131n kabullenmekte zorlanaca\u011f\u0131 derin meseleleri sorguluyor. Okuru dokuz ayr\u0131 kap\u0131n\u0131n ard\u0131nda ya\u015fayan dokuz farkl\u0131 kediseverin hayat\u0131na konuk eden kitap, sahipli ve sahipsiz hayvanlar\u0131n g\u00fcnl\u00fck ya\u015famlar\u0131na ayna tutarken \u015fehirli insanlar\u0131n hayvanlarla olan ili\u015fkisine de ayr\u0131 bir parantez a\u00e7\u0131yor.Gezgin, \u00f6zg\u00fcrl\u00fck d\u00fc\u015fk\u00fcnl\u00fc\u011f\u00fc \u00fc\u00e7 kediye bedel, sadece fikren de\u011fil fiziken de farkl\u0131 bir tekirdir. Kedi merak\u0131 kabard\u0131k\u00e7a d\u00fcnyaya kar\u015f\u0131 ilgisi artar. Yuvas\u0131na daha fazla s\u0131\u011famayaca\u011f\u0131n\u0131 anlad\u0131\u011f\u0131 bir g\u00fcn, gelece\u011fini d\u0131\u015far\u0131da aramaya karar verir. \u00c7at\u0131lara t\u0131rman\u0131r, sokaklar boyu ko\u015far ve hatta denizlere bile a\u00e7\u0131l\u0131r. Kar\u015f\u0131la\u015ft\u0131\u011f\u0131, tan\u0131\u015ft\u0131\u011f\u0131 herkesin hayat\u0131na dokunur. K\u0131sa s\u00fcrede, ge\u00e7mi\u015f g\u00fczel an\u0131larda ya\u015fayan Bayan Akide \u015eekeri&#8217;nin, m\u00fcltecili\u011fin izlerini \u00e7ocuk ruhunda ta\u015f\u0131maktan yorgun d\u00fc\u015fen k\u00fc\u00e7\u00fck Heme&#8217;nin, \u00e7\u00f6p kutular\u0131n\u0131n g\u00f6n\u00fcll\u00fc sakini Baraka Adam&#8217;\u0131n, Halikarnas Bal\u0131k\u00e7\u0131s\u0131&#8217;n\u0131n izinde yelken a\u00e7an gizemli bir kaptan\u0131n ve daha nice kedi dostunun yolda\u015f\u0131 olur. \u0130nsanlar\u0131 kalbiyle dinlemeyi bilen Gezgin; dokuz ayr\u0131 evde, dokuz ayr\u0131 adla \u00e7a\u011fr\u0131lan bir kediye d\u00f6n\u00fc\u015f\u00fcr. \u00c7\u0131kt\u0131\u011f\u0131 ke\u015fif yolunda bir\u00e7ok evi, bir\u00e7ok insan\u0131 vard\u0131r art\u0131k. Her \u015fey tam da hayal etti\u011fi gibidir&#8230; Kedilerin d\u00fcnyas\u0131n\u0131 t\u0131rm\u0131klar, miyavlar, yumu\u015fac\u0131k yast\u0131klar ve leziz mi leziz mamalardan \u00e7ok daha \u00f6teye ta\u015f\u0131yan bu ser\u00fcven dolu roman, g\u00f6r\u00fcnmez bir yumakla birbirine ba\u011flanm\u0131\u015f dokuz ayr\u0131 insan\u0131n hayat\u0131n\u0131n merkezine yerle\u015fen bir kedinin kendini ger\u00e7ekle\u015ftirme hik\u00e2yesini payla\u015f\u0131yor.&#8221;\u015eehirler ne kedisiz ne de insans\u0131z olur,&#8221; fikri \u00fcst\u00fcne kurulu reng\u00e2renk bir anlat\u0131 sunan Dokuz Evin Kedisi, h\u00fcz\u00fcnl\u00fc sat\u0131rlarda bile y\u00fczlerde tatl\u0131 bir tebess\u00fcm b\u0131rakmay\u0131 ba\u015far\u0131yor.Ne de olsa hayat dedi\u011fin, iki hav bir miyav!<\/p>\n","protected":false},"excerpt":{"rendered":"<p>Bir kedinin sahibi de\u011fil, insan\u0131 olursunuz.\u00dcretken yazar Koray Avc\u0131 \u00c7akman, Dokuz Evin Kedisi&#8217;nde, y\u00fcre\u011finin miyav\u0131n\u0131 bulmak i\u00e7in yuvas\u0131ndan, ailesinden ayr\u0131lan pofidik bir kedinin g\u00f6z\u00fcnden bakmam\u0131z\u0131 sa\u011fl\u0131yor<span class=\"excerpt-hellip\"> [\u2026]<\/span><\/p>\n","protected":false},"featured_media":0,"template":"","meta":{"_monsterinsights_skip_tracking":false,"_monsterinsights_sitenote_active":false,"_monsterinsights_sitenote_note":"","_monsterinsights_sitenote_category":0},"product_brand":[],"product_cat":[12274,12284],"product_tag":[],"class_list":{"0":"post-740455","1":"product","2":"type-product","3":"status-publish","5":"product_cat-cocuk-ve-genclik-kitaplari","6":"product_cat-hikayeler","7":"pa_cilt-ciltsiz","8":"pa_tur-kitap","9":"pa_yayinevi-tudem-yayinlari","10":"pa_yazar-koray-avci-cakman","12":"first","13":"instock","14":"sale","15":"shipping-taxable","16":"purchasable","17":"product-type-simple"},"_links":{"self":[{"href":"https:\/\/roveyayinevi.com.tr\/index.php\/wp-json\/wp\/v2\/product\/740455","targetHints":{"allow":["GET"]}}],"collection":[{"href":"https:\/\/roveyayinevi.com.tr\/index.php\/wp-json\/wp\/v2\/product"}],"about":[{"href":"https:\/\/roveyayinevi.com.tr\/index.php\/wp-json\/wp\/v2\/types\/product"}],"wp:attachment":[{"href":"https:\/\/roveyayinevi.com.tr\/index.php\/wp-json\/wp\/v2\/media?parent=740455"}],"wp:term":[{"taxonomy":"product_brand","embeddable":true,"href":"https:\/\/roveyayinevi.com.tr\/index.php\/wp-json\/wp\/v2\/product_brand?post=740455"},{"taxonomy":"product_cat","embeddable":true,"href":"https:\/\/roveyayinevi.com.tr\/index.php\/wp-json\/wp\/v2\/product_cat?post=740455"},{"taxonomy":"product_tag","embeddable":true,"href":"https:\/\/roveyayinevi.com.tr\/index.php\/wp-json\/wp\/v2\/product_tag?post=740455"}],"curies":[{"name":"wp","href":"https:\/\/api.w.org\/{rel}","templated":true}]}}