{"id":740453,"date":"2025-08-28T00:27:20","date_gmt":"2025-08-27T21:27:20","guid":{"rendered":"https:\/\/roveyayinevi.com.tr\/index.php\/urun\/ilk-sayilarim-cikartma-ve-etkinlik-kitabi\/"},"modified":"2026-04-16T02:51:18","modified_gmt":"2026-04-15T23:51:18","slug":"ilk-sayilarim-cikartma-ve-etkinlik-kitabi","status":"publish","type":"product","link":"https:\/\/roveyayinevi.com.tr\/index.php\/urun\/ilk-sayilarim-cikartma-ve-etkinlik-kitabi\/","title":{"rendered":"\u0130lk Say\u0131lar\u0131m \u00c7\u0131kartma Ve Etkinlik Kitab\u0131"},"content":{"rendered":"<p>Okul \u00f6ncesi \u00f6\u011frenme geli\u015fiminin desteklenmesi amac\u0131yla tasarlanm\u0131\u015f bu keyifli kitap, \u00e7ocuklar\u0131 e\u011flenceli say\u0131 sayma ve say\u0131lar\u0131 tan\u0131ma etkinlikleriyle tan\u0131\u015ft\u0131rmaktad\u0131r. Bu g\u00fczel etkinlik kitab\u0131, elliden fazla harika \u00e7\u0131kartma ve \u00f6zel \u00f6d\u00fcl \u00e7\u0131kartmalar\u0131 sayesinde evde e\u011flenerek \u00f6\u011frenirken en b\u00fcy\u00fck yard\u0131mc\u0131lar\u0131n\u0131zdan biri olacak.. <\/p>\n","protected":false},"excerpt":{"rendered":"<p>Okul \u00f6ncesi \u00f6\u011frenme geli\u015fiminin desteklenmesi amac\u0131yla tasarlanm\u0131\u015f bu keyifli kitap, \u00e7ocuklar\u0131 e\u011flenceli say\u0131 sayma ve say\u0131lar\u0131 tan\u0131ma etkinlikleriyle tan\u0131\u015ft\u0131rmaktad\u0131r. Bu g\u00fczel etkinlik kitab\u0131, elliden fazla harika<span class=\"excerpt-hellip\"> [\u2026]<\/span><\/p>\n","protected":false},"featured_media":0,"template":"","meta":{"_monsterinsights_skip_tracking":false,"_monsterinsights_sitenote_active":false,"_monsterinsights_sitenote_note":"","_monsterinsights_sitenote_category":0},"product_brand":[],"product_cat":[12274,15842],"product_tag":[],"class_list":{"0":"post-740453","1":"product","2":"type-product","3":"status-publish","5":"product_cat-cocuk-ve-genclik-kitaplari","6":"product_cat-egitici-kitaplar","7":"pa_cilt-ciltsiz","8":"pa_tur-kitap","9":"pa_yayinevi-is-bankasi-kultur-yayinlari","10":"pa_yazar-is-bankasi-kultur-yayinlari-kolektif","12":"first","13":"instock","14":"sale","15":"shipping-taxable","16":"purchasable","17":"product-type-simple"},"_links":{"self":[{"href":"https:\/\/roveyayinevi.com.tr\/index.php\/wp-json\/wp\/v2\/product\/740453","targetHints":{"allow":["GET"]}}],"collection":[{"href":"https:\/\/roveyayinevi.com.tr\/index.php\/wp-json\/wp\/v2\/product"}],"about":[{"href":"https:\/\/roveyayinevi.com.tr\/index.php\/wp-json\/wp\/v2\/types\/product"}],"wp:attachment":[{"href":"https:\/\/roveyayinevi.com.tr\/index.php\/wp-json\/wp\/v2\/media?parent=740453"}],"wp:term":[{"taxonomy":"product_brand","embeddable":true,"href":"https:\/\/roveyayinevi.com.tr\/index.php\/wp-json\/wp\/v2\/product_brand?post=740453"},{"taxonomy":"product_cat","embeddable":true,"href":"https:\/\/roveyayinevi.com.tr\/index.php\/wp-json\/wp\/v2\/product_cat?post=740453"},{"taxonomy":"product_tag","embeddable":true,"href":"https:\/\/roveyayinevi.com.tr\/index.php\/wp-json\/wp\/v2\/product_tag?post=740453"}],"curies":[{"name":"wp","href":"https:\/\/api.w.org\/{rel}","templated":true}]}}