{"id":740452,"date":"2025-08-28T00:27:19","date_gmt":"2025-08-27T21:27:19","guid":{"rendered":"https:\/\/roveyayinevi.com.tr\/index.php\/urun\/brain-teasers-zihin-acan-sorular\/"},"modified":"2026-04-16T02:51:18","modified_gmt":"2026-04-15T23:51:18","slug":"brain-teasers-zihin-acan-sorular","status":"publish","type":"product","link":"https:\/\/roveyayinevi.com.tr\/index.php\/urun\/brain-teasers-zihin-acan-sorular\/","title":{"rendered":"Brain Teasers &#8211; Zihin A\u00e7an Sorular"},"content":{"rendered":"<p>Bilsem ve Kanguru Matematik S\u0131nav\u0131 i\u00e7in IQ Brain Teasers  Zihin A\u00e7an Sorular\u00c7ocuklar\u0131n \u00e7ok sevece\u011fi dikkat ve zeka g\u00fc\u00e7lendirme bulmacalar\u0131yla dopdolu! Silinebilir tahta kalemiyle kartlar\u0131n \u00fczerine yazabilir veya cevaba ula\u015fabilirsiniz. Brain Teasers Zihin a\u00e7an sorular bilsem ve kanguru matematik s\u0131nav\u0131nda en \u00e7ok \u00e7\u0131kan soru tarzlar\u0131 i\u00e7erirken ayn\u0131 zamanda zeka geli\u015fimine katk\u0131 sa\u011fl\u0131yor. Ayr\u0131ca tak \u00e7ek kontrol paneli sayesinde sorular\u0131n cevaplar\u0131n\u0131 kendi kendinize kontrol etme f\u0131rsat\u0131 veriyor. Dikkat At\u00f6lyesi Yay\u0131nlar\u0131ndan \u00e7\u0131kan Brain Teasers Zihin A\u00e7an Sorular aktivite kartlar\u0131 \u00e7ift tarafl\u0131d\u0131r. Her y\u00fcz\u00fcnde farkl\u0131 soru tipleri yer al\u0131yor. Zihin a\u00e7an sorular zeka geli\u015fimi, mant\u0131k ve muhakeme, d\u00fc\u015f\u00fcnme becerisi, dikkat ve odaklanma gibi alanlar\u0131n geli\u015fmesine yard\u0131mc\u0131 oluyor. Brain Teasers Zihin A\u00e7an Sorular aktivite kartlar\u0131 bilsem haz\u0131rl\u0131k veya kanguru matematik s\u0131nav\u0131na haz\u0131rlanan \u00f6\u011frenciler i\u00e7in ya da zeka geli\u015fimini desteklemek i\u00e7in \u00e7ocuklar\u0131n zihinsel s\u00fcre\u00e7leri ve ya\u015f \u00f6zellikleri dikkate al\u0131narak haz\u0131rland\u0131. Kutu i\u00e7eri\u011fi :- Tak \u00e7ek kontrol panelli kutu- 54 g\u00f6rev kart\u0131- 106 aktivite- Yaz sil kalemYa\u015f Grubu : 6 &#8211; 10 ya\u015f uygundur.<\/p>\n","protected":false},"excerpt":{"rendered":"<p>Bilsem ve Kanguru Matematik S\u0131nav\u0131 i\u00e7in IQ Brain Teasers Zihin A\u00e7an Sorular\u00c7ocuklar\u0131n \u00e7ok sevece\u011fi dikkat ve zeka g\u00fc\u00e7lendirme bulmacalar\u0131yla dopdolu! Silinebilir tahta kalemiyle kartlar\u0131n \u00fczerine yazabilir<span class=\"excerpt-hellip\"> [\u2026]<\/span><\/p>\n","protected":false},"featured_media":0,"template":"","meta":{"_monsterinsights_skip_tracking":false,"_monsterinsights_sitenote_active":false,"_monsterinsights_sitenote_note":"","_monsterinsights_sitenote_category":0},"product_brand":[],"product_cat":[12274,24599],"product_tag":[],"class_list":{"0":"post-740452","1":"product","2":"type-product","3":"status-publish","5":"product_cat-cocuk-ve-genclik-kitaplari","6":"product_cat-zeka-gelisimi","7":"pa_cilt-ciltsiz","8":"pa_tur-kitap10","9":"pa_yayinevi-dikkat-atolyesi-yayinlari","10":"pa_yazar-kolektif","12":"first","13":"instock","14":"sale","15":"shipping-taxable","16":"purchasable","17":"product-type-simple"},"_links":{"self":[{"href":"https:\/\/roveyayinevi.com.tr\/index.php\/wp-json\/wp\/v2\/product\/740452","targetHints":{"allow":["GET"]}}],"collection":[{"href":"https:\/\/roveyayinevi.com.tr\/index.php\/wp-json\/wp\/v2\/product"}],"about":[{"href":"https:\/\/roveyayinevi.com.tr\/index.php\/wp-json\/wp\/v2\/types\/product"}],"wp:attachment":[{"href":"https:\/\/roveyayinevi.com.tr\/index.php\/wp-json\/wp\/v2\/media?parent=740452"}],"wp:term":[{"taxonomy":"product_brand","embeddable":true,"href":"https:\/\/roveyayinevi.com.tr\/index.php\/wp-json\/wp\/v2\/product_brand?post=740452"},{"taxonomy":"product_cat","embeddable":true,"href":"https:\/\/roveyayinevi.com.tr\/index.php\/wp-json\/wp\/v2\/product_cat?post=740452"},{"taxonomy":"product_tag","embeddable":true,"href":"https:\/\/roveyayinevi.com.tr\/index.php\/wp-json\/wp\/v2\/product_tag?post=740452"}],"curies":[{"name":"wp","href":"https:\/\/api.w.org\/{rel}","templated":true}]}}